{"id":10066,"date":"2025-12-20T13:33:01","date_gmt":"2025-12-20T12:33:01","guid":{"rendered":"https:\/\/jasnatuta.com\/?page_id=10066"},"modified":"2026-01-26T08:06:01","modified_gmt":"2026-01-26T07:06:01","slug":"sailing-reset-it","status":"publish","type":"page","link":"https:\/\/jasnatuta.com\/it\/sailing-reset-it\/","title":{"rendered":"Sailing Reset"},"content":{"rendered":"\t\t<div data-elementor-type=\"wp-page\" data-elementor-id=\"10066\" class=\"elementor elementor-10066\" data-elementor-post-type=\"page\">\n\t\t\t\t<div class=\"elementor-element elementor-element-d8a10b2 e-flex e-con-boxed e-con e-parent\" data-id=\"d8a10b2\" data-element_type=\"container\" data-e-type=\"container\">\n\t\t\t\t\t<div class=\"e-con-inner\">\n\t\t\t\t<div class=\"elementor-element elementor-element-f5e60db elementor-widget elementor-widget-heading\" data-id=\"f5e60db\" data-element_type=\"widget\" data-e-type=\"widget\" data-widget_type=\"heading.default\">\n\t\t\t\t<div class=\"elementor-widget-container\">\n\t\t\t\t\t<h2 class=\"elementor-heading-title elementor-size-default\">Un viaggio in mare per resettare corpo, anima e spirito<\/h2>\t\t\t\t<\/div>\n\t\t\t\t<\/div>\n\t\t\t\t\t<\/div>\n\t\t\t\t<\/div>\n\t\t<div class=\"elementor-element elementor-element-02d760d e-con-full e-flex e-con e-parent\" data-id=\"02d760d\" data-element_type=\"container\" data-e-type=\"container\">\n\t\t<div class=\"elementor-element elementor-element-e63ffee e-con-full e-flex e-con e-child\" data-id=\"e63ffee\" data-element_type=\"container\" data-e-type=\"container\">\n\t\t\t\t<div class=\"elementor-element elementor-element-5ae103f elementor-widget elementor-widget-text-editor\" data-id=\"5ae103f\" data-element_type=\"widget\" data-e-type=\"widget\" data-widget_type=\"text-editor.default\">\n\t\t\t\t<div class=\"elementor-widget-container\">\n\t\t\t\t\t\t\t\t\t<p data-start=\"212\" data-end=\"347\">Tutti abbiamo bisogno di staccare, ogni tanto.<br data-start=\"258\" data-end=\"261\" \/>Il problema \u00e8 che non sempre troviamo il modo, il luogo o il momento giusto per farlo.<\/p><p data-start=\"349\" data-end=\"554\">Io sono convinta che non esista posto migliore della natura. Un bosco, il deserto, il mare: sono luoghi dove ritroviamo un ingrediente ormai rarissimo, ma indispensabile per riposare davvero \u2014 <strong>il silenzio<\/strong>.<\/p><p data-start=\"556\" data-end=\"798\">Chi \u00e8 gi\u00e0 stato in barca lo sa bene: a volte basta allontanarsi da terra per dimenticarsi di tutto ci\u00f2 che abbiamo lasciato a terra. Miglio dopo miglio si respira meglio, ci si sente pi\u00f9 calmi, pi\u00f9 presenti. <strong>Il mare, da solo, fa gi\u00e0 miracoli.<\/strong><\/p><p data-start=\"800\" data-end=\"1004\">Per\u00f2 ho deciso di aggiungere altri ingredienti, per creare un\u2019esperienza ancora pi\u00f9 potente. Un reset vero, fatto di <strong>mare<\/strong>, <strong>aria pulita<\/strong>, <strong>buon cibo<\/strong>, <strong>respiro<\/strong> e <strong>movimento consapevole<\/strong>.<\/p><p data-start=\"1006\" data-end=\"1151\">L&#8217;esperienza prevede tre\/sette giorni di navigazione a bordo di una barca a vela, lontano dalle folle, per rallentare, ripulire mente e corpo e tornare a casa pi\u00f9 leggeri.<\/p>\t\t\t\t\t\t\t\t<\/div>\n\t\t\t\t<\/div>\n\t\t\t\t<\/div>\n\t\t<div class=\"elementor-element elementor-element-3df9ddb e-con-full e-flex e-con e-child\" data-id=\"3df9ddb\" data-element_type=\"container\" data-e-type=\"container\">\n\t\t\t\t<div class=\"elementor-element elementor-element-0421e6e elementor-widget elementor-widget-image\" data-id=\"0421e6e\" data-element_type=\"widget\" data-e-type=\"widget\" data-widget_type=\"image.default\">\n\t\t\t\t<div class=\"elementor-widget-container\">\n\t\t\t\t\t\t\t\t\t\t\t\t\t\t\t<img fetchpriority=\"high\" decoding=\"async\" width=\"640\" height=\"360\" src=\"https:\/\/jasnatuta.com\/wp-content\/uploads\/2025\/12\/IMG_6439-1024x576.jpg\" class=\"attachment-large size-large wp-image-9963\" alt=\"\" srcset=\"https:\/\/jasnatuta.com\/wp-content\/uploads\/2025\/12\/IMG_6439-1024x576.jpg 1024w, https:\/\/jasnatuta.com\/wp-content\/uploads\/2025\/12\/IMG_6439-300x169.jpg 300w, https:\/\/jasnatuta.com\/wp-content\/uploads\/2025\/12\/IMG_6439-768x432.jpg 768w, https:\/\/jasnatuta.com\/wp-content\/uploads\/2025\/12\/IMG_6439-1536x864.jpg 1536w, https:\/\/jasnatuta.com\/wp-content\/uploads\/2025\/12\/IMG_6439-2048x1152.jpg 2048w, https:\/\/jasnatuta.com\/wp-content\/uploads\/2025\/12\/IMG_6439-200x113.jpg 200w\" sizes=\"(max-width: 640px) 100vw, 640px\" \/>\t\t\t\t\t\t\t\t\t\t\t\t\t\t\t<\/div>\n\t\t\t\t<\/div>\n\t\t\t\t<div class=\"elementor-element elementor-element-76a6952 elementor-widget elementor-widget-heading\" data-id=\"76a6952\" data-element_type=\"widget\" data-e-type=\"widget\" data-widget_type=\"heading.default\">\n\t\t\t\t<div class=\"elementor-widget-container\">\n\t\t\t\t\t<h5 class=\"elementor-heading-title elementor-size-default\">Perch\u00e9 farlo in barca (e non in un resort qualunque)<\/h5>\t\t\t\t<\/div>\n\t\t\t\t<\/div>\n\t\t\t\t<\/div>\n\t\t\t\t<\/div>\n\t\t<div class=\"elementor-element elementor-element-f78c601 e-con-full e-flex e-con e-parent\" data-id=\"f78c601\" data-element_type=\"container\" data-e-type=\"container\">\n\t\t<div class=\"elementor-element elementor-element-0d5d748 e-con-full e-flex e-con e-child\" data-id=\"0d5d748\" data-element_type=\"container\" data-e-type=\"container\">\n\t\t\t\t<div class=\"elementor-element elementor-element-9598871 elementor-widget elementor-widget-image\" data-id=\"9598871\" data-element_type=\"widget\" data-e-type=\"widget\" data-widget_type=\"image.default\">\n\t\t\t\t<div class=\"elementor-widget-container\">\n\t\t\t\t\t\t\t\t\t\t\t\t\t\t\t<img decoding=\"async\" width=\"640\" height=\"427\" src=\"https:\/\/jasnatuta.com\/wp-content\/uploads\/2026\/01\/IMG_0318-Jasna-Tuta-Croatia-2024-by-Riemkje-Poortinga-1.jpg\" class=\"attachment-large size-large wp-image-10312\" alt=\"\" srcset=\"https:\/\/jasnatuta.com\/wp-content\/uploads\/2026\/01\/IMG_0318-Jasna-Tuta-Croatia-2024-by-Riemkje-Poortinga-1.jpg 1000w, https:\/\/jasnatuta.com\/wp-content\/uploads\/2026\/01\/IMG_0318-Jasna-Tuta-Croatia-2024-by-Riemkje-Poortinga-1-300x200.jpg 300w, https:\/\/jasnatuta.com\/wp-content\/uploads\/2026\/01\/IMG_0318-Jasna-Tuta-Croatia-2024-by-Riemkje-Poortinga-1-768x512.jpg 768w, https:\/\/jasnatuta.com\/wp-content\/uploads\/2026\/01\/IMG_0318-Jasna-Tuta-Croatia-2024-by-Riemkje-Poortinga-1-200x133.jpg 200w\" sizes=\"(max-width: 640px) 100vw, 640px\" \/>\t\t\t\t\t\t\t\t\t\t\t\t\t\t\t<\/div>\n\t\t\t\t<\/div>\n\t\t\t\t<\/div>\n\t\t<div class=\"elementor-element elementor-element-3c598b8 e-con-full e-flex e-con e-child\" data-id=\"3c598b8\" data-element_type=\"container\" data-e-type=\"container\">\n\t\t\t\t<div class=\"elementor-element elementor-element-45de620 elementor-widget elementor-widget-text-editor\" data-id=\"45de620\" data-element_type=\"widget\" data-e-type=\"widget\" data-widget_type=\"text-editor.default\">\n\t\t\t\t<div class=\"elementor-widget-container\">\n\t\t\t\t\t\t\t\t\t<p data-start=\"216\" data-end=\"472\">Perch\u00e9 il mare fa la maggior parte del lavoro per noi: ci costringe a <strong>rallentare<\/strong>, a respirare meglio, a dormire di pi\u00f9. Ha un <strong>potere calmante profondo, che non si spegne mai<\/strong> \u2014 n\u00e9 di giorno n\u00e9 di notte.<br data-start=\"417\" data-end=\"420\" \/>E soprattutto, il mare toglie di mezzo il superfluo.<\/p><p data-start=\"474\" data-end=\"763\">A bordo non c\u2019\u00e8 spazio per il multitasking: si fa una cosa alla volta. La navigazione richiede <strong>presenza<\/strong> e semplicemente non resta tempo per pensare ad altro. La mente si riempie di vento, isole, baie, albe e tramonti. E il resto, piano piano, perde importanza.<\/p><p data-start=\"765\" data-end=\"1062\">Un&#8217;imbarcazione offre uno spazio unico: una casa galleggiante in mezzo al mare.<\/p><p data-start=\"765\" data-end=\"1062\"><strong>Un luogo protetto ma aperto, dove sentirsi al sicuro e allo stesso tempo lontani da tutto.<\/strong><\/p><p data-start=\"1064\" data-end=\"1187\">\u00a0<\/p>\t\t\t\t\t\t\t\t<\/div>\n\t\t\t\t<\/div>\n\t\t\t\t<\/div>\n\t\t\t\t<\/div>\n\t\t<div class=\"elementor-element elementor-element-2f86913 e-con-full e-flex e-con e-child\" data-id=\"2f86913\" data-element_type=\"container\" data-e-type=\"container\" data-settings=\"{&quot;background_background&quot;:&quot;classic&quot;}\">\n\t\t\t\t<div class=\"elementor-element elementor-element-8b5275b elementor-widget elementor-widget-text-editor\" data-id=\"8b5275b\" data-element_type=\"widget\" data-e-type=\"widget\" data-widget_type=\"text-editor.default\">\n\t\t\t\t<div class=\"elementor-widget-container\">\n\t\t\t\t\t\t\t\t\t<p data-start=\"1064\" data-end=\"1187\"><strong>Non \u00e8 un resort, e non vuole esserlo.<\/strong><br data-start=\"1101\" data-end=\"1104\" \/><strong>\u00c8 un\u2019esperienza viva, semplice, essenziale.<\/strong><br data-start=\"1147\" data-end=\"1150\" \/><strong>Ed \u00e8 proprio per questo che funziona.<\/strong><\/p><p data-start=\"1064\" data-end=\"1187\">Ho scelto maggio e fine settembre come periodi ideali perch\u00e9 in quel periodo la Croazia non \u00e8 ancora invasa dal turismo estivo.<br \/><strong>Baie vuote, acqua limpida, giornate lunghe, assenza di rumore inutile.<\/strong><br \/>Il momento perfetto per un ritiro che si rispetti.<\/p>\t\t\t\t\t\t\t\t<\/div>\n\t\t\t\t<\/div>\n\t\t\t\t<\/div>\n\t\t<div class=\"elementor-element elementor-element-648ef3b e-con-full e-flex e-con e-parent\" data-id=\"648ef3b\" data-element_type=\"container\" data-e-type=\"container\" data-settings=\"{&quot;background_background&quot;:&quot;classic&quot;}\">\n\t\t\t\t<div class=\"elementor-element elementor-element-47f73d7 elementor-widget elementor-widget-heading\" data-id=\"47f73d7\" data-element_type=\"widget\" data-e-type=\"widget\" data-widget_type=\"heading.default\">\n\t\t\t\t<div class=\"elementor-widget-container\">\n\t\t\t\t\t<h2 class=\"elementor-heading-title elementor-size-default\">Chi conduce il ritiro<\/h2>\t\t\t\t<\/div>\n\t\t\t\t<\/div>\n\t\t\t\t<\/div>\n\t\t<div class=\"elementor-element elementor-element-8569a6f e-con-full e-flex e-con e-parent\" data-id=\"8569a6f\" data-element_type=\"container\" data-e-type=\"container\" data-settings=\"{&quot;background_background&quot;:&quot;classic&quot;}\">\n\t\t\t\t<div class=\"elementor-element elementor-element-19443ff thim-ekit-team-default elementor-widget elementor-widget-thim-ekits-team\" data-id=\"19443ff\" data-element_type=\"widget\" data-e-type=\"widget\" data-settings=\"{&quot;row_gap&quot;:{&quot;unit&quot;:&quot;px&quot;,&quot;size&quot;:35,&quot;sizes&quot;:[]},&quot;row_gap_tablet&quot;:{&quot;unit&quot;:&quot;px&quot;,&quot;size&quot;:&quot;&quot;,&quot;sizes&quot;:[]},&quot;row_gap_mobile&quot;:{&quot;unit&quot;:&quot;px&quot;,&quot;size&quot;:&quot;&quot;,&quot;sizes&quot;:[]}}\" data-widget_type=\"thim-ekits-team.default\">\n\t\t\t\t<div class=\"elementor-widget-container\">\n\t\t\t\t\t\n\t\t<div class=\"thim-ekit-team\">\n\t\t\t<div class=\"thim-ekit-team__inner\">\n\t\t\t\t\t\t\t\t\t\t<div class=\"thim-ekit-team__article post-10066 page type-page status-publish hentry\">\n\t\t\t\t\t\t\t\t\t<div class=\"thim-ekit-team__thumbnail\">\n\t\t\t<a class=\"thim-ekit-team__link\" href=\"http:\/\/jasnatuta.com\">\t\t\t<div class=\"thim-ekit-team__image\">\n\t\t\t\t<img decoding=\"async\" width=\"225\" height=\"300\" src=\"https:\/\/jasnatuta.com\/wp-content\/uploads\/2024\/02\/huahine-225x300.jpeg\" class=\"attachment-medium size-medium wp-image-6221\" alt=\"\" srcset=\"https:\/\/jasnatuta.com\/wp-content\/uploads\/2024\/02\/huahine-225x300.jpeg 225w, https:\/\/jasnatuta.com\/wp-content\/uploads\/2024\/02\/huahine-200x267.jpeg 200w, https:\/\/jasnatuta.com\/wp-content\/uploads\/2024\/02\/huahine-300x400.jpeg 300w, https:\/\/jasnatuta.com\/wp-content\/uploads\/2024\/02\/huahine-550x733.jpeg 550w, https:\/\/jasnatuta.com\/wp-content\/uploads\/2024\/02\/huahine-450x600.jpeg 450w, https:\/\/jasnatuta.com\/wp-content\/uploads\/2024\/02\/huahine.jpeg 768w\" sizes=\"(max-width: 225px) 100vw, 225px\" \/>\t\t\t<\/div>\n\t\t\t<\/a>\t\t\t<div class=\"thim-ekit-team__list-social\"><div class=\"thim-ekit-team__social\"><a href=\"https:\/\/www.facebook.com\/JasnaTutaSailing\/\" target=\"_blank\" rel=\"nofollow\"><i class=\"fab fa-facebook-f\" aria-hidden=\"true\"><\/i><\/a>\n\t\t\t\t<\/div><div class=\"thim-ekit-team__social\"><a href=\"https:\/\/www.instagram.com\/jasnatuta\/\" target=\"_blank\" rel=\"nofollow\"><i class=\"fab fa-instagram\" aria-hidden=\"true\"><\/i><\/a>\n\t\t\t\t<\/div><\/div>\t\t<\/div>\n\t\t\t\t<div class=\"thim-ekit-team__content\">\n\t\t<a class=\"thim-ekit-team__member-name\" href=\"http:\/\/jasnatuta.com\">Jasna Tuta<\/a>\t\t\t<div class=\"thim-ekit-team__member-position\">\n\t\t\t\tSkipper e guida del viaggio\t\t\t<\/div>\n\t\t\t\t\t\t<div class=\"thim-ekit-team__member-description\">\n\t\t\t\tOltre dieci anni di vita in mare, osservando, ascoltando e vivendo pi\u00f9 che spiegando. Questo ritiro nasce dal desiderio di condividere un modo pi\u00f9 semplice...\t\t\t<\/div>\n\t\t\t\t\t<\/div>\n\t\t\t\t\t\t\t\t<\/div>\n\t\t\t\t\t\t\t\t\t\t\t\t<div class=\"thim-ekit-team__article post-10066 page type-page status-publish hentry\">\n\t\t\t\t\t\t\t\t\t<div class=\"thim-ekit-team__thumbnail\">\n\t\t\t<a class=\"thim-ekit-team__link\" href=\"https:\/\/www.instagram.com\/on_the_sea_studio\/\">\t\t\t<div class=\"thim-ekit-team__image\">\n\t\t\t\t<img loading=\"lazy\" decoding=\"async\" width=\"225\" height=\"300\" src=\"https:\/\/jasnatuta.com\/wp-content\/uploads\/2026\/01\/IMG_0815-1-225x300.jpeg\" class=\"attachment-medium size-medium wp-image-10460\" alt=\"\" srcset=\"https:\/\/jasnatuta.com\/wp-content\/uploads\/2026\/01\/IMG_0815-1-225x300.jpeg 225w, https:\/\/jasnatuta.com\/wp-content\/uploads\/2026\/01\/IMG_0815-1-768x1024.jpeg 768w, https:\/\/jasnatuta.com\/wp-content\/uploads\/2026\/01\/IMG_0815-1-1152x1536.jpeg 1152w, https:\/\/jasnatuta.com\/wp-content\/uploads\/2026\/01\/IMG_0815-1-1536x2048.jpeg 1536w, https:\/\/jasnatuta.com\/wp-content\/uploads\/2026\/01\/IMG_0815-1-200x267.jpeg 200w, https:\/\/jasnatuta.com\/wp-content\/uploads\/2026\/01\/IMG_0815-1-300x400.jpeg 300w, https:\/\/jasnatuta.com\/wp-content\/uploads\/2026\/01\/IMG_0815-1-scaled.jpeg 1920w\" sizes=\"(max-width: 225px) 100vw, 225px\" \/>\t\t\t<\/div>\n\t\t\t<\/a>\t\t\t<div class=\"thim-ekit-team__list-social\"><div class=\"thim-ekit-team__social\"><a href=\"https:\/\/www.instagram.com\/on_the_sea_studio\/?hl=it\" target=\"_blank\" rel=\"nofollow\"><i class=\"fab fa-instagram\" aria-hidden=\"true\"><\/i><\/a>\n\t\t\t\t<\/div><\/div>\t\t<\/div>\n\t\t\t\t<div class=\"thim-ekit-team__content\">\n\t\t<a class=\"thim-ekit-team__member-name\" href=\"https:\/\/www.instagram.com\/on_the_sea_studio\/\">Alice Rossi<\/a>\t\t\t<div class=\"thim-ekit-team__member-position\">\n\t\t\t\tInsegnante di yoga e cuoca di bordo\t\t\t<\/div>\n\t\t\t\t\t\t<div class=\"thim-ekit-team__member-description\">\n\t\t\t\tOltre otto anni di insegnamento dello yoga e una formazione continua tra ayurveda e approcci occidentali al benessere. Guida pratiche di yoga, respirazione e mindfulness...\t\t\t<\/div>\n\t\t\t\t\t<\/div>\n\t\t\t\t\t\t\t\t<\/div>\n\t\t\t\t\t\t\t\t\t<\/div>\n\t\t<\/div>\n\n\t\t\t\t\t\t<\/div>\n\t\t\t\t<\/div>\n\t\t\t\t<\/div>\n\t\t<div class=\"elementor-element elementor-element-a28b20d e-flex e-con-boxed e-con e-parent\" data-id=\"a28b20d\" data-element_type=\"container\" data-e-type=\"container\">\n\t\t\t\t\t<div class=\"e-con-inner\">\n\t\t\t\t\t<\/div>\n\t\t\t\t<\/div>\n\t\t<div class=\"elementor-element elementor-element-a58429f e-flex e-con-boxed e-con e-parent\" data-id=\"a58429f\" data-element_type=\"container\" data-e-type=\"container\" data-settings=\"{&quot;background_background&quot;:&quot;classic&quot;}\">\n\t\t\t\t\t<div class=\"e-con-inner\">\n\t\t\t\t<div class=\"elementor-element elementor-element-adade46 elementor-widget elementor-widget-heading\" data-id=\"adade46\" data-element_type=\"widget\" data-e-type=\"widget\" data-widget_type=\"heading.default\">\n\t\t\t\t<div class=\"elementor-widget-container\">\n\t\t\t\t\t<h5 class=\"elementor-heading-title elementor-size-default\">\u00a0Per chi \u00e8 questo ritiro<\/h5>\t\t\t\t<\/div>\n\t\t\t\t<\/div>\n\t\t\t\t<div class=\"elementor-element elementor-element-b948384 elementor-widget elementor-widget-text-editor\" data-id=\"b948384\" data-element_type=\"widget\" data-e-type=\"widget\" data-widget_type=\"text-editor.default\">\n\t\t\t\t<div class=\"elementor-widget-container\">\n\t\t\t\t\t\t\t\t\t<p><strong>\u00c8 per te se:<\/strong><\/p><ul class=\"wp-block-list\"><li>senti di aver bisogno di staccare davvero<\/li><li>sei stanca\/o del rumore (digitale e mentale)<\/li><li>vuoi prenderti cura di te ma senza rinunce<\/li><li>apprezzi le cose fatte bene, con calma<\/li><li>ami il mare (o senti che potrebbe piacerti molto)<\/li><\/ul><p><strong>Non \u00e8 per te se:<\/strong><\/p><ul class=\"wp-block-list\"><li>cerchi animazione, aperitivi e movida<\/li><li>non riesci a stare senza telefono<\/li><li>non te la senti di condividere spazi e pensieri<\/li><\/ul>\t\t\t\t\t\t\t\t<\/div>\n\t\t\t\t<\/div>\n\t\t\t\t<div class=\"elementor-element elementor-element-633aebb elementor-widget elementor-widget-text-editor\" data-id=\"633aebb\" data-element_type=\"widget\" data-e-type=\"widget\" data-widget_type=\"text-editor.default\">\n\t\t\t\t<div class=\"elementor-widget-container\">\n\t\t\t\t\t\t\t\t\t<p><strong>La barca \u00e8 un ambiente meraviglioso, ma non \u00e8 per tutti.<\/strong>\u00a0\u00a0<\/p><p>Se hai dubbi, puoi anche chiamarmi o scrivermi e ne parliamo.<\/p>\t\t\t\t\t\t\t\t<\/div>\n\t\t\t\t<\/div>\n\t\t\t\t\t<\/div>\n\t\t\t\t<\/div>\n\t\t<div class=\"elementor-element elementor-element-929bea9 e-flex e-con-boxed e-con e-parent\" data-id=\"929bea9\" data-element_type=\"container\" data-e-type=\"container\">\n\t\t\t\t\t<div class=\"e-con-inner\">\n\t\t\t\t<div class=\"elementor-element elementor-element-8808fef elementor-widget elementor-widget-heading\" data-id=\"8808fef\" data-element_type=\"widget\" data-e-type=\"widget\" data-widget_type=\"heading.default\">\n\t\t\t\t<div class=\"elementor-widget-container\">\n\t\t\t\t\t<h5 class=\"elementor-heading-title elementor-size-default\">Tempi e costi<\/h5>\t\t\t\t<\/div>\n\t\t\t\t<\/div>\n\t\t<div class=\"elementor-element elementor-element-40083ff e-con-full e-flex e-con e-child\" data-id=\"40083ff\" data-element_type=\"container\" data-e-type=\"container\">\n\t\t\t\t<div class=\"elementor-element elementor-element-d22763a elementor-widget elementor-widget-text-editor\" data-id=\"d22763a\" data-element_type=\"widget\" data-e-type=\"widget\" data-widget_type=\"text-editor.default\">\n\t\t\t\t<div class=\"elementor-widget-container\">\n\t\t\t\t\t\t\t\t\t<p data-start=\"114\" data-end=\"153\"><img decoding=\"async\" class=\"emoji\" role=\"img\" draggable=\"false\" src=\"https:\/\/s.w.org\/images\/core\/emoji\/17.0.2\/svg\/1f4cd.svg\" alt=\"\ud83d\udccd\" \/> <strong>Golfo di Trieste <\/strong>\u2013 imbarco a Portopiccolo<\/p><p><img decoding=\"async\" class=\"emoji\" role=\"img\" draggable=\"false\" src=\"https:\/\/s.w.org\/images\/core\/emoji\/17.0.2\/svg\/1f4c5.svg\" alt=\"\ud83d\udcc5\" \/> <strong data-start=\"158\" data-end=\"167\">Date:<\/strong><br data-start=\"167\" data-end=\"170\" \/>dal 22 al 24 maggio (ven\u2013dom)<\/p><p data-start=\"235\" data-end=\"351\"><img decoding=\"async\" class=\"emoji\" role=\"img\" draggable=\"false\" src=\"https:\/\/s.w.org\/images\/core\/emoji\/17.0.2\/svg\/26f5.svg\" alt=\"\u26f5\" \/> <strong data-start=\"237\" data-end=\"248\">Durata:<\/strong> 3 giorni<br data-start=\"257\" data-end=\"260\" \/><img decoding=\"async\" class=\"emoji\" role=\"img\" draggable=\"false\" src=\"https:\/\/s.w.org\/images\/core\/emoji\/17.0.2\/svg\/1f465.svg\" alt=\"\ud83d\udc65\" \/> <strong data-start=\"263\" data-end=\"273\">Posti:<\/strong> massimo 8 partecipanti<br data-start=\"296\" data-end=\"299\" data-is-only-node=\"\" \/><img decoding=\"async\" class=\"emoji\" role=\"img\" draggable=\"false\" src=\"https:\/\/s.w.org\/images\/core\/emoji\/17.0.2\/svg\/1f4b6.svg\" alt=\"\ud83d\udcb6\" \/> <strong data-start=\"302\" data-end=\"313\">Prezzo:<\/strong> 490 \u20ac\u00a0<\/p>\t\t\t\t\t\t\t\t<\/div>\n\t\t\t\t<\/div>\n\t\t\t\t<\/div>\n\t\t<div class=\"elementor-element elementor-element-5ca480f e-con-full e-flex e-con e-child\" data-id=\"5ca480f\" data-element_type=\"container\" data-e-type=\"container\" data-settings=\"{&quot;background_background&quot;:&quot;classic&quot;}\">\n\t\t\t\t<div class=\"elementor-element elementor-element-38817e0 elementor-widget elementor-widget-text-editor\" data-id=\"38817e0\" data-element_type=\"widget\" data-e-type=\"widget\" data-widget_type=\"text-editor.default\">\n\t\t\t\t<div class=\"elementor-widget-container\">\n\t\t\t\t\t\t\t\t\t<p data-start=\"114\" data-end=\"153\"><img decoding=\"async\" class=\"emoji\" role=\"img\" draggable=\"false\" src=\"https:\/\/s.w.org\/images\/core\/emoji\/17.0.2\/svg\/1f4cd.svg\" alt=\"\ud83d\udccd\" \/> <strong data-start=\"117\" data-end=\"128\">Croazia<\/strong> \u2013 imbarco a Zara\/Zadar<\/p><p><img decoding=\"async\" class=\"emoji\" role=\"img\" draggable=\"false\" src=\"https:\/\/s.w.org\/images\/core\/emoji\/17.0.2\/svg\/1f4c5.svg\" alt=\"\ud83d\udcc5\" \/> <strong data-start=\"158\" data-end=\"167\">Date:<\/strong><br data-start=\"167\" data-end=\"170\" \/>dal 19 al 26 settembre (sab-sab)<\/p><p data-start=\"235\" data-end=\"351\"><img decoding=\"async\" class=\"emoji\" role=\"img\" draggable=\"false\" src=\"https:\/\/s.w.org\/images\/core\/emoji\/17.0.2\/svg\/26f5.svg\" alt=\"\u26f5\" \/> <strong data-start=\"237\" data-end=\"248\">Durata:<\/strong>\u00a07 giorni<br data-start=\"257\" data-end=\"260\" \/><img decoding=\"async\" class=\"emoji\" role=\"img\" draggable=\"false\" src=\"https:\/\/s.w.org\/images\/core\/emoji\/17.0.2\/svg\/1f465.svg\" alt=\"\ud83d\udc65\" \/> <strong data-start=\"263\" data-end=\"273\">Posti:<\/strong> massimo 8 partecipanti<br data-start=\"296\" data-end=\"299\" data-is-only-node=\"\" \/><img decoding=\"async\" class=\"emoji\" role=\"img\" draggable=\"false\" src=\"https:\/\/s.w.org\/images\/core\/emoji\/17.0.2\/svg\/1f4b6.svg\" alt=\"\ud83d\udcb6\" \/> <strong data-start=\"302\" data-end=\"313\">Prezzo:<\/strong>\u00a01.300 \u20ac\u00a0<\/p>\t\t\t\t\t\t\t\t<\/div>\n\t\t\t\t<\/div>\n\t\t\t\t<\/div>\n\t\t\t\t\t<\/div>\n\t\t\t\t<\/div>\n\t\t<div class=\"elementor-element elementor-element-fde4e2c e-flex e-con-boxed e-con e-parent\" data-id=\"fde4e2c\" data-element_type=\"container\" data-e-type=\"container\">\n\t\t\t\t\t<div class=\"e-con-inner\">\n\t\t\t\t<div class=\"elementor-element elementor-element-647ddcd elementor-widget elementor-widget-heading\" data-id=\"647ddcd\" data-element_type=\"widget\" data-e-type=\"widget\" data-widget_type=\"heading.default\">\n\t\t\t\t<div class=\"elementor-widget-container\">\n\t\t\t\t\t<h5 class=\"elementor-heading-title elementor-size-default\">La nostra promessa<\/h5>\t\t\t\t<\/div>\n\t\t\t\t<\/div>\n\t\t\t\t<div class=\"elementor-element elementor-element-e4d51ea elementor-widget elementor-widget-text-editor\" data-id=\"e4d51ea\" data-element_type=\"widget\" data-e-type=\"widget\" data-widget_type=\"text-editor.default\">\n\t\t\t\t<div class=\"elementor-widget-container\">\n\t\t\t\t\t\t\t\t\t<p><strong>La nostra promessa \u00e8 mare, spazio, attenzione e assenza del rumore inutile.<\/strong><br \/>Una settimana di vero stacco, esercizio fisico dolce, buon cibo, anime affini e luoghi che aiutano a respirare meglio.<\/p><p><strong>Sembra semplice. Ma credimi, questi ingredienti possono fare miracoli.<\/strong><\/p>\t\t\t\t\t\t\t\t<\/div>\n\t\t\t\t<\/div>\n\t\t\t\t\t<\/div>\n\t\t\t\t<\/div>\n\t\t<div class=\"elementor-element elementor-element-84efe9f e-con-full e-flex e-con e-parent\" data-id=\"84efe9f\" data-element_type=\"container\" data-e-type=\"container\" data-settings=\"{&quot;background_background&quot;:&quot;classic&quot;}\">\n\t\t<div class=\"elementor-element elementor-element-1fc6655 e-con-full e-flex e-con e-child\" data-id=\"1fc6655\" data-element_type=\"container\" data-e-type=\"container\">\n\t\t\t\t<div class=\"elementor-element elementor-element-d090642 elementor-widget elementor-widget-heading\" data-id=\"d090642\" data-element_type=\"widget\" data-e-type=\"widget\" data-widget_type=\"heading.default\">\n\t\t\t\t<div class=\"elementor-widget-container\">\n\t\t\t\t\t<h5 class=\"elementor-heading-title elementor-size-default\">Come partecipare:<\/h5>\t\t\t\t<\/div>\n\t\t\t\t<\/div>\n\t\t\t\t<div class=\"elementor-element elementor-element-c96eb6e elementor-widget elementor-widget-text-editor\" data-id=\"c96eb6e\" data-element_type=\"widget\" data-e-type=\"widget\" data-widget_type=\"text-editor.default\">\n\t\t\t\t<div class=\"elementor-widget-container\">\n\t\t\t\t\t\t\t\t\t<p>I posti sono pochi per scelta. Se senti che questo ritiro fa per te, scrivimi. <br \/>Ti invier\u00f2 tutti i dettagli pratici e modalit\u00e0 di prenotazione.<\/p>\t\t\t\t\t\t\t\t<\/div>\n\t\t\t\t<\/div>\n\t\t\t\t<div class=\"elementor-element elementor-element-e729465 elementor-widget elementor-widget-thim-ekits-button\" data-id=\"e729465\" data-element_type=\"widget\" data-e-type=\"widget\" data-widget_type=\"thim-ekits-button.default\">\n\t\t\t\t<div class=\"elementor-widget-container\">\n\t\t\t\t\t\n\t\t<div class=\"thim-ekits-button\">\n\t\t\t<a href=\"mailto:info@jasnatuta.com\" role=\"button\">\n\t\t\t\t<span class=\"button-content-wrapper\">\n\t\t\t\t\tSCRIVIMI\t\t\t\t<\/span>\n\t\t\t<\/a>\n\t\t<\/div>\n\n\t\t\t\t\t\t<\/div>\n\t\t\t\t<\/div>\n\t\t\t\t<\/div>\n\t\t\t\t<\/div>\n\t\t\t\t<\/div>\n\t\t","protected":false},"excerpt":{"rendered":"<p>Un viaggio in mare per resettare corpo, anima e spirito Tutti abbiamo bisogno di staccare, ogni tanto.Il problema \u00e8 che non sempre troviamo il modo, il luogo o il momento giusto per farlo. Io sono convinta che non esista posto migliore della natura. Un bosco, il deserto, il mare: sono luoghi dove ritroviamo un ingrediente [&hellip;]<\/p>\n","protected":false},"author":2,"featured_media":0,"parent":0,"menu_order":0,"comment_status":"closed","ping_status":"closed","template":"","meta":{"footnotes":""},"class_list":["post-10066","page","type-page","status-publish","hentry"],"aioseo_notices":[],"_links":{"self":[{"href":"https:\/\/jasnatuta.com\/it\/wp-json\/wp\/v2\/pages\/10066","targetHints":{"allow":["GET"]}}],"collection":[{"href":"https:\/\/jasnatuta.com\/it\/wp-json\/wp\/v2\/pages"}],"about":[{"href":"https:\/\/jasnatuta.com\/it\/wp-json\/wp\/v2\/types\/page"}],"author":[{"embeddable":true,"href":"https:\/\/jasnatuta.com\/it\/wp-json\/wp\/v2\/users\/2"}],"replies":[{"embeddable":true,"href":"https:\/\/jasnatuta.com\/it\/wp-json\/wp\/v2\/comments?post=10066"}],"version-history":[{"count":122,"href":"https:\/\/jasnatuta.com\/it\/wp-json\/wp\/v2\/pages\/10066\/revisions"}],"predecessor-version":[{"id":11131,"href":"https:\/\/jasnatuta.com\/it\/wp-json\/wp\/v2\/pages\/10066\/revisions\/11131"}],"wp:attachment":[{"href":"https:\/\/jasnatuta.com\/it\/wp-json\/wp\/v2\/media?parent=10066"}],"curies":[{"name":"wp","href":"https:\/\/api.w.org\/{rel}","templated":true}]}}