{"id":4508,"date":"2024-01-15T16:10:28","date_gmt":"2024-01-15T15:10:28","guid":{"rendered":"https:\/\/jasnatuta.com\/?page_id=4508"},"modified":"2024-02-04T12:07:30","modified_gmt":"2024-02-04T11:07:30","slug":"la-mia-barca","status":"publish","type":"page","link":"https:\/\/jasnatuta.com\/it\/la-mia-barca\/","title":{"rendered":"La mia barca"},"content":{"rendered":"\t\t<div data-elementor-type=\"wp-page\" data-elementor-id=\"4508\" class=\"elementor elementor-4508\" data-elementor-post-type=\"page\">\n\t\t\t\t<div class=\"elementor-element elementor-element-7873211 e-flex e-con-boxed e-con e-parent\" data-id=\"7873211\" data-element_type=\"container\" data-e-type=\"container\">\n\t\t\t\t\t<div class=\"e-con-inner\">\n\t\t<div class=\"elementor-element elementor-element-f91d4dd e-con-full e-flex e-con e-child\" data-id=\"f91d4dd\" data-element_type=\"container\" data-e-type=\"container\">\n\t\t\t\t<div class=\"elementor-element elementor-element-2cc071d elementor-widget elementor-widget-image\" data-id=\"2cc071d\" data-element_type=\"widget\" data-e-type=\"widget\" data-widget_type=\"image.default\">\n\t\t\t\t<div class=\"elementor-widget-container\">\n\t\t\t\t\t\t\t\t\t\t\t\t<figure class=\"wp-caption\">\n\t\t\t\t\t\t\t\t\t\t<img fetchpriority=\"high\" decoding=\"async\" width=\"640\" height=\"480\" src=\"https:\/\/jasnatuta.com\/wp-content\/uploads\/2024\/01\/lamiabarcajasnatuta.jpg\" class=\"attachment-large size-large wp-image-7334\" alt=\"\" srcset=\"https:\/\/jasnatuta.com\/wp-content\/uploads\/2024\/01\/lamiabarcajasnatuta.jpg 1024w, https:\/\/jasnatuta.com\/wp-content\/uploads\/2024\/01\/lamiabarcajasnatuta-200x150.jpg 200w, https:\/\/jasnatuta.com\/wp-content\/uploads\/2024\/01\/lamiabarcajasnatuta-300x225.jpg 300w, https:\/\/jasnatuta.com\/wp-content\/uploads\/2024\/01\/lamiabarcajasnatuta-768x576.jpg 768w\" sizes=\"(max-width: 640px) 100vw, 640px\" \/>\t\t\t\t\t\t\t\t\t\t\t<figcaption class=\"widget-image-caption wp-caption-text\">Tahuata durante la regata Grand Soleil Cup 2022 a Portopiccolo<\/figcaption>\n\t\t\t\t\t\t\t\t\t\t<\/figure>\n\t\t\t\t\t\t\t\t\t<\/div>\n\t\t\t\t<\/div>\n\t\t\t\t<\/div>\n\t\t<div class=\"elementor-element elementor-element-acde2e5 e-con-full e-flex e-con e-child\" data-id=\"acde2e5\" data-element_type=\"container\" data-e-type=\"container\">\n\t\t<div class=\"elementor-element elementor-element-7618b24 e-flex e-con-boxed e-con e-child\" data-id=\"7618b24\" data-element_type=\"container\" data-e-type=\"container\">\n\t\t\t\t\t<div class=\"e-con-inner\">\n\t\t<div class=\"elementor-element elementor-element-d25c543 e-flex e-con-boxed e-con e-child\" data-id=\"d25c543\" data-element_type=\"container\" data-e-type=\"container\">\n\t\t\t\t\t<div class=\"e-con-inner\">\n\t\t\t\t<div class=\"elementor-element elementor-element-b4b7305 elementor-widget elementor-widget-text-editor\" data-id=\"b4b7305\" data-element_type=\"widget\" data-e-type=\"widget\" data-widget_type=\"text-editor.default\">\n\t\t\t\t<div class=\"elementor-widget-container\">\n\t\t\t\t\t\t\t\t\t<p>La mia barca \u00e8 un <strong>Grand Soleil 39<\/strong>, una barca mitica del cantiere <strong>Del Pardo<\/strong>, progettata dal grande Alain Jezequel. Come scrive <a href=\"https:\/\/www.giornaledellavela.com\/2016\/12\/20\/grand-soleil-39-vi-spieghiamo-perche-e-una-superbarca-e-dove-trovarla-usata\/#:~:text=Il%20Grand%20Soleil%2039%20%C3%A8,per%20chi%20ama%20navigare%20davvero.\">Il Giornale della Vela<\/a>:<\/p><h5>\u201c<strong>\u00e8 una barca disegnata per chi ama navigare davvero.<\/strong>\u201d<\/h5><p>Io la adoro, perch\u00e9 \u00e8 veloce, ma anche molto solida, il che per me \u00e8 molto importante. Non so mai dove le mie rotte mi porteranno e quindi non potrei mai essere armatrice di una barca con la quale non mi sentirei di fare il giro del mondo.<\/p>\t\t\t\t\t\t\t\t<\/div>\n\t\t\t\t<\/div>\n\t\t\t\t\t<\/div>\n\t\t\t\t<\/div>\n\t\t\t\t\t<\/div>\n\t\t\t\t<\/div>\n\t\t<div class=\"elementor-element elementor-element-850906b e-flex e-con-boxed e-con e-child\" data-id=\"850906b\" data-element_type=\"container\" data-e-type=\"container\">\n\t\t\t\t\t<div class=\"e-con-inner\">\n\t\t\t\t<div class=\"elementor-element elementor-element-bc26ca0 gallery-spacing-custom elementor-widget elementor-widget-image-gallery\" data-id=\"bc26ca0\" data-element_type=\"widget\" data-e-type=\"widget\" data-widget_type=\"image-gallery.default\">\n\t\t\t\t<div class=\"elementor-widget-container\">\n\t\t\t\t\t\t\t<div class=\"elementor-image-gallery\">\n\t\t\t<div id='gallery-3' class='gallery galleryid-4508 gallery-columns-2 gallery-size-medium'><figure class='gallery-item'>\n\t\t\t<div class='gallery-icon landscape'>\n\t\t\t\t<a data-elementor-open-lightbox=\"yes\" data-elementor-lightbox-slideshow=\"bc26ca0\" data-e-action-hash=\"#elementor-action%3Aaction%3Dlightbox%26settings%3DeyJpZCI6NzM0NCwidXJsIjoiaHR0cHM6XC9cL2phc25hdHV0YS5jb21cL3dwLWNvbnRlbnRcL3VwbG9hZHNcLzIwMTVcLzA5XC9iYXJjYXZlbGFDLTEuanBnIiwic2xpZGVzaG93IjoiYmMyNmNhMCJ9\" href='https:\/\/jasnatuta.com\/wp-content\/uploads\/2015\/09\/barcavelaC-1.jpg'><img decoding=\"async\" width=\"300\" height=\"195\" src=\"https:\/\/jasnatuta.com\/wp-content\/uploads\/2015\/09\/barcavelaC-1-300x195.jpg\" class=\"attachment-medium size-medium\" alt=\"\" srcset=\"https:\/\/jasnatuta.com\/wp-content\/uploads\/2015\/09\/barcavelaC-1-300x195.jpg 300w, https:\/\/jasnatuta.com\/wp-content\/uploads\/2015\/09\/barcavelaC-1-200x130.jpg 200w, https:\/\/jasnatuta.com\/wp-content\/uploads\/2015\/09\/barcavelaC-1-768x499.jpg 768w, https:\/\/jasnatuta.com\/wp-content\/uploads\/2015\/09\/barcavelaC-1.jpg 1024w\" sizes=\"(max-width: 300px) 100vw, 300px\" \/><\/a>\n\t\t\t<\/div><\/figure><figure class='gallery-item'>\n\t\t\t<div class='gallery-icon landscape'>\n\t\t\t\t<a data-elementor-open-lightbox=\"yes\" data-elementor-lightbox-slideshow=\"bc26ca0\" data-e-action-hash=\"#elementor-action%3Aaction%3Dlightbox%26settings%3DeyJpZCI6NzM0MiwidXJsIjoiaHR0cHM6XC9cL2phc25hdHV0YS5jb21cL3dwLWNvbnRlbnRcL3VwbG9hZHNcLzIwMTVcLzA5XC9iYXJjYXZlbGFBLWUxNzA1NTA5NTQ3NDIxLmpwZyIsInNsaWRlc2hvdyI6ImJjMjZjYTAifQ%3D%3D\" href='https:\/\/jasnatuta.com\/wp-content\/uploads\/2015\/09\/barcavelaA-e1705509547421.jpg'><img decoding=\"async\" width=\"300\" height=\"194\" src=\"https:\/\/jasnatuta.com\/wp-content\/uploads\/2015\/09\/barcavelaA-e1705509547421-300x194.jpg\" class=\"attachment-medium size-medium\" alt=\"\" srcset=\"https:\/\/jasnatuta.com\/wp-content\/uploads\/2015\/09\/barcavelaA-e1705509547421-300x194.jpg 300w, https:\/\/jasnatuta.com\/wp-content\/uploads\/2015\/09\/barcavelaA-e1705509547421-200x129.jpg 200w, https:\/\/jasnatuta.com\/wp-content\/uploads\/2015\/09\/barcavelaA-e1705509547421-768x497.jpg 768w, https:\/\/jasnatuta.com\/wp-content\/uploads\/2015\/09\/barcavelaA-e1705509547421.jpg 1024w\" sizes=\"(max-width: 300px) 100vw, 300px\" \/><\/a>\n\t\t\t<\/div><\/figure>\n\t\t<\/div>\n\t\t<\/div>\n\t\t\t\t\t\t<\/div>\n\t\t\t\t<\/div>\n\t\t\t\t\t<\/div>\n\t\t\t\t<\/div>\n\t\t\t\t<\/div>\n\t\t\t\t\t<\/div>\n\t\t\t\t<\/div>\n\t\t<div class=\"elementor-element elementor-element-f40165e e-con-full e-flex e-con e-parent\" data-id=\"f40165e\" data-element_type=\"container\" data-e-type=\"container\" data-settings=\"{&quot;background_background&quot;:&quot;classic&quot;}\">\n\t\t<div class=\"elementor-element elementor-element-a123b66 e-con-full e-flex e-con e-child\" data-id=\"a123b66\" data-element_type=\"container\" data-e-type=\"container\">\n\t\t\t\t<div class=\"elementor-element elementor-element-5ce45ae elementor-widget elementor-widget-image\" data-id=\"5ce45ae\" data-element_type=\"widget\" data-e-type=\"widget\" data-widget_type=\"image.default\">\n\t\t\t\t<div class=\"elementor-widget-container\">\n\t\t\t\t\t\t\t\t\t\t\t\t<figure class=\"wp-caption\">\n\t\t\t\t\t\t\t\t\t\t<img decoding=\"async\" src=\"https:\/\/jasnatuta.com\/wp-content\/uploads\/2015\/09\/lamiabarca-jasnatuta-290x385.jpg\" title=\"lamiabarca-jasnatuta\" alt=\"jasna tuta vela\" loading=\"lazy\" \/>\t\t\t\t\t\t\t\t\t\t\t<figcaption class=\"widget-image-caption wp-caption-text\">A volte ci navigo in solitaria..<\/figcaption>\n\t\t\t\t\t\t\t\t\t\t<\/figure>\n\t\t\t\t\t\t\t\t\t<\/div>\n\t\t\t\t<\/div>\n\t\t\t\t<\/div>\n\t\t<div class=\"elementor-element elementor-element-f950535 e-con-full e-flex e-con e-child\" data-id=\"f950535\" data-element_type=\"container\" data-e-type=\"container\">\n\t\t\t\t<div class=\"elementor-element elementor-element-133aa54 elementor-widget elementor-widget-image\" data-id=\"133aa54\" data-element_type=\"widget\" data-e-type=\"widget\" data-widget_type=\"image.default\">\n\t\t\t\t<div class=\"elementor-widget-container\">\n\t\t\t\t\t\t\t\t\t\t\t\t<figure class=\"wp-caption\">\n\t\t\t\t\t\t\t\t\t\t<img loading=\"lazy\" decoding=\"async\" width=\"640\" height=\"417\" src=\"https:\/\/jasnatuta.com\/wp-content\/uploads\/2024\/01\/barcavela-jasnatuta.jpg\" class=\"attachment-large size-large wp-image-7336\" alt=\"\" srcset=\"https:\/\/jasnatuta.com\/wp-content\/uploads\/2024\/01\/barcavela-jasnatuta.jpg 1024w, https:\/\/jasnatuta.com\/wp-content\/uploads\/2024\/01\/barcavela-jasnatuta-200x130.jpg 200w, https:\/\/jasnatuta.com\/wp-content\/uploads\/2024\/01\/barcavela-jasnatuta-300x195.jpg 300w, https:\/\/jasnatuta.com\/wp-content\/uploads\/2024\/01\/barcavela-jasnatuta-768x500.jpg 768w\" sizes=\"(max-width: 640px) 100vw, 640px\" \/>\t\t\t\t\t\t\t\t\t\t\t<figcaption class=\"widget-image-caption wp-caption-text\">..altre volte ho a bordo tanti amici \u2013 le dimensioni sono perfette per entrambe le opzioni<\/figcaption>\n\t\t\t\t\t\t\t\t\t\t<\/figure>\n\t\t\t\t\t\t\t\t\t<\/div>\n\t\t\t\t<\/div>\n\t\t\t\t<\/div>\n\t\t\t\t<\/div>\n\t\t<div class=\"elementor-element elementor-element-41b86c2 e-flex e-con-boxed e-con e-parent\" data-id=\"41b86c2\" data-element_type=\"container\" data-e-type=\"container\">\n\t\t\t\t\t<div class=\"e-con-inner\">\n\t\t\t\t<div class=\"elementor-element elementor-element-f11fd3e elementor-widget elementor-widget-text-editor\" data-id=\"f11fd3e\" data-element_type=\"widget\" data-e-type=\"widget\" data-widget_type=\"text-editor.default\">\n\t\t\t\t<div class=\"elementor-widget-container\">\n\t\t\t\t\t\t\t\t\t<p>E poi mi piacciono tanto anche gli interni, \u00e8 molto calda:<\/p>\t\t\t\t\t\t\t\t<\/div>\n\t\t\t\t<\/div>\n\t\t\t\t\t<\/div>\n\t\t\t\t<\/div>\n\t\t<div class=\"elementor-element elementor-element-66b7ed5 elementor-hidden-mobile e-flex e-con-boxed e-con e-parent\" data-id=\"66b7ed5\" data-element_type=\"container\" data-e-type=\"container\">\n\t\t\t\t\t<div class=\"e-con-inner\">\n\t\t\t\t<div class=\"elementor-element elementor-element-0152abd elementor-widget elementor-widget-thim-ekits-image-accordion\" data-id=\"0152abd\" data-element_type=\"widget\" data-e-type=\"widget\" data-widget_type=\"thim-ekits-image-accordion.default\">\n\t\t\t\t<div class=\"elementor-widget-container\">\n\t\t\t\t\t\t\t<div class=\"thim-ekits-image-accordion\">\n\t\t\t\t\t\t\t\t<div class=\"thim-ekits-image-accordion__item\" style=\"background-image: url(https:\/\/jasnatuta.com\/wp-content\/uploads\/2024\/01\/barcaavela-cucina.jpg)\">\n\t\t\t\t<div class=\"overlay\">\n\t\t\t\t\t<div class=\"overlay-inner\">\n\t\t\t\t\t<h2 class=\"title\">La cucina<\/h2>\t\t\t\t<\/div>\n\n\t\t\t<\/div>\n\t\t\t<\/div>\n\t\t\t\t\t\t\t\t<div class=\"thim-ekits-image-accordion__item\" style=\"background-image: url(https:\/\/jasnatuta.com\/wp-content\/uploads\/2024\/01\/interno-barca-vela.jpg)\">\n\t\t\t\t<div class=\"overlay\">\n\t\t\t\t\t<div class=\"overlay-inner\">\n\t\t\t\t\t<h2 class=\"title\">Tanto spazio per gli amici<\/h2>\t\t\t\t<\/div>\n\n\t\t\t<\/div>\n\t\t\t<\/div>\n\t\t\t\t\t\t\t\t<div class=\"thim-ekits-image-accordion__item\" style=\"background-image: url(https:\/\/jasnatuta.com\/wp-content\/uploads\/2024\/01\/lacabina-di-prua.jpg)\">\n\t\t\t\t<div class=\"overlay\">\n\t\t\t\t\t<div class=\"overlay-inner\">\n\t\t\t\t\t<h2 class=\"title\">La cabina di prua<\/h2>\t\t\t\t<\/div>\n\n\t\t\t<\/div>\n\t\t\t<\/div>\n\t\t\t\t\t\t\t\t<div class=\"thim-ekits-image-accordion__item\" style=\"background-image: url(https:\/\/jasnatuta.com\/wp-content\/uploads\/2024\/01\/la-libreria-di-bordo.jpg)\">\n\t\t\t\t<div class=\"overlay\">\n\t\t\t\t\t<div class=\"overlay-inner\">\n\t\t\t\t\t<h2 class=\"title\">La libreria di bordo<\/h2>\t\t\t\t<\/div>\n\n\t\t\t<\/div>\n\t\t\t<\/div>\n\t\t\t\t<\/div>\n\t\t\t\t\t\t<\/div>\n\t\t\t\t<\/div>\n\t\t\t\t\t<\/div>\n\t\t\t\t<\/div>\n\t\t<div class=\"elementor-element elementor-element-4a57563 e-flex e-con-boxed e-con e-parent\" data-id=\"4a57563\" data-element_type=\"container\" data-e-type=\"container\">\n\t\t\t\t\t<div class=\"e-con-inner\">\n\t\t\t\t<div class=\"elementor-element elementor-element-03c3361 elementor-hidden-desktop elementor-hidden-tablet gallery-spacing-custom elementor-widget elementor-widget-image-gallery\" data-id=\"03c3361\" data-element_type=\"widget\" data-e-type=\"widget\" data-widget_type=\"image-gallery.default\">\n\t\t\t\t<div class=\"elementor-widget-container\">\n\t\t\t\t\t\t\t<div class=\"elementor-image-gallery\">\n\t\t\t<div id='gallery-4' class='gallery galleryid-4508 gallery-columns-4 gallery-size-medium'><figure class='gallery-item'>\n\t\t\t<div class='gallery-icon landscape'>\n\t\t\t\t<a data-elementor-open-lightbox=\"yes\" data-elementor-lightbox-slideshow=\"03c3361\" data-e-action-hash=\"#elementor-action%3Aaction%3Dlightbox%26settings%3DeyJpZCI6NzM1NiwidXJsIjoiaHR0cHM6XC9cL2phc25hdHV0YS5jb21cL3dwLWNvbnRlbnRcL3VwbG9hZHNcLzIwMjRcLzAxXC9iYXJjYWF2ZWxhLWN1Y2luYS5qcGciLCJzbGlkZXNob3ciOiIwM2MzMzYxIn0%3D\" href='https:\/\/jasnatuta.com\/wp-content\/uploads\/2024\/01\/barcaavela-cucina.jpg'><img loading=\"lazy\" decoding=\"async\" width=\"300\" height=\"225\" src=\"https:\/\/jasnatuta.com\/wp-content\/uploads\/2024\/01\/barcaavela-cucina-300x225.jpg\" class=\"attachment-medium size-medium\" alt=\"\" aria-describedby=\"gallery-4-7356\" srcset=\"https:\/\/jasnatuta.com\/wp-content\/uploads\/2024\/01\/barcaavela-cucina-300x225.jpg 300w, https:\/\/jasnatuta.com\/wp-content\/uploads\/2024\/01\/barcaavela-cucina-200x150.jpg 200w, https:\/\/jasnatuta.com\/wp-content\/uploads\/2024\/01\/barcaavela-cucina-768x576.jpg 768w, https:\/\/jasnatuta.com\/wp-content\/uploads\/2024\/01\/barcaavela-cucina.jpg 1024w\" sizes=\"(max-width: 300px) 100vw, 300px\" \/><\/a>\n\t\t\t<\/div>\n\t\t\t\t<figcaption class='wp-caption-text gallery-caption' id='gallery-4-7356'>\n\t\t\t\tLa cucina\n\t\t\t\t<\/figcaption><\/figure><figure class='gallery-item'>\n\t\t\t<div class='gallery-icon landscape'>\n\t\t\t\t<a data-elementor-open-lightbox=\"yes\" data-elementor-lightbox-slideshow=\"03c3361\" data-e-action-hash=\"#elementor-action%3Aaction%3Dlightbox%26settings%3DeyJpZCI6NzM1OCwidXJsIjoiaHR0cHM6XC9cL2phc25hdHV0YS5jb21cL3dwLWNvbnRlbnRcL3VwbG9hZHNcLzIwMjRcLzAxXC9pbnRlcm5vLWJhcmNhLXZlbGEuanBnIiwic2xpZGVzaG93IjoiMDNjMzM2MSJ9\" href='https:\/\/jasnatuta.com\/wp-content\/uploads\/2024\/01\/interno-barca-vela.jpg'><img loading=\"lazy\" decoding=\"async\" width=\"300\" height=\"225\" src=\"https:\/\/jasnatuta.com\/wp-content\/uploads\/2024\/01\/interno-barca-vela-300x225.jpg\" class=\"attachment-medium size-medium\" alt=\"\" aria-describedby=\"gallery-4-7358\" srcset=\"https:\/\/jasnatuta.com\/wp-content\/uploads\/2024\/01\/interno-barca-vela-300x225.jpg 300w, https:\/\/jasnatuta.com\/wp-content\/uploads\/2024\/01\/interno-barca-vela-200x150.jpg 200w, https:\/\/jasnatuta.com\/wp-content\/uploads\/2024\/01\/interno-barca-vela-768x576.jpg 768w, https:\/\/jasnatuta.com\/wp-content\/uploads\/2024\/01\/interno-barca-vela.jpg 1024w\" sizes=\"(max-width: 300px) 100vw, 300px\" \/><\/a>\n\t\t\t<\/div>\n\t\t\t\t<figcaption class='wp-caption-text gallery-caption' id='gallery-4-7358'>\n\t\t\t\tTanto spazio per gli amici\n\t\t\t\t<\/figcaption><\/figure><figure class='gallery-item'>\n\t\t\t<div class='gallery-icon landscape'>\n\t\t\t\t<a data-elementor-open-lightbox=\"yes\" data-elementor-lightbox-slideshow=\"03c3361\" data-e-action-hash=\"#elementor-action%3Aaction%3Dlightbox%26settings%3DeyJpZCI6NzM2MCwidXJsIjoiaHR0cHM6XC9cL2phc25hdHV0YS5jb21cL3dwLWNvbnRlbnRcL3VwbG9hZHNcLzIwMjRcLzAxXC9sYWNhYmluYS1kaS1wcnVhLmpwZyIsInNsaWRlc2hvdyI6IjAzYzMzNjEifQ%3D%3D\" href='https:\/\/jasnatuta.com\/wp-content\/uploads\/2024\/01\/lacabina-di-prua.jpg'><img loading=\"lazy\" decoding=\"async\" width=\"300\" height=\"225\" src=\"https:\/\/jasnatuta.com\/wp-content\/uploads\/2024\/01\/lacabina-di-prua-300x225.jpg\" class=\"attachment-medium size-medium\" alt=\"\" aria-describedby=\"gallery-4-7360\" srcset=\"https:\/\/jasnatuta.com\/wp-content\/uploads\/2024\/01\/lacabina-di-prua-300x225.jpg 300w, https:\/\/jasnatuta.com\/wp-content\/uploads\/2024\/01\/lacabina-di-prua-200x150.jpg 200w, https:\/\/jasnatuta.com\/wp-content\/uploads\/2024\/01\/lacabina-di-prua-768x576.jpg 768w, https:\/\/jasnatuta.com\/wp-content\/uploads\/2024\/01\/lacabina-di-prua.jpg 1024w\" sizes=\"(max-width: 300px) 100vw, 300px\" \/><\/a>\n\t\t\t<\/div>\n\t\t\t\t<figcaption class='wp-caption-text gallery-caption' id='gallery-4-7360'>\n\t\t\t\tLa cabina di prua\n\t\t\t\t<\/figcaption><\/figure><figure class='gallery-item'>\n\t\t\t<div class='gallery-icon landscape'>\n\t\t\t\t<a data-elementor-open-lightbox=\"yes\" data-elementor-lightbox-slideshow=\"03c3361\" data-e-action-hash=\"#elementor-action%3Aaction%3Dlightbox%26settings%3DeyJpZCI6NzM2MiwidXJsIjoiaHR0cHM6XC9cL2phc25hdHV0YS5jb21cL3dwLWNvbnRlbnRcL3VwbG9hZHNcLzIwMjRcLzAxXC9sYS1saWJyZXJpYS1kaS1ib3Jkby5qcGciLCJzbGlkZXNob3ciOiIwM2MzMzYxIn0%3D\" href='https:\/\/jasnatuta.com\/wp-content\/uploads\/2024\/01\/la-libreria-di-bordo.jpg'><img loading=\"lazy\" decoding=\"async\" width=\"300\" height=\"225\" src=\"https:\/\/jasnatuta.com\/wp-content\/uploads\/2024\/01\/la-libreria-di-bordo-300x225.jpg\" class=\"attachment-medium size-medium\" alt=\"\" aria-describedby=\"gallery-4-7362\" srcset=\"https:\/\/jasnatuta.com\/wp-content\/uploads\/2024\/01\/la-libreria-di-bordo-300x225.jpg 300w, https:\/\/jasnatuta.com\/wp-content\/uploads\/2024\/01\/la-libreria-di-bordo-200x150.jpg 200w, https:\/\/jasnatuta.com\/wp-content\/uploads\/2024\/01\/la-libreria-di-bordo-768x576.jpg 768w, https:\/\/jasnatuta.com\/wp-content\/uploads\/2024\/01\/la-libreria-di-bordo.jpg 1024w\" sizes=\"(max-width: 300px) 100vw, 300px\" \/><\/a>\n\t\t\t<\/div>\n\t\t\t\t<figcaption class='wp-caption-text gallery-caption' id='gallery-4-7362'>\n\t\t\t\tLa libreria di bordo\n\t\t\t\t<\/figcaption><\/figure>\n\t\t<\/div>\n\t\t<\/div>\n\t\t\t\t\t\t<\/div>\n\t\t\t\t<\/div>\n\t\t\t\t\t<\/div>\n\t\t\t\t<\/div>\n\t\t<div class=\"elementor-element elementor-element-9883830 e-flex e-con-boxed e-con e-parent\" data-id=\"9883830\" data-element_type=\"container\" data-e-type=\"container\">\n\t\t\t\t\t<div class=\"e-con-inner\">\n\t\t<div class=\"elementor-element elementor-element-7c7f4fe e-con-full e-flex e-con e-child\" data-id=\"7c7f4fe\" data-element_type=\"container\" data-e-type=\"container\">\n\t\t\t\t<div class=\"elementor-element elementor-element-085a222 elementor-widget elementor-widget-text-editor\" data-id=\"085a222\" data-element_type=\"widget\" data-e-type=\"widget\" data-widget_type=\"text-editor.default\">\n\t\t\t\t<div class=\"elementor-widget-container\">\n\t\t\t\t\t\t\t\t\t<h4><strong>E perch\u00e9 si chiama Tahuata?<\/strong><\/h4><p>\u00a0<\/p><p>C\u2019\u00e8 una piccola baia, alle isole Marchesi, chiamata Hanamoenoa. Se qualcuno mi chiede qual\u2019\u00e8 il mio luogo del cuore, io penso subito a quella baia.<\/p><p>L\u00ec il tempo sembra fermarsi, l\u00ec vivi in un altro mondo, lontano da tutto. Non esiste una strada per arrivarci.\u00a0<\/p><p>I cellulari non prendono e internet non esiste. Esistono solo la sabbia, le palme ed il mare.<\/p><p>L\u00ec ho nuotato per la prima volte con le mante, ho visto per la prima volta uno squalo e l\u00ec ho conosciuto Steven, un amico speciale che mi ha insegnato a guardare il mare con il cuore.\u00a0<\/p><p><strong>L\u00ec ho imparato che senza il superfluo si vive meglio<\/strong>. Ho passato mesi interi in quella baia, tanti mesi stupendamente semplici.<\/p><p>Hanamoenoa si trova sulla costa orientale dell\u2019isola di Tahuata ed \u00e8 proprio in suo onore che ho deciso di chiamare la mia barca cos\u00ec.<\/p>\t\t\t\t\t\t\t\t<\/div>\n\t\t\t\t<\/div>\n\t\t\t\t<\/div>\n\t\t<div class=\"elementor-element elementor-element-b08cc0a e-con-full e-flex e-con e-child\" data-id=\"b08cc0a\" data-element_type=\"container\" data-e-type=\"container\">\n\t\t\t\t<div class=\"elementor-element elementor-element-18e31fa elementor-widget elementor-widget-image\" data-id=\"18e31fa\" data-element_type=\"widget\" data-e-type=\"widget\" data-widget_type=\"image.default\">\n\t\t\t\t<div class=\"elementor-widget-container\">\n\t\t\t\t\t\t\t\t\t\t\t\t\t\t\t<img loading=\"lazy\" decoding=\"async\" width=\"640\" height=\"640\" src=\"https:\/\/jasnatuta.com\/wp-content\/uploads\/2015\/09\/IMG_20220709_225145_829-1024x1024-1.jpg\" class=\"attachment-large size-large wp-image-7308\" alt=\"\" srcset=\"https:\/\/jasnatuta.com\/wp-content\/uploads\/2015\/09\/IMG_20220709_225145_829-1024x1024-1.jpg 1024w, https:\/\/jasnatuta.com\/wp-content\/uploads\/2015\/09\/IMG_20220709_225145_829-1024x1024-1-200x200.jpg 200w, https:\/\/jasnatuta.com\/wp-content\/uploads\/2015\/09\/IMG_20220709_225145_829-1024x1024-1-100x100.jpg 100w, https:\/\/jasnatuta.com\/wp-content\/uploads\/2015\/09\/IMG_20220709_225145_829-1024x1024-1-300x300.jpg 300w, https:\/\/jasnatuta.com\/wp-content\/uploads\/2015\/09\/IMG_20220709_225145_829-1024x1024-1-150x150.jpg 150w, https:\/\/jasnatuta.com\/wp-content\/uploads\/2015\/09\/IMG_20220709_225145_829-1024x1024-1-768x768.jpg 768w\" sizes=\"(max-width: 640px) 100vw, 640px\" \/>\t\t\t\t\t\t\t\t\t\t\t\t\t\t\t<\/div>\n\t\t\t\t<\/div>\n\t\t\t\t<\/div>\n\t\t\t\t\t<\/div>\n\t\t\t\t<\/div>\n\t\t<div class=\"elementor-element elementor-element-1189db3 e-flex e-con-boxed e-con e-parent\" data-id=\"1189db3\" data-element_type=\"container\" data-e-type=\"container\">\n\t\t\t\t\t<div class=\"e-con-inner\">\n\t\t\t\t\t<\/div>\n\t\t\t\t<\/div>\n\t\t\t\t<\/div>\n\t\t","protected":false},"excerpt":{"rendered":"<p>Tahuata durante la regata Grand Soleil Cup 2022 a Portopiccolo La mia barca \u00e8 un Grand Soleil 39, una barca mitica del cantiere Del Pardo, progettata dal grande Alain Jezequel. Come scrive Il Giornale della Vela: \u201c\u00e8 una barca disegnata per chi ama navigare davvero.\u201d Io la adoro, perch\u00e9 \u00e8 veloce, ma anche molto solida, [&hellip;]<\/p>\n","protected":false},"author":1,"featured_media":0,"parent":0,"menu_order":0,"comment_status":"closed","ping_status":"closed","template":"","meta":{"footnotes":""},"class_list":["post-4508","page","type-page","status-publish","hentry"],"aioseo_notices":[],"_links":{"self":[{"href":"https:\/\/jasnatuta.com\/it\/wp-json\/wp\/v2\/pages\/4508","targetHints":{"allow":["GET"]}}],"collection":[{"href":"https:\/\/jasnatuta.com\/it\/wp-json\/wp\/v2\/pages"}],"about":[{"href":"https:\/\/jasnatuta.com\/it\/wp-json\/wp\/v2\/types\/page"}],"author":[{"embeddable":true,"href":"https:\/\/jasnatuta.com\/it\/wp-json\/wp\/v2\/users\/1"}],"replies":[{"embeddable":true,"href":"https:\/\/jasnatuta.com\/it\/wp-json\/wp\/v2\/comments?post=4508"}],"version-history":[{"count":124,"href":"https:\/\/jasnatuta.com\/it\/wp-json\/wp\/v2\/pages\/4508\/revisions"}],"predecessor-version":[{"id":5237,"href":"https:\/\/jasnatuta.com\/it\/wp-json\/wp\/v2\/pages\/4508\/revisions\/5237"}],"wp:attachment":[{"href":"https:\/\/jasnatuta.com\/it\/wp-json\/wp\/v2\/media?parent=4508"}],"curies":[{"name":"wp","href":"https:\/\/api.w.org\/{rel}","templated":true}]}}