{"id":5435,"date":"2024-01-20T14:14:24","date_gmt":"2024-01-20T13:14:24","guid":{"rendered":"https:\/\/jasnatuta.com\/?page_id=5435"},"modified":"2024-03-26T14:28:17","modified_gmt":"2024-03-26T13:28:17","slug":"i-miei-libri","status":"publish","type":"page","link":"https:\/\/jasnatuta.com\/it\/i-miei-libri\/","title":{"rendered":"I miei libri"},"content":{"rendered":"\t\t<div data-elementor-type=\"wp-page\" data-elementor-id=\"5435\" class=\"elementor elementor-5435\" data-elementor-post-type=\"page\">\n\t\t\t\t<div class=\"elementor-element elementor-element-e1f696a e-flex e-con-boxed e-con e-parent\" data-id=\"e1f696a\" data-element_type=\"container\" data-e-type=\"container\">\n\t\t\t\t\t<div class=\"e-con-inner\">\n\t\t\t\t<div class=\"elementor-element elementor-element-c60f920 elementor-widget elementor-widget-thim-ekits-header-info\" data-id=\"c60f920\" data-element_type=\"widget\" data-e-type=\"widget\" data-widget_type=\"thim-ekits-header-info.default\">\n\t\t\t\t<div class=\"elementor-widget-container\">\n\t\t\t\t\t\t\t<div class=\"header-info-swapper\">\n\t\t\t<ul class=\"thim-header-info\">\n\t\t\t\t\t\t\t\t\t\t<li>\n\t\t\t\t\t\t\t\t\t\t\t\t\t\t\t\n\t\t\t\t\t\t\t\tFinora ho pubblicato due libri: Un oceano di emozioni e Tutti i colori della Polinesia..\n\t\t\t\t\t\t\t\t\t\t\t\t\t\t<\/li>\n\t\t\t\t\t\t\t\t\t<\/ul>\n\t\t<\/div>\n\t\t\t\t\t\t<\/div>\n\t\t\t\t<\/div>\n\t\t\t\t\t<\/div>\n\t\t\t\t<\/div>\n\t\t<div class=\"elementor-element elementor-element-c2c934a e-flex e-con-boxed e-con e-parent\" data-id=\"c2c934a\" data-element_type=\"container\" data-e-type=\"container\" data-settings=\"{&quot;background_background&quot;:&quot;classic&quot;}\">\n\t\t\t\t\t<div class=\"e-con-inner\">\n\t\t<div class=\"elementor-element elementor-element-2e987c6 e-con-full e-flex e-con e-child\" data-id=\"2e987c6\" data-element_type=\"container\" data-e-type=\"container\">\n\t\t\t\t<div class=\"elementor-element elementor-element-2b3adfa elementor-widget elementor-widget-image\" data-id=\"2b3adfa\" data-element_type=\"widget\" data-e-type=\"widget\" data-widget_type=\"image.default\">\n\t\t\t\t<div class=\"elementor-widget-container\">\n\t\t\t\t\t\t\t\t\t\t\t\t\t\t\t<img fetchpriority=\"high\" decoding=\"async\" width=\"526\" height=\"526\" src=\"https:\/\/jasnatuta.com\/wp-content\/uploads\/2023\/06\/un-oceano-di-emozioni.jpg\" class=\"attachment-large size-large wp-image-4146\" alt=\"\" srcset=\"https:\/\/jasnatuta.com\/wp-content\/uploads\/2023\/06\/un-oceano-di-emozioni.jpg 526w, https:\/\/jasnatuta.com\/wp-content\/uploads\/2023\/06\/un-oceano-di-emozioni-200x200.jpg 200w, https:\/\/jasnatuta.com\/wp-content\/uploads\/2023\/06\/un-oceano-di-emozioni-100x100.jpg 100w, https:\/\/jasnatuta.com\/wp-content\/uploads\/2023\/06\/un-oceano-di-emozioni-300x300.jpg 300w, https:\/\/jasnatuta.com\/wp-content\/uploads\/2023\/06\/un-oceano-di-emozioni-150x150.jpg 150w\" sizes=\"(max-width: 526px) 100vw, 526px\" \/>\t\t\t\t\t\t\t\t\t\t\t\t\t\t\t<\/div>\n\t\t\t\t<\/div>\n\t\t\t\t<div class=\"elementor-element elementor-element-8188fdc elementor-widget elementor-widget-thim-ekits-button\" data-id=\"8188fdc\" data-element_type=\"widget\" data-e-type=\"widget\" data-widget_type=\"thim-ekits-button.default\">\n\t\t\t\t<div class=\"elementor-widget-container\">\n\t\t\t\t\t\n\t\t<div class=\"thim-ekits-button\">\n\t\t\t<a href=\"https:\/\/www.frangente.com\/libri\/6009-art-Un_oceano_di_emozioni.htm\" role=\"button\">\n\t\t\t\t<span class=\"button-content-wrapper\">\n\t\t\t\t\tACQUISTA DALLA CASA EDITRICE\t\t\t\t<\/span>\n\t\t\t<\/a>\n\t\t<\/div>\n\n\t\t\t\t\t\t<\/div>\n\t\t\t\t<\/div>\n\t\t\t\t<div class=\"elementor-element elementor-element-e77e425 elementor-widget elementor-widget-thim-ekits-button\" data-id=\"e77e425\" data-element_type=\"widget\" data-e-type=\"widget\" data-widget_type=\"thim-ekits-button.default\">\n\t\t\t\t<div class=\"elementor-widget-container\">\n\t\t\t\t\t\n\t\t<div class=\"thim-ekits-button\">\n\t\t\t<a href=\"https:\/\/www.amazon.it\/oceano-emozioni-Jasna-Tuta-ebook\/dp\/B09LYQVFK8\/ref=tmm_kin_swatch_0?_encoding=UTF8&#038;qid=&#038;sr=\" role=\"button\">\n\t\t\t\t<span class=\"button-content-wrapper\">\n\t\t\t\t\tACQUISTA IL LIBRO SU AMAZON\t\t\t\t<\/span>\n\t\t\t<\/a>\n\t\t<\/div>\n\n\t\t\t\t\t\t<\/div>\n\t\t\t\t<\/div>\n\t\t\t\t<\/div>\n\t\t<div class=\"elementor-element elementor-element-dac0b46 e-con-full e-flex e-con e-child\" data-id=\"dac0b46\" data-element_type=\"container\" data-e-type=\"container\">\n\t\t<div class=\"elementor-element elementor-element-d5950c4 e-flex e-con-boxed e-con e-child\" data-id=\"d5950c4\" data-element_type=\"container\" data-e-type=\"container\">\n\t\t\t\t\t<div class=\"e-con-inner\">\n\t\t\t\t<div class=\"elementor-element elementor-element-72f7524 elementor-widget elementor-widget-heading\" data-id=\"72f7524\" data-element_type=\"widget\" data-e-type=\"widget\" data-widget_type=\"heading.default\">\n\t\t\t\t<div class=\"elementor-widget-container\">\n\t\t\t\t\t<h3 class=\"elementor-heading-title elementor-size-default\">Un oceano di emozioni<\/h3>\t\t\t\t<\/div>\n\t\t\t\t<\/div>\n\t\t\t\t\t<\/div>\n\t\t\t\t<\/div>\n\t\t<div class=\"elementor-element elementor-element-5afc46a e-flex e-con-boxed e-con e-child\" data-id=\"5afc46a\" data-element_type=\"container\" data-e-type=\"container\">\n\t\t\t\t\t<div class=\"e-con-inner\">\n\t\t\t\t<div class=\"elementor-element elementor-element-b1afa36 elementor-widget elementor-widget-text-editor\" data-id=\"b1afa36\" data-element_type=\"widget\" data-e-type=\"widget\" data-widget_type=\"text-editor.default\">\n\t\t\t\t<div class=\"elementor-widget-container\">\n\t\t\t\t\t\t\t\t\t<p>Questo libro \u00e8 uscito a giugno 2021, edizioni Il Frangente.<\/p><p><em>Un oceano di emozioni<\/em>\u00a0\u00e8 un resoconto onesto di una\u00a0<strong>prima traversata oceanica<\/strong>\u00a0su una piccola barca a vela. Quando ho issato le vele e puntato la prua verso l\u2019ignoto, ho dato inizio all\u2019avventura pi\u00f9 affascinante della mia vita. Ma poi ho capito che stavo cominciando anche un altro viaggio. Mentre la paura iniziale dell\u2019ignoto cominciava a lasciare lentamente il posto al ritmo quotidiano della vita in mare, \u00e8 iniziato un processo interiore che mi ha segnato profondamente. Questo libro \u00e8 il mio tentativo di descrivere la natura e l\u2019effetto di questa sottile trasformazione.<\/p>\t\t\t\t\t\t\t\t<\/div>\n\t\t\t\t<\/div>\n\t\t\t\t<div class=\"elementor-element elementor-element-867b86a elementor-widget elementor-widget-text-editor\" data-id=\"867b86a\" data-element_type=\"widget\" data-e-type=\"widget\" data-widget_type=\"text-editor.default\">\n\t\t\t\t<div class=\"elementor-widget-container\">\n\t\t\t\t\t\t\t\t\t<p>Ecco alcune recensioni:<\/p><blockquote class=\"wp-block-quote\"><p>\u201c\u2026avventuroso e affascinante\u201d (G.Ottaviani,\u00a0<a href=\"https:\/\/convenzionali.wordpress.com\/2021\/07\/14\/un-oceano-di-emozioni\/\" target=\"_blank\" rel=\"noreferrer noopener\">Convenzionali<\/a>)<\/p><\/blockquote><blockquote class=\"wp-block-quote\"><p>\u201c\u2026particolarmente coinvolgente, scritto bene, pieno di vita e di passione per il mare.\u201d\u00a0<a href=\"https:\/\/www.nautica.it\/libri-sul-mare\/un-oceano-di-emozioni-di-jasna-tuta\/\" target=\"_blank\" rel=\"noreferrer noopener\">(Nautica.it)<\/a><\/p><\/blockquote><blockquote class=\"wp-block-quote\"><p>\u201c\u2026delizioso libro da gustare e meditare\u2026\u201d\u00a0<a href=\"https:\/\/www.foodmoodmag.it\/read\/libri-sull-onda-emozioni-oceaniche-per-un-oceano-di-emozioni\" target=\"_blank\" rel=\"noreferrer noopener\">(FoodMoodMag)<\/a><\/p><\/blockquote><blockquote class=\"wp-block-quote\"><p>Grazie ad una storia semplice, spesso<strong>\u00a0ironica, vera e colma di elementi interessanti,\u00a0<\/strong>il coinvolgimento del lettore sar\u00e0 immediato.<strong>\u00a0<\/strong><a href=\"https:\/\/www.eroicafenice.com\/libri\/un-oceano-di-emozioni-il-nuovo-romanzo-di-jasna-tuta\/\">(Eroica Fenice)<\/a><\/p><\/blockquote><blockquote class=\"wp-block-quote\"><p>\u201c\u2026scorre lieve come il diario di un\u2019amica\u2026\u00a0<a href=\"https:\/\/l.facebook.com\/l.php?u=https%3A%2F%2Fviaggevolmente.com%2Flibri-per-lestate-2021%2F%3Ffbclid%3DIwAR369_zIfGM9efyDFA7Vx4AzTaosQU15n6pF_ZqwuhZAq5ad0AQDYBSSArU&amp;h=AT0fd311L9GisijikF28C3XCtuxIN48hk3U6sCP3LaO4OIxEsrR19xvQx37sihUXZi5g_Toruv6VVAgCmFF6yjOBRmBgXGekq58HShcWLR4TOhCfPh0FyMJUDr8NvqyZkw&amp;__tn__=-UK-R&amp;c[0]=AT1dNMMPI-GSntnGGMnzA4PwA_EfWYJiAovW5jPKw-a-JmSK6stuo34AUy3yx1IZS6zWe-so_Xj0cZKEoaApccugh_eo2m8OX-Skix9tglE5tj36F3akbq24mZwVF62KTpDkPufKTQX7vH6Pbehjo6coJT6TF2ZCCOrz5siJAUbEcKlQuicl2rsW2IREkM-yNaeiR2z5\" target=\"_blank\" rel=\"noreferrer noopener\">(Viaggevolando)<\/a><\/p><\/blockquote>\t\t\t\t\t\t\t\t<\/div>\n\t\t\t\t<\/div>\n\t\t\t\t\t<\/div>\n\t\t\t\t<\/div>\n\t\t\t\t<\/div>\n\t\t\t\t\t<\/div>\n\t\t\t\t<\/div>\n\t\t<div class=\"elementor-element elementor-element-c8048a4 e-flex e-con-boxed e-con e-parent\" data-id=\"c8048a4\" data-element_type=\"container\" data-e-type=\"container\">\n\t\t\t\t\t<div class=\"e-con-inner\">\n\t\t<div class=\"elementor-element elementor-element-fdbe1ac e-con-full e-flex e-con e-child\" data-id=\"fdbe1ac\" data-element_type=\"container\" data-e-type=\"container\">\n\t\t\t\t<div class=\"elementor-element elementor-element-86a1bd6 elementor-widget elementor-widget-image\" data-id=\"86a1bd6\" data-element_type=\"widget\" data-e-type=\"widget\" data-widget_type=\"image.default\">\n\t\t\t\t<div class=\"elementor-widget-container\">\n\t\t\t\t\t\t\t\t\t\t\t\t\t\t\t<img decoding=\"async\" width=\"526\" height=\"526\" src=\"https:\/\/jasnatuta.com\/wp-content\/uploads\/2023\/06\/tuttiicoloridellapolinesia-.png\" class=\"attachment-large size-large wp-image-4403\" alt=\"\" srcset=\"https:\/\/jasnatuta.com\/wp-content\/uploads\/2023\/06\/tuttiicoloridellapolinesia-.png 526w, https:\/\/jasnatuta.com\/wp-content\/uploads\/2023\/06\/tuttiicoloridellapolinesia--200x200.png 200w, https:\/\/jasnatuta.com\/wp-content\/uploads\/2023\/06\/tuttiicoloridellapolinesia--100x100.png 100w, https:\/\/jasnatuta.com\/wp-content\/uploads\/2023\/06\/tuttiicoloridellapolinesia--300x300.png 300w, https:\/\/jasnatuta.com\/wp-content\/uploads\/2023\/06\/tuttiicoloridellapolinesia--150x150.png 150w\" sizes=\"(max-width: 526px) 100vw, 526px\" \/>\t\t\t\t\t\t\t\t\t\t\t\t\t\t\t<\/div>\n\t\t\t\t<\/div>\n\t\t\t\t<\/div>\n\t\t<div class=\"elementor-element elementor-element-23ef5e4 e-con-full e-flex e-con e-child\" data-id=\"23ef5e4\" data-element_type=\"container\" data-e-type=\"container\">\n\t\t<div class=\"elementor-element elementor-element-e3aac2a e-flex e-con-boxed e-con e-child\" data-id=\"e3aac2a\" data-element_type=\"container\" data-e-type=\"container\">\n\t\t\t\t\t<div class=\"e-con-inner\">\n\t\t\t\t<div class=\"elementor-element elementor-element-6952e95 elementor-widget elementor-widget-heading\" data-id=\"6952e95\" data-element_type=\"widget\" data-e-type=\"widget\" data-widget_type=\"heading.default\">\n\t\t\t\t<div class=\"elementor-widget-container\">\n\t\t\t\t\t<h3 class=\"elementor-heading-title elementor-size-default\">Tutti i colori della Polinesia<\/h3>\t\t\t\t<\/div>\n\t\t\t\t<\/div>\n\t\t\t\t\t<\/div>\n\t\t\t\t<\/div>\n\t\t<div class=\"elementor-element elementor-element-16f0c13 e-flex e-con-boxed e-con e-child\" data-id=\"16f0c13\" data-element_type=\"container\" data-e-type=\"container\">\n\t\t\t\t\t<div class=\"e-con-inner\">\n\t\t\t\t<div class=\"elementor-element elementor-element-664d5a3 elementor-widget elementor-widget-text-editor\" data-id=\"664d5a3\" data-element_type=\"widget\" data-e-type=\"widget\" data-widget_type=\"text-editor.default\">\n\t\t\t\t<div class=\"elementor-widget-container\">\n\t\t\t\t\t\t\t\t\t<p>Se il primo libro \u00e8 dedicato al viaggio, questo \u00e8 interamente dedicato alla destinazione. E che dire, la Polinesia Francese \u00e8 una delle mete sognate da tutti. Io me ne sono innamorata e nel libro ho semplicemente cercato di trasmettere tutto questo amore \u2013 per i luoghi, gli animali e le persone che ci vivono.<br \/>Lo puoi acquistare nelle librerie italiane, su Amazon, oppure puoi ordinarlo nel mio shop, per averlo ad un prezzo scontato e con dedica.<\/p>\t\t\t\t\t\t\t\t<\/div>\n\t\t\t\t<\/div>\n\t\t\t\t<div class=\"elementor-element elementor-element-9683e9d elementor-widget elementor-widget-thim-ekits-button\" data-id=\"9683e9d\" data-element_type=\"widget\" data-e-type=\"widget\" data-widget_type=\"thim-ekits-button.default\">\n\t\t\t\t<div class=\"elementor-widget-container\">\n\t\t\t\t\t\n\t\t<div class=\"thim-ekits-button\">\n\t\t\t<a href=\"\/prodotto\/tutti-i-colori-della-polinesia\/\" role=\"button\">\n\t\t\t\t<span class=\"button-content-wrapper\">\n\t\t\t\t\tACQUISTA SUL MIO SHOP ONLINE\t\t\t\t<\/span>\n\t\t\t<\/a>\n\t\t<\/div>\n\n\t\t\t\t\t\t<\/div>\n\t\t\t\t<\/div>\n\t\t\t\t<div class=\"elementor-element elementor-element-9366c70 elementor-widget elementor-widget-thim-ekits-button\" data-id=\"9366c70\" data-element_type=\"widget\" data-e-type=\"widget\" data-widget_type=\"thim-ekits-button.default\">\n\t\t\t\t<div class=\"elementor-widget-container\">\n\t\t\t\t\t\n\t\t<div class=\"thim-ekits-button\">\n\t\t\t<a href=\"https:\/\/www.amazon.it\/Tutti-colori-della-Polinesia-Avventure-ebook\/dp\/B0C426FKMH?ref_=ast_author_mpb\" role=\"button\">\n\t\t\t\t<span class=\"button-content-wrapper\">\n\t\t\t\t\tACQUISTA IL LIBRO SU AMAZON\t\t\t\t<\/span>\n\t\t\t<\/a>\n\t\t<\/div>\n\n\t\t\t\t\t\t<\/div>\n\t\t\t\t<\/div>\n\t\t\t\t\t<\/div>\n\t\t\t\t<\/div>\n\t\t\t\t<\/div>\n\t\t\t\t\t<\/div>\n\t\t\t\t<\/div>\n\t\t<div class=\"elementor-element elementor-element-7bd9de6 e-flex e-con-boxed e-con e-parent\" data-id=\"7bd9de6\" data-element_type=\"container\" data-e-type=\"container\" data-settings=\"{&quot;background_background&quot;:&quot;classic&quot;}\">\n\t\t\t\t\t<div class=\"e-con-inner\">\n\t\t<div class=\"elementor-element elementor-element-8000014 e-con-full e-flex e-con e-child\" data-id=\"8000014\" data-element_type=\"container\" data-e-type=\"container\">\n\t\t\t\t<div class=\"elementor-element elementor-element-58e574c elementor-widget elementor-widget-text-editor\" data-id=\"58e574c\" data-element_type=\"widget\" data-e-type=\"widget\" data-widget_type=\"text-editor.default\">\n\t\t\t\t<div class=\"elementor-widget-container\">\n\t\t\t\t\t\t\t\t\t<p><strong>Grazie<\/strong>\u00a0a te che mi leggi, che acquisti<a href=\"https:\/\/www.jasnatuta.com\/it\/my-books-2\/\">\u00a0i miei libri\u00a0<\/a>supportando il mio lavoro e che mi scrivi per farmi domande, per farmi sapere cosa ne pensi del libro o semplicemente per un saluto.<\/p><p>Ogni email o commento sul mio sito, ogni \u201cmi piace\u201d sulla mia pagina\u00a0<a href=\"https:\/\/www.facebook.com\/neverendingtresurehunt\" target=\"_blank\" rel=\"noreferrer noopener\" aria-label=\"Facebook (opens in a new tab)\">Facebook\u00a0<\/a>o\u00a0<a href=\"https:\/\/www.instagram.com\/jasnatuta\/\" target=\"_blank\" rel=\"noreferrer noopener\" aria-label=\"Instagram (opens in a new tab)\">Instagram<\/a>\u00a0mi dicono che apprezzate le mie storie, quindi grazie di cuore ad ognuno di voi.<\/p><p><strong>Finch\u00e9 continuerete a leggermi, io continuer\u00f2 a scrivere.<\/strong><\/p>\t\t\t\t\t\t\t\t<\/div>\n\t\t\t\t<\/div>\n\t\t\t\t<\/div>\n\t\t<div class=\"elementor-element elementor-element-cabb7e6 e-con-full e-flex e-con e-child\" data-id=\"cabb7e6\" data-element_type=\"container\" data-e-type=\"container\">\n\t\t\t\t<div class=\"elementor-element elementor-element-dff77e6 elementor-widget elementor-widget-image\" data-id=\"dff77e6\" data-element_type=\"widget\" data-e-type=\"widget\" data-widget_type=\"image.default\">\n\t\t\t\t<div class=\"elementor-widget-container\">\n\t\t\t\t\t\t\t\t\t\t\t\t<figure class=\"wp-caption\">\n\t\t\t\t\t\t\t\t\t\t<img decoding=\"async\" width=\"480\" height=\"479\" src=\"https:\/\/jasnatuta.com\/wp-content\/uploads\/2024\/01\/scrittrice-jasnatuta.jpg\" class=\"attachment-large size-large wp-image-5465\" alt=\"\" srcset=\"https:\/\/jasnatuta.com\/wp-content\/uploads\/2024\/01\/scrittrice-jasnatuta.jpg 480w, https:\/\/jasnatuta.com\/wp-content\/uploads\/2024\/01\/scrittrice-jasnatuta-300x299.jpg 300w, https:\/\/jasnatuta.com\/wp-content\/uploads\/2024\/01\/scrittrice-jasnatuta-150x150.jpg 150w, https:\/\/jasnatuta.com\/wp-content\/uploads\/2024\/01\/scrittrice-jasnatuta-200x200.jpg 200w, https:\/\/jasnatuta.com\/wp-content\/uploads\/2024\/01\/scrittrice-jasnatuta-100x100.jpg 100w\" sizes=\"(max-width: 480px) 100vw, 480px\" \/>\t\t\t\t\t\t\t\t\t\t\t<figcaption class=\"widget-image-caption wp-caption-text\"><\/figcaption>\n\t\t\t\t\t\t\t\t\t\t<\/figure>\n\t\t\t\t\t\t\t\t\t<\/div>\n\t\t\t\t<\/div>\n\t\t\t\t<\/div>\n\t\t\t\t\t<\/div>\n\t\t\t\t<\/div>\n\t\t<div class=\"elementor-element elementor-element-0138e14 e-flex e-con-boxed e-con e-parent\" data-id=\"0138e14\" data-element_type=\"container\" data-e-type=\"container\">\n\t\t\t\t\t<div class=\"e-con-inner\">\n\t\t\t\t\t<\/div>\n\t\t\t\t<\/div>\n\t\t\t\t<\/div>\n\t\t","protected":false},"excerpt":{"rendered":"<p>Finora ho pubblicato due libri: Un oceano di emozioni e Tutti i colori della Polinesia.. ACQUISTA DALLA CASA EDITRICE ACQUISTA IL LIBRO SU AMAZON Un oceano di emozioni Questo libro \u00e8 uscito a giugno 2021, edizioni Il Frangente. Un oceano di emozioni\u00a0\u00e8 un resoconto onesto di una\u00a0prima traversata oceanica\u00a0su una piccola barca a vela. Quando [&hellip;]<\/p>\n","protected":false},"author":1,"featured_media":0,"parent":0,"menu_order":0,"comment_status":"closed","ping_status":"closed","template":"","meta":{"footnotes":""},"class_list":["post-5435","page","type-page","status-publish","hentry"],"aioseo_notices":[],"_links":{"self":[{"href":"https:\/\/jasnatuta.com\/it\/wp-json\/wp\/v2\/pages\/5435","targetHints":{"allow":["GET"]}}],"collection":[{"href":"https:\/\/jasnatuta.com\/it\/wp-json\/wp\/v2\/pages"}],"about":[{"href":"https:\/\/jasnatuta.com\/it\/wp-json\/wp\/v2\/types\/page"}],"author":[{"embeddable":true,"href":"https:\/\/jasnatuta.com\/it\/wp-json\/wp\/v2\/users\/1"}],"replies":[{"embeddable":true,"href":"https:\/\/jasnatuta.com\/it\/wp-json\/wp\/v2\/comments?post=5435"}],"version-history":[{"count":64,"href":"https:\/\/jasnatuta.com\/it\/wp-json\/wp\/v2\/pages\/5435\/revisions"}],"predecessor-version":[{"id":8887,"href":"https:\/\/jasnatuta.com\/it\/wp-json\/wp\/v2\/pages\/5435\/revisions\/8887"}],"wp:attachment":[{"href":"https:\/\/jasnatuta.com\/it\/wp-json\/wp\/v2\/media?parent=5435"}],"curies":[{"name":"wp","href":"https:\/\/api.w.org\/{rel}","templated":true}]}}