{"id":6594,"date":"2024-02-23T13:33:22","date_gmt":"2024-02-23T12:33:22","guid":{"rendered":"https:\/\/jasnatuta.com\/?page_id=6594"},"modified":"2026-02-07T18:49:59","modified_gmt":"2026-02-07T17:49:59","slug":"serate-di-mare-e-presentazioni-del-libro","status":"publish","type":"page","link":"https:\/\/jasnatuta.com\/it\/serate-di-mare-e-presentazioni-del-libro\/","title":{"rendered":"Serate di Mare"},"content":{"rendered":"\t\t<div data-elementor-type=\"wp-page\" data-elementor-id=\"6594\" class=\"elementor elementor-6594\" data-elementor-post-type=\"page\">\n\t\t\t\t<div class=\"elementor-element elementor-element-9f3bca4 e-flex e-con-boxed e-con e-parent\" data-id=\"9f3bca4\" data-element_type=\"container\" data-e-type=\"container\">\n\t\t\t\t\t<div class=\"e-con-inner\">\n\t\t\t\t<div class=\"elementor-element elementor-element-131f247 elementor-widget elementor-widget-heading\" data-id=\"131f247\" data-element_type=\"widget\" data-e-type=\"widget\" data-widget_type=\"heading.default\">\n\t\t\t\t<div class=\"elementor-widget-container\">\n\t\t\t\t\t<h5 class=\"elementor-heading-title elementor-size-default\">Lezioni di vita imparate navigando in oceano<\/h5>\t\t\t\t<\/div>\n\t\t\t\t<\/div>\n\t\t\t\t\t<\/div>\n\t\t\t\t<\/div>\n\t\t<div class=\"elementor-element elementor-element-cf097df e-flex e-con-boxed e-con e-parent\" data-id=\"cf097df\" data-element_type=\"container\" data-e-type=\"container\">\n\t\t\t\t\t<div class=\"e-con-inner\">\n\t\t\t\t<div class=\"elementor-element elementor-element-3e4db7a elementor-widget elementor-widget-text-editor\" data-id=\"3e4db7a\" data-element_type=\"widget\" data-e-type=\"widget\" data-widget_type=\"text-editor.default\">\n\t\t\t\t<div class=\"elementor-widget-container\">\n\t\t\t\t\t\t\t\t\t<h2>Racconti ispirazionali su cambiamento, decisioni e incertezza, nati da oltre dieci anni di vita in mare.<\/h2>\t\t\t\t\t\t\t\t<\/div>\n\t\t\t\t<\/div>\n\t\t\t\t\t<\/div>\n\t\t\t\t<\/div>\n\t\t<div class=\"elementor-element elementor-element-6796a09 e-flex e-con-boxed e-con e-parent\" data-id=\"6796a09\" data-element_type=\"container\" data-e-type=\"container\">\n\t\t\t\t\t<div class=\"e-con-inner\">\n\t\t<div class=\"elementor-element elementor-element-f47ca50 e-con-full e-flex e-con e-child\" data-id=\"f47ca50\" data-element_type=\"container\" data-e-type=\"container\">\n\t\t\t\t<div class=\"elementor-element elementor-element-9930790 elementor-widget elementor-widget-text-editor\" data-id=\"9930790\" data-element_type=\"widget\" data-e-type=\"widget\" data-widget_type=\"text-editor.default\">\n\t\t\t\t<div class=\"elementor-widget-container\">\n\t\t\t\t\t\t\t\t\t<p>Quando arriva il freddo mi metto ad organizzare <strong>serate dedicate al mare, alla vela, all&#8217;oceano e a paesi esotici.<\/strong><\/p><p>Lo faccio perch\u00e9 adoro portare un po\u2019 di calduccio e di alisei nell\u2019inverno europeo e incontrare centinaia di persone che si lasciano emozionare dai miei racconti.<\/p><p>Dal 2016 ho fatto <strong>oltre 80 serate<\/strong> in tanti ambienti diversi: dalle piccole biblioteche paesane a grandi teatri, da circoli velici a scuole elementari, medie e superiori.<\/p><p><br \/><strong>Queste serate di mare mi scaldano sempre il cuore<\/strong>&#8230; non per le storie esotiche che racconto, non per le foto di palme che proietto sullo schermo, ma per la bellissima energia che si crea in sala. Credo che questa atmosfera magica sia dovuta al grande amore per il mare e la vela che accomuna tutti i presenti.\u00a0<\/p><p>\u00c8 un po&#8217; come il legame istantaneo e duraturo che si crea tra i navigatori che si incontrano nelle rade pi\u00f9 isolate al mondo.\u00a0<span style=\"color: var( --e-global-color-text ); text-align: var(--text-align); background-color: var(--thim_body_bg_color);\">Non conosci la persona che si \u00e8 appena ancorata vicino a te ma sai gi\u00e0 che ti piacer\u00e0, perch\u00e9 se \u00e8 l\u00ec vuol dire che condivide i tuoi stessi valori: l&#8217;amore per la libert\u00e0 e per una vita semplice, la voglia di mettersi in gioco restando umili, il rispetto per l&#8217;ambiente e per culture diverse dalla nostra.<\/span><\/p>\t\t\t\t\t\t\t\t<\/div>\n\t\t\t\t<\/div>\n\t\t\t\t<\/div>\n\t\t<div class=\"elementor-element elementor-element-33fcb14 e-con-full e-flex e-con e-child\" data-id=\"33fcb14\" data-element_type=\"container\" data-e-type=\"container\">\n\t\t\t\t<div class=\"elementor-element elementor-element-04c34d1 elementor-widget elementor-widget-image\" data-id=\"04c34d1\" data-element_type=\"widget\" data-e-type=\"widget\" data-widget_type=\"image.default\">\n\t\t\t\t<div class=\"elementor-widget-container\">\n\t\t\t\t\t\t\t\t\t\t\t\t<figure class=\"wp-caption\">\n\t\t\t\t\t\t\t\t\t\t<img fetchpriority=\"high\" decoding=\"async\" width=\"640\" height=\"667\" src=\"https:\/\/jasnatuta.com\/wp-content\/uploads\/2024\/02\/Jasna_Tuta_1_24-2-1-e1708692344936.jpg\" class=\"attachment-large size-large wp-image-6601\" alt=\"jasna tuta\" srcset=\"https:\/\/jasnatuta.com\/wp-content\/uploads\/2024\/02\/Jasna_Tuta_1_24-2-1-e1708692344936.jpg 665w, https:\/\/jasnatuta.com\/wp-content\/uploads\/2024\/02\/Jasna_Tuta_1_24-2-1-e1708692344936-288x300.jpg 288w, https:\/\/jasnatuta.com\/wp-content\/uploads\/2024\/02\/Jasna_Tuta_1_24-2-1-e1708692344936-200x208.jpg 200w, https:\/\/jasnatuta.com\/wp-content\/uploads\/2024\/02\/Jasna_Tuta_1_24-2-1-e1708692344936-300x313.jpg 300w\" sizes=\"(max-width: 640px) 100vw, 640px\" \/>\t\t\t\t\t\t\t\t\t\t\t<figcaption class=\"widget-image-caption wp-caption-text\"><\/figcaption>\n\t\t\t\t\t\t\t\t\t\t<\/figure>\n\t\t\t\t\t\t\t\t\t<\/div>\n\t\t\t\t<\/div>\n\t\t\t\t<\/div>\n\t\t\t\t\t<\/div>\n\t\t\t\t<\/div>\n\t\t<div class=\"elementor-element elementor-element-d454552 e-con-full e-flex e-con e-parent\" data-id=\"d454552\" data-element_type=\"container\" data-e-type=\"container\" data-settings=\"{&quot;background_background&quot;:&quot;classic&quot;}\">\n\t\t<div class=\"elementor-element elementor-element-f772294 e-con-full e-flex e-con e-child\" data-id=\"f772294\" data-element_type=\"container\" data-e-type=\"container\">\n\t\t\t\t<div class=\"elementor-element elementor-element-5866a4f elementor-widget elementor-widget-image-carousel\" data-id=\"5866a4f\" data-element_type=\"widget\" data-e-type=\"widget\" data-settings=\"{&quot;slides_to_show&quot;:&quot;1&quot;,&quot;navigation&quot;:&quot;none&quot;,&quot;lazyload&quot;:&quot;yes&quot;,&quot;autoplay_speed&quot;:2000,&quot;effect&quot;:&quot;fade&quot;,&quot;speed&quot;:1500,&quot;autoplay&quot;:&quot;yes&quot;,&quot;pause_on_hover&quot;:&quot;yes&quot;,&quot;pause_on_interaction&quot;:&quot;yes&quot;,&quot;infinite&quot;:&quot;yes&quot;}\" data-widget_type=\"image-carousel.default\">\n\t\t\t\t<div class=\"elementor-widget-container\">\n\t\t\t\t\t\t\t<div class=\"elementor-image-carousel-wrapper swiper\" role=\"region\" aria-roledescription=\"carousel\" aria-label=\"Carosello d&#039;immagini\" dir=\"ltr\">\n\t\t\t<div class=\"elementor-image-carousel swiper-wrapper swiper-image-stretch\" aria-live=\"off\">\n\t\t\t\t\t\t\t\t<div class=\"swiper-slide\" role=\"group\" aria-roledescription=\"slide\" aria-label=\"1 di 6\"><figure class=\"swiper-slide-inner\"><img class=\"swiper-slide-image swiper-lazy\" data-src=\"https:\/\/jasnatuta.com\/wp-content\/uploads\/2024\/02\/jasnatuta-serata-e1708702460545-768x548.jpg\" alt=\"jasnatuta-serata\" \/><div class=\"swiper-lazy-preloader\"><\/div><\/figure><\/div><div class=\"swiper-slide\" role=\"group\" aria-roledescription=\"slide\" aria-label=\"2 di 6\"><figure class=\"swiper-slide-inner\"><img class=\"swiper-slide-image swiper-lazy\" data-src=\"https:\/\/jasnatuta.com\/wp-content\/uploads\/2024\/02\/IMG_20231124_185909-768x576.jpg\" alt=\"serate di mare\" \/><div class=\"swiper-lazy-preloader\"><\/div><\/figure><\/div><div class=\"swiper-slide\" role=\"group\" aria-roledescription=\"slide\" aria-label=\"3 di 6\"><figure class=\"swiper-slide-inner\"><img class=\"swiper-slide-image swiper-lazy\" data-src=\"https:\/\/jasnatuta.com\/wp-content\/uploads\/2024\/02\/Tuta-2020-768x576.jpg\" alt=\"Tuta-2020\" \/><div class=\"swiper-lazy-preloader\"><\/div><\/figure><\/div><div class=\"swiper-slide\" role=\"group\" aria-roledescription=\"slide\" aria-label=\"4 di 6\"><figure class=\"swiper-slide-inner\"><img class=\"swiper-slide-image swiper-lazy\" data-src=\"https:\/\/jasnatuta.com\/wp-content\/uploads\/2024\/02\/jasnatutaserate-768x513.jpg\" alt=\"jasnatuta serate\" \/><div class=\"swiper-lazy-preloader\"><\/div><\/figure><\/div><div class=\"swiper-slide\" role=\"group\" aria-roledescription=\"slide\" aria-label=\"5 di 6\"><figure class=\"swiper-slide-inner\"><img class=\"swiper-slide-image swiper-lazy\" data-src=\"https:\/\/jasnatuta.com\/wp-content\/uploads\/2024\/02\/jasnatuta-serate-768x512.jpg\" alt=\"jasnatuta-serate\" \/><div class=\"swiper-lazy-preloader\"><\/div><\/figure><\/div><div class=\"swiper-slide\" role=\"group\" aria-roledescription=\"slide\" aria-label=\"6 di 6\"><figure class=\"swiper-slide-inner\"><img class=\"swiper-slide-image swiper-lazy\" data-src=\"https:\/\/jasnatuta.com\/wp-content\/uploads\/2024\/02\/jasna-tuta-serate-768x576.jpg\" alt=\"jasna-tuta-serate\" \/><div class=\"swiper-lazy-preloader\"><\/div><\/figure><\/div>\t\t\t<\/div>\n\t\t\t\t\t\t\t\n\t\t\t\t\t\t\t\t\t<\/div>\n\t\t\t\t\t\t<\/div>\n\t\t\t\t<\/div>\n\t\t\t\t<\/div>\n\t\t<div class=\"elementor-element elementor-element-96f60d6 e-con-full e-flex e-con e-child\" data-id=\"96f60d6\" data-element_type=\"container\" data-e-type=\"container\" data-settings=\"{&quot;background_background&quot;:&quot;classic&quot;}\">\n\t\t\t\t<div class=\"elementor-element elementor-element-8fab557 elementor-widget elementor-widget-text-editor\" data-id=\"8fab557\" data-element_type=\"widget\" data-e-type=\"widget\" data-widget_type=\"text-editor.default\">\n\t\t\t\t<div class=\"elementor-widget-container\">\n\t\t\t\t\t\t\t\t\t<p>Organizzare queste serate e viverle con tutte queste persone che prima o poi spero di incontrare anche in mare \u00e8 per me un privilegio e un onore.<\/p><p>Grazie dunque a chi mi invita permettendomi di vivere questa emozionante avventura invernale.<\/p><p><strong>Se volete organizzare una serata anche nel vostro circolo o nella vostra scuola, scrivetemi e ne parliamo!<\/strong><\/p>\t\t\t\t\t\t\t\t<\/div>\n\t\t\t\t<\/div>\n\t\t\t\t<\/div>\n\t\t\t\t<\/div>\n\t\t<div class=\"elementor-element elementor-element-c6afff2 e-flex e-con-boxed e-con e-parent\" data-id=\"c6afff2\" data-element_type=\"container\" data-e-type=\"container\">\n\t\t\t\t\t<div class=\"e-con-inner\">\n\t\t<div class=\"elementor-element elementor-element-6d6f0b0 e-con-full e-flex e-con e-child\" data-id=\"6d6f0b0\" data-element_type=\"container\" data-e-type=\"container\" data-settings=\"{&quot;background_background&quot;:&quot;classic&quot;}\">\n\t\t\t\t<div class=\"elementor-element elementor-element-7616d96 elementor-widget__width-initial elementor-widget elementor-widget-text-editor\" data-id=\"7616d96\" data-element_type=\"widget\" data-e-type=\"widget\" data-widget_type=\"text-editor.default\">\n\t\t\t\t<div class=\"elementor-widget-container\">\n\t\t\t\t\t\t\t\t\t<h2><strong>Serate 2026:<\/strong><\/h2><ul><li>venerd\u00ec 16 gennaio: NAVIGARE IN POLINESIA: le mie avventure in barca a vela tra le isole di Tahiti- Yacht Club Adriaco, Trieste<\/li><li>venerd\u00ec 6 febbraio: IL MAR DI CORTEZ, ACQUARIO DEL MONDO, YC Portopiccolo<\/li><li>fine febbraio: TUTTI I COLORI DELLA POLINESIA: Accademia del Mare, Trieste<\/li><\/ul><h2><strong>In passato ci siamo incontrati a:<\/strong><\/h2><p>Il mare sul divano (Roma), YC Portopiccolo,\u00a0LNI (Mestre, Monfalcone, Castelfranco Veneto, Trieste, Padova, Treviso, Milano) Libreria Ubik (Trieste), Diporto Nautico Sistiana, SVBG, Pietas Julia (Sistiana), Venezia (Mare di Carta)<\/p>\t\t\t\t\t\t\t\t<\/div>\n\t\t\t\t<\/div>\n\t\t\t\t<div class=\"elementor-element elementor-element-67cf5cd elementor-widget elementor-widget-text-editor\" data-id=\"67cf5cd\" data-element_type=\"widget\" data-e-type=\"widget\" data-widget_type=\"text-editor.default\">\n\t\t\t\t<div class=\"elementor-widget-container\">\n\t\t\t\t\t\t\t\t\t<p><strong>Questi incontri sono stati per me un modo per condividere l\u2019esperienza di oltre dieci anni di vita in mare e per creare un dialogo diretto con persone curiose e aperte al viaggio, inteso non solo come spostamento ma come cambiamento di sguardo.<\/strong><\/p><p>Grazie a tutti.\u00a0<\/p>\t\t\t\t\t\t\t\t<\/div>\n\t\t\t\t<\/div>\n\t\t\t\t<\/div>\n\t\t\t\t\t<\/div>\n\t\t\t\t<\/div>\n\t\t<div class=\"elementor-element elementor-element-9a213b2 e-con-full e-flex e-con e-parent\" data-id=\"9a213b2\" data-element_type=\"container\" data-e-type=\"container\">\n\t\t\t\t<div class=\"elementor-element elementor-element-7392728 elementor-widget__width-initial elementor-widget elementor-widget-image\" data-id=\"7392728\" data-element_type=\"widget\" data-e-type=\"widget\" data-widget_type=\"image.default\">\n\t\t\t\t<div class=\"elementor-widget-container\">\n\t\t\t\t\t\t\t\t\t\t\t\t\t\t\t<img decoding=\"async\" width=\"640\" height=\"330\" src=\"https:\/\/jasnatuta.com\/wp-content\/uploads\/2024\/02\/maribor4-5.jpg\" class=\"attachment-large size-large wp-image-6677\" alt=\"serate mare jasna\" srcset=\"https:\/\/jasnatuta.com\/wp-content\/uploads\/2024\/02\/maribor4-5.jpg 839w, https:\/\/jasnatuta.com\/wp-content\/uploads\/2024\/02\/maribor4-5-300x154.jpg 300w, https:\/\/jasnatuta.com\/wp-content\/uploads\/2024\/02\/maribor4-5-768x395.jpg 768w, https:\/\/jasnatuta.com\/wp-content\/uploads\/2024\/02\/maribor4-5-200x103.jpg 200w\" sizes=\"(max-width: 640px) 100vw, 640px\" \/>\t\t\t\t\t\t\t\t\t\t\t\t\t\t\t<\/div>\n\t\t\t\t<\/div>\n\t\t\t\t<\/div>\n\t\t<div class=\"elementor-element elementor-element-88e0247 e-con-full e-flex e-con e-parent\" data-id=\"88e0247\" data-element_type=\"container\" data-e-type=\"container\">\n\t\t\t\t<div class=\"elementor-element elementor-element-ec8a3b0 elementor-arrows-position-inside elementor-pagination-position-outside elementor-widget elementor-widget-image-carousel\" data-id=\"ec8a3b0\" data-element_type=\"widget\" data-e-type=\"widget\" data-settings=\"{&quot;slides_to_show&quot;:&quot;2&quot;,&quot;navigation&quot;:&quot;both&quot;,&quot;autoplay&quot;:&quot;yes&quot;,&quot;pause_on_hover&quot;:&quot;yes&quot;,&quot;pause_on_interaction&quot;:&quot;yes&quot;,&quot;autoplay_speed&quot;:5000,&quot;infinite&quot;:&quot;yes&quot;,&quot;speed&quot;:500}\" data-widget_type=\"image-carousel.default\">\n\t\t\t\t<div class=\"elementor-widget-container\">\n\t\t\t\t\t\t\t<div class=\"elementor-image-carousel-wrapper swiper\" role=\"region\" aria-roledescription=\"carousel\" aria-label=\"Carosello d&#039;immagini\" dir=\"ltr\">\n\t\t\t<div class=\"elementor-image-carousel swiper-wrapper swiper-image-stretch\" aria-live=\"off\">\n\t\t\t\t\t\t\t\t<div class=\"swiper-slide\" role=\"group\" aria-roledescription=\"slide\" aria-label=\"1 di 2\"><figure class=\"swiper-slide-inner\"><img decoding=\"async\" class=\"swiper-slide-image\" src=\"https:\/\/jasnatuta.com\/wp-content\/uploads\/2025\/12\/Screenshot_20241125-1258582-684x1024.png\" alt=\"Screenshot_20241125-125858~2\" \/><\/figure><\/div><div class=\"swiper-slide\" role=\"group\" aria-roledescription=\"slide\" aria-label=\"2 di 2\"><figure class=\"swiper-slide-inner\"><img decoding=\"async\" class=\"swiper-slide-image\" src=\"https:\/\/jasnatuta.com\/wp-content\/uploads\/2025\/12\/Screenshot_20241125-130155-661x1024.png\" alt=\"Screenshot_20241125-130155\" \/><\/figure><\/div>\t\t\t<\/div>\n\t\t\t\t\t\t\t\t\t\t\t\t<div class=\"elementor-swiper-button elementor-swiper-button-prev\" role=\"button\" tabindex=\"0\">\n\t\t\t\t\t\t<svg aria-hidden=\"true\" class=\"e-font-icon-svg e-eicon-chevron-left\" viewBox=\"0 0 1000 1000\" xmlns=\"http:\/\/www.w3.org\/2000\/svg\"><path d=\"M646 125C629 125 613 133 604 142L308 442C296 454 292 471 292 487 292 504 296 521 308 533L604 854C617 867 629 875 646 875 663 875 679 871 692 858 704 846 713 829 713 812 713 796 708 779 692 767L438 487 692 225C700 217 708 204 708 187 708 171 704 154 692 142 675 129 663 125 646 125Z\"><\/path><\/svg>\t\t\t\t\t<\/div>\n\t\t\t\t\t<div class=\"elementor-swiper-button elementor-swiper-button-next\" role=\"button\" tabindex=\"0\">\n\t\t\t\t\t\t<svg aria-hidden=\"true\" class=\"e-font-icon-svg e-eicon-chevron-right\" viewBox=\"0 0 1000 1000\" xmlns=\"http:\/\/www.w3.org\/2000\/svg\"><path d=\"M696 533C708 521 713 504 713 487 713 471 708 454 696 446L400 146C388 133 375 125 354 125 338 125 325 129 313 142 300 154 292 171 292 187 292 204 296 221 308 233L563 492 304 771C292 783 288 800 288 817 288 833 296 850 308 863 321 871 338 875 354 875 371 875 388 867 400 854L696 533Z\"><\/path><\/svg>\t\t\t\t\t<\/div>\n\t\t\t\t\n\t\t\t\t\t\t\t\t\t<div class=\"swiper-pagination\"><\/div>\n\t\t\t\t\t\t\t\t\t<\/div>\n\t\t\t\t\t\t<\/div>\n\t\t\t\t<\/div>\n\t\t\t\t<\/div>\n\t\t\t\t<\/div>\n\t\t","protected":false},"excerpt":{"rendered":"<p>Lezioni di vita imparate navigando in oceano Racconti ispirazionali su cambiamento, decisioni e incertezza, nati da oltre dieci anni di vita in mare. Quando arriva il freddo mi metto ad organizzare serate dedicate al mare, alla vela, all&#8217;oceano e a paesi esotici. Lo faccio perch\u00e9 adoro portare un po\u2019 di calduccio e di alisei nell\u2019inverno [&hellip;]<\/p>\n","protected":false},"author":1,"featured_media":0,"parent":0,"menu_order":0,"comment_status":"closed","ping_status":"closed","template":"","meta":{"footnotes":""},"class_list":["post-6594","page","type-page","status-publish","hentry"],"aioseo_notices":[],"_links":{"self":[{"href":"https:\/\/jasnatuta.com\/it\/wp-json\/wp\/v2\/pages\/6594","targetHints":{"allow":["GET"]}}],"collection":[{"href":"https:\/\/jasnatuta.com\/it\/wp-json\/wp\/v2\/pages"}],"about":[{"href":"https:\/\/jasnatuta.com\/it\/wp-json\/wp\/v2\/types\/page"}],"author":[{"embeddable":true,"href":"https:\/\/jasnatuta.com\/it\/wp-json\/wp\/v2\/users\/1"}],"replies":[{"embeddable":true,"href":"https:\/\/jasnatuta.com\/it\/wp-json\/wp\/v2\/comments?post=6594"}],"version-history":[{"count":139,"href":"https:\/\/jasnatuta.com\/it\/wp-json\/wp\/v2\/pages\/6594\/revisions"}],"predecessor-version":[{"id":11365,"href":"https:\/\/jasnatuta.com\/it\/wp-json\/wp\/v2\/pages\/6594\/revisions\/11365"}],"wp:attachment":[{"href":"https:\/\/jasnatuta.com\/it\/wp-json\/wp\/v2\/media?parent=6594"}],"curies":[{"name":"wp","href":"https:\/\/api.w.org\/{rel}","templated":true}]}}