{"id":9986,"date":"2025-12-15T13:32:28","date_gmt":"2025-12-15T12:32:28","guid":{"rendered":"https:\/\/jasnatuta.com\/crociere\/"},"modified":"2026-01-10T10:38:38","modified_gmt":"2026-01-10T09:38:38","slug":"crociere","status":"publish","type":"page","link":"https:\/\/jasnatuta.com\/it\/crociere\/","title":{"rendered":"Viaggi in barca a vela"},"content":{"rendered":"\n<p><strong>La barca a vela non \u00e8 solo il mio mezzo di trasporto, \u00e8 il modo in cui mi piace esplorare il mondo: lentamente, veramente, completamente immersa nella natura del luogo che sto visitando.<\/strong><\/p>\n\n<p>Le mie crociere non sono le solite vacanze in barca a vela o crociere di lusso.<br\/>Ci\u00f2 che amo fare e che offro sono esperienze coinvolgenti e VERE per persone curiose e aperte che vogliono qualcosa di pi\u00f9 di una semplice destinazione.<\/p>\n\n<p>In luoghi come la <strong>Polinesia Francese<\/strong> e il <strong>Messico<\/strong>, il cuore del viaggio non \u00e8 solo il mare &#8211;<br\/>\u00e8 la <strong>gente che incontriamo<\/strong>, le culture che ci accolgono e il modo in cui impariamo a muoverci in questi luoghi con curiosit\u00e0 e umilt\u00e0.<\/p>\n\n<p>Navighiamo, osserviamo, impariamo.<br\/>Lasciamo che sia il mare a dettare il ritmo.<\/p>\n\n<p>Il <strong>rispetto<\/strong> &#8211; per la natura, per la gente che ci accoglie e per i nostri compagni di viaggio &#8211; \u00e8 al centro di ogni viaggio.<\/p>\n\n<p>Si tratta di esperienze per chi apprezza la semplicit\u00e0, la flessibilit\u00e0 e la connessione reale &#8211;<br\/>con la natura, con le persone e con se stessi.<\/p>\n\n<hr class=\"wp-block-separator has-alpha-channel-opacity\"\/>\n\n<div class=\"wp-block-buttons is-layout-flex wp-block-buttons-is-layout-flex\"><\/div>\n\n<div class=\"wp-block-cover has-text-color has-link-color wp-elements-13f1bb74eb4f2a9acd06a2a217860a0b\" style=\"color:#fffefe\"><img fetchpriority=\"high\" decoding=\"async\" width=\"700\" height=\"933\" class=\"wp-block-cover__image-background wp-image-9878 size-full\" alt=\"\" src=\"https:\/\/jasnatuta.com\/wp-content\/uploads\/2025\/11\/zmanj-6.jpg\" style=\"object-position:59% 48%\" data-object-fit=\"cover\" data-object-position=\"59% 48%\" srcset=\"https:\/\/jasnatuta.com\/wp-content\/uploads\/2025\/11\/zmanj-6.jpg 700w, https:\/\/jasnatuta.com\/wp-content\/uploads\/2025\/11\/zmanj-6-225x300.jpg 225w, https:\/\/jasnatuta.com\/wp-content\/uploads\/2025\/11\/zmanj-6-200x267.jpg 200w, https:\/\/jasnatuta.com\/wp-content\/uploads\/2025\/11\/zmanj-6-300x400.jpg 300w\" sizes=\"(max-width: 700px) 100vw, 700px\" \/><span aria-hidden=\"true\" class=\"wp-block-cover__background has-title-background-color has-background-dim\"><\/span><div class=\"wp-block-cover__inner-container is-layout-constrained wp-block-cover-is-layout-constrained\">\n<h2 class=\"wp-block-heading has-text-align-center\" style=\"font-size:50px\"><a href=\"https:\/\/jasnatuta.com\/it\/crociera-polinesia\/\" title=\"\">Messico &#8211; Il Mare di Cortez<\/a><\/h2>\n\n\n\n<p><\/p>\n\n\n\n<div class=\"wp-block-buttons alignwide is-content-justification-center is-layout-flex wp-container-core-buttons-is-layout-16018d1d wp-block-buttons-is-layout-flex\" style=\"font-style:normal;font-weight:700\">\n<div class=\"wp-block-button has-custom-width wp-block-button__width-50 is-style-outline is-style-outline--1\"><a class=\"wp-block-button__link has-text-align-center wp-element-button\" href=\"https:\/\/jasnatuta.com\/it\/messico-viaggio\/\">ESPLORA IL MESSICO<\/a><\/div>\n<\/div>\n\n\n\n<p><\/p>\n\n\n\n<p><\/p>\n<\/div><\/div>\n\n<p class=\"has-text-align-center\"><em><em>Navigazione tra isole incontaminate, fondali ricchi di vita, pescatori locali &#8211; ma anche tacos, tostadas e qualche cerveza ghiacciata al tramonto.<\/em><\/em><\/p>\n\n<hr class=\"wp-block-separator has-alpha-channel-opacity\"\/>\n\n<div class=\"wp-block-cover is-light has-text-color has-link-color wp-elements-ae50b1c9228d8a2e9853866effae2ec9\" style=\"color:#fffefe\"><img decoding=\"async\" width=\"1920\" height=\"1080\" class=\"wp-block-cover__image-background wp-image-9976 size-full\" alt=\"\" src=\"https:\/\/jasnatuta.com\/wp-content\/uploads\/2025\/12\/vlcsnap-2025-12-15-15h42m11s551.png\" data-object-fit=\"cover\" srcset=\"https:\/\/jasnatuta.com\/wp-content\/uploads\/2025\/12\/vlcsnap-2025-12-15-15h42m11s551.png 1920w, https:\/\/jasnatuta.com\/wp-content\/uploads\/2025\/12\/vlcsnap-2025-12-15-15h42m11s551-300x169.png 300w, https:\/\/jasnatuta.com\/wp-content\/uploads\/2025\/12\/vlcsnap-2025-12-15-15h42m11s551-1024x576.png 1024w, https:\/\/jasnatuta.com\/wp-content\/uploads\/2025\/12\/vlcsnap-2025-12-15-15h42m11s551-768x432.png 768w, https:\/\/jasnatuta.com\/wp-content\/uploads\/2025\/12\/vlcsnap-2025-12-15-15h42m11s551-1536x864.png 1536w, https:\/\/jasnatuta.com\/wp-content\/uploads\/2025\/12\/vlcsnap-2025-12-15-15h42m11s551-200x113.png 200w\" sizes=\"(max-width: 1920px) 100vw, 1920px\" \/><span aria-hidden=\"true\" class=\"wp-block-cover__background has-title-background-color has-background-dim-30 has-background-dim\"><\/span><div class=\"wp-block-cover__inner-container is-layout-constrained wp-block-cover-is-layout-constrained\">\n<p><\/p>\n\n\n\n<h2 class=\"wp-block-heading has-text-align-center\" style=\"font-size:50px\"><a href=\"https:\/\/jasnatuta.com\/it\/crociera-polinesia\/\" title=\"\">Polinesia Francese<\/a><\/h2>\n\n\n\n<p><\/p>\n\n\n\n<p><\/p>\n\n\n\n<div class=\"wp-block-buttons alignwide has-custom-font-size is-content-justification-center is-layout-flex wp-container-core-buttons-is-layout-16018d1d wp-block-buttons-is-layout-flex\" style=\"font-size:20px;font-style:normal;font-weight:700\">\n<div class=\"wp-block-button has-custom-width wp-block-button__width-50 is-style-outline is-style-outline--2\"><a class=\"wp-block-button__link has-text-align-center wp-element-button\" href=\"https:\/\/jasnatuta.com\/it\/crociera-polinesia\/\">ESPLORA LA POLINESIA FRANCESE<\/a><\/div>\n<\/div>\n<\/div><\/div>\n\n<p class=\"has-text-align-center\"><em>Lagune stupende, giardini di corallo, cultura polinesiana e colori indescrivibili<\/em><\/p>\n\n<hr class=\"wp-block-separator has-alpha-channel-opacity\"\/>\n\n<div class=\"wp-block-cover has-text-color has-link-color wp-elements-127de911b579b25576e9f6f51b4bd20c\" style=\"color:#fffefe\"><img decoding=\"async\" width=\"2560\" height=\"1440\" class=\"wp-block-cover__image-background wp-image-9963 size-full\" alt=\"\" src=\"https:\/\/jasnatuta.com\/wp-content\/uploads\/2025\/12\/IMG_6439-scaled.jpg\" data-object-fit=\"cover\" srcset=\"https:\/\/jasnatuta.com\/wp-content\/uploads\/2025\/12\/IMG_6439-scaled.jpg 2560w, https:\/\/jasnatuta.com\/wp-content\/uploads\/2025\/12\/IMG_6439-300x169.jpg 300w, https:\/\/jasnatuta.com\/wp-content\/uploads\/2025\/12\/IMG_6439-1024x576.jpg 1024w, https:\/\/jasnatuta.com\/wp-content\/uploads\/2025\/12\/IMG_6439-768x432.jpg 768w, https:\/\/jasnatuta.com\/wp-content\/uploads\/2025\/12\/IMG_6439-1536x864.jpg 1536w, https:\/\/jasnatuta.com\/wp-content\/uploads\/2025\/12\/IMG_6439-2048x1152.jpg 2048w, https:\/\/jasnatuta.com\/wp-content\/uploads\/2025\/12\/IMG_6439-200x113.jpg 200w\" sizes=\"(max-width: 2560px) 100vw, 2560px\" \/><span aria-hidden=\"true\" class=\"wp-block-cover__background has-title-background-color has-background-dim-40 has-background-dim\"><\/span><div class=\"wp-block-cover__inner-container is-layout-constrained wp-block-cover-is-layout-constrained\">\n<p><\/p>\n\n\n\n<h2 class=\"wp-block-heading has-text-align-center\" style=\"font-size:50px\"><a href=\"https:\/\/jasnatuta.com\/it\/sailing-reset-it\/\" title=\"\">Ritiri in barca a vela<\/a><\/h2>\n\n\n\n<p><\/p>\n\n\n\n<p><\/p>\n\n\n\n<p class=\"has-text-align-center has-large-font-size\"><\/p>\n\n\n\n<p><\/p>\n\n\n\n<div class=\"wp-block-buttons alignwide is-content-justification-center is-layout-flex wp-container-core-buttons-is-layout-16018d1d wp-block-buttons-is-layout-flex\">\n<div class=\"wp-block-button has-custom-width wp-block-button__width-50 is-style-outline is-style-outline--3\"><a class=\"wp-block-button__link has-text-align-center wp-element-button\" href=\"https:\/\/jasnatuta.com\/it\/sailing-reset-it\/\">ESPLORA I RITIRI<\/a><\/div>\n<\/div>\n<\/div><\/div>\n\n<p class=\"has-text-align-center\"><em>Vela, yoga e mindfulness &#8211; un momento per rallentare, tirare un profondo respiro e lasciare che sia il mare a dettare il ritmo.<\/em><\/p>\n\n<hr class=\"wp-block-separator has-alpha-channel-opacity\"\/>\n\n<h2 class=\"wp-block-heading\">I MIEI VIAGGI SONO PER TE SE&#8230;<\/h2>\n\n<ul class=\"wp-block-list\">\n<li>Sei curioso, aperto e felice di adattarti.<\/li>\n<\/ul>\n\n<ul class=\"wp-block-list\">\n<li>Dai valore alle persone, alla cultura e agli incontri significativi<\/li>\n<\/ul>\n\n<ul class=\"wp-block-list\">\n<li>Ti piace essere parte del team, non solo un passeggero<\/li>\n<\/ul>\n\n<ul class=\"wp-block-list\">\n<li>Rispetti le comunit\u00e0 locali, le tradizioni e il mare<\/li>\n<\/ul>\n\n<ul class=\"wp-block-list\">\n<li>Ti senti a tuo agio a rallentare, a piedi nudi e con i capelli salati.<\/li>\n<\/ul>\n\n<ul class=\"wp-block-list\">\n<li>Sei capace di farti la doccia in 10 secondi \ud83d\ude42<\/li>\n<\/ul>\n\n<hr class=\"wp-block-separator has-alpha-channel-opacity\"\/>\n\n<h2 class=\"wp-block-heading\">\ud83d\udeab QUESTO NON FA PER TE SE&#8230;<\/h2>\n\n<ul class=\"wp-block-list\">\n<li>Ti aspetti un servizio di lusso, orari rigidi o di essere servito.<\/li>\n<\/ul>\n\n<ul class=\"wp-block-list\">\n<li>Ti piace avere il controllo su ogni dettaglio<\/li>\n<\/ul>\n\n<ul class=\"wp-block-list\">\n<li>Non ti interessa sapere come vivono, pensano e mangiano le persone del posto.<\/li>\n<\/ul>\n\n<ul class=\"wp-block-list\">\n<li>Hai difficolt\u00e0 con la flessibilit\u00e0, la semplicit\u00e0 o gli spazi condivisi<\/li>\n<\/ul>\n\n<ul class=\"wp-block-list\">\n<li>In vacanza vuoi docce lunghe, aria condizionata ed energia illimitata<\/li>\n<\/ul>\n\n<p><\/p>\n\n<p><strong>NOTA BENE:<\/strong><\/p>\n\n<blockquote class=\"wp-block-quote is-layout-flow wp-block-quote-is-layout-flow\">\n<p>Potrai notare che i miei itinerari non sono pianificati nei minimi dettagli.<\/p>\n\n\n\n<p><br\/>Questo \u00e8 intenzionale: ho imparato che quando gli lasciamo spazio, il mare spesso ci riserva le sorprese migliori.<\/p>\n<\/blockquote>\n\n<p><\/p>\n","protected":false},"excerpt":{"rendered":"<p>La barca a vela non \u00e8 solo il mio mezzo di trasporto, \u00e8 il modo in cui mi piace esplorare il mondo: lentamente, veramente, completamente immersa nella natura del luogo che sto visitando. Le mie crociere non sono le solite vacanze in barca a vela o crociere di lusso.Ci\u00f2 che amo fare e che offro [&hellip;]<\/p>\n","protected":false},"author":2,"featured_media":0,"parent":0,"menu_order":0,"comment_status":"closed","ping_status":"closed","template":"","meta":{"footnotes":""},"class_list":["post-9986","page","type-page","status-publish","hentry"],"aioseo_notices":[],"_links":{"self":[{"href":"https:\/\/jasnatuta.com\/it\/wp-json\/wp\/v2\/pages\/9986","targetHints":{"allow":["GET"]}}],"collection":[{"href":"https:\/\/jasnatuta.com\/it\/wp-json\/wp\/v2\/pages"}],"about":[{"href":"https:\/\/jasnatuta.com\/it\/wp-json\/wp\/v2\/types\/page"}],"author":[{"embeddable":true,"href":"https:\/\/jasnatuta.com\/it\/wp-json\/wp\/v2\/users\/2"}],"replies":[{"embeddable":true,"href":"https:\/\/jasnatuta.com\/it\/wp-json\/wp\/v2\/comments?post=9986"}],"version-history":[{"count":7,"href":"https:\/\/jasnatuta.com\/it\/wp-json\/wp\/v2\/pages\/9986\/revisions"}],"predecessor-version":[{"id":10473,"href":"https:\/\/jasnatuta.com\/it\/wp-json\/wp\/v2\/pages\/9986\/revisions\/10473"}],"wp:attachment":[{"href":"https:\/\/jasnatuta.com\/it\/wp-json\/wp\/v2\/media?parent=9986"}],"curies":[{"name":"wp","href":"https:\/\/api.w.org\/{rel}","templated":true}]}}