{"id":4491,"date":"2024-01-16T18:52:35","date_gmt":"2024-01-16T17:52:35","guid":{"rendered":"https:\/\/jasnatuta.com\/?post_type=product&#038;p=4491"},"modified":"2026-01-22T07:50:08","modified_gmt":"2026-01-22T06:50:08","slug":"tutti-i-colori-della-polinesia","status":"publish","type":"product","link":"https:\/\/jasnatuta.com\/it\/prodotto\/tutti-i-colori-della-polinesia\/","title":{"rendered":"Tutti i colori della Polinesia"},"content":{"rendered":"<p>&nbsp;<\/p>\n<p>&nbsp;<\/p>\n<p>&nbsp;<\/p>\n","protected":false},"excerpt":{"rendered":"<p>Se il primo libro \u00e8 dedicato al viaggio, questo \u00e8 interamente dedicato alla destinazione. E che dire, la Polinesia Francese \u00e8 una delle mete sognate da tutti. Io me ne sono innamorata e nel libro ho semplicemente cercato di trasmettere tutto questo amore \u2013 per i luoghi, gli animali e le persone che ci vivono.<\/p>\n<p>Se vuoi una dedica personale puoi scriverlo nelle note del carrello online<\/p>\n","protected":false},"featured_media":4166,"template":"","meta":[],"product_brand":[],"product_cat":[15],"product_tag":[85],"class_list":{"0":"post-4491","1":"product","2":"type-product","3":"status-publish","4":"has-post-thumbnail","6":"product_cat-libri","7":"product_tag-italiano","9":"first","10":"instock","11":"shipping-taxable","12":"purchasable","13":"product-type-simple"},"aioseo_notices":[],"_links":{"self":[{"href":"https:\/\/jasnatuta.com\/it\/wp-json\/wp\/v2\/product\/4491","targetHints":{"allow":["GET"]}}],"collection":[{"href":"https:\/\/jasnatuta.com\/it\/wp-json\/wp\/v2\/product"}],"about":[{"href":"https:\/\/jasnatuta.com\/it\/wp-json\/wp\/v2\/types\/product"}],"wp:featuredmedia":[{"embeddable":true,"href":"https:\/\/jasnatuta.com\/it\/wp-json\/wp\/v2\/media\/4166"}],"wp:attachment":[{"href":"https:\/\/jasnatuta.com\/it\/wp-json\/wp\/v2\/media?parent=4491"}],"wp:term":[{"taxonomy":"product_brand","embeddable":true,"href":"https:\/\/jasnatuta.com\/it\/wp-json\/wp\/v2\/product_brand?post=4491"},{"taxonomy":"product_cat","embeddable":true,"href":"https:\/\/jasnatuta.com\/it\/wp-json\/wp\/v2\/product_cat?post=4491"},{"taxonomy":"product_tag","embeddable":true,"href":"https:\/\/jasnatuta.com\/it\/wp-json\/wp\/v2\/product_tag?post=4491"}],"curies":[{"name":"wp","href":"https:\/\/api.w.org\/{rel}","templated":true}]}}