{"id":11338,"date":"2026-01-08T13:32:04","date_gmt":"2026-01-08T12:32:04","guid":{"rendered":"https:\/\/jasnatuta.com\/predavanja-za-podjetja-in-konference\/"},"modified":"2026-02-26T12:01:41","modified_gmt":"2026-02-26T11:01:41","slug":"predavanja-za-podjetja-in-konference","status":"publish","type":"page","link":"https:\/\/jasnatuta.com\/sl\/predavanja-za-podjetja-in-konference\/","title":{"rendered":"Predavanja za podjetja in konference"},"content":{"rendered":"\t\t<div data-elementor-type=\"wp-page\" data-elementor-id=\"11338\" class=\"elementor elementor-11338 elementor-10341\" data-elementor-post-type=\"page\">\n\t\t\t\t<div class=\"elementor-element elementor-element-6c9bec4 e-flex e-con-boxed e-con e-parent\" data-id=\"6c9bec4\" data-element_type=\"container\" data-e-type=\"container\">\n\t\t\t\t\t<div class=\"e-con-inner\">\n\t\t\t\t<div class=\"elementor-element elementor-element-43d53f8 elementor-widget elementor-widget-heading\" data-id=\"43d53f8\" data-element_type=\"widget\" data-e-type=\"widget\" data-widget_type=\"heading.default\">\n\t\t\t\t<div class=\"elementor-widget-container\">\n\t\t\t\t\t<h5 class=\"elementor-heading-title elementor-size-default\">Resni\u010dne zgodbe o odlo\u010ditvah, negotovosti in spremembah, ki jih prina\u0161ajo izku\u0161nje iz oceana<\/h5>\t\t\t\t<\/div>\n\t\t\t\t<\/div>\n\t\t\t\t<div class=\"elementor-element elementor-element-23779d1 elementor-widget elementor-widget-text-editor\" data-id=\"23779d1\" data-element_type=\"widget\" data-e-type=\"widget\" data-widget_type=\"text-editor.default\">\n\t\t\t\t<div class=\"elementor-widget-container\">\n\t\t\t\t\t\t\t\t\t<p data-start=\"1841\" data-end=\"1967\">Ko pi\u0161em ali pripovedujem o svojih desetih letih plovbe po oceanih, se zavedam, da ne govorim samo o vetru in morju, o daljnih de\u017eelah in tropskih nevihtah.<\/p><p data-start=\"1974\" data-end=\"2269\">Zgodba o majhni jadrnici, ki pre\u010dka ogromen ocean, je tudi zgodba o ljudeh in organizacijah, ki se morajo gibati v negotovih okoli\u0161\u010dinah. Govorimo o strahu pred neznanim, o odlo\u010ditvah, ki jih je treba sprejeti brez vseh informacij, o nenehnem prilagajanju spreminjajo\u010dim se razmeram. <\/p><p data-start=\"2276\" data-end=\"2473\">Na morju se pripravlja\u0161 po najbolj\u0161ih mo\u010deh, na\u010drtuje\u0161, upa\u0161. Toda vselej pride trenutek, ko mora\u0161 izbrati in prevzeti odgovornost za svoje odlo\u010ditve, vedo\u010d, da nima\u0161 vsega pod nadzorom. <\/p><p data-start=\"2480\" data-end=\"2618\">\u017divimo v dobi nenehnih sprememb, ki zahtevajo jasnost, prilagodljivost in sposobnost hitrega sprejemanja odlo\u010ditev. Podobno zahteva ocean. <\/p><p data-start=\"2625\" data-end=\"2796\">Morje me je nau\u010dilo veliko stvari. Morda je najpomembnej\u0161a ta: razlikovati med tem, kar lahko nadzorujemo, in tem, kar moramo preprosto sprejeti. <\/p><p data-start=\"1144\" data-end=\"1294\">Danes te izku\u0161nje pretvarjam v <strong data-start=\"1180\" data-end=\"1202\">navdihujo\u010de govore,<\/strong> ki pomagajo gledati na spremembe in odlo\u010ditve z ve\u010djo jasnostjo, manj strahu in ve\u010djo prilagodljivostjo.<\/p>\t\t\t\t\t\t\t\t<\/div>\n\t\t\t\t<\/div>\n\t\t<div class=\"elementor-element elementor-element-fb18d6d e-con-full e-flex e-con e-child\" data-id=\"fb18d6d\" data-element_type=\"container\" data-e-type=\"container\">\n\t\t\t\t<div class=\"elementor-element elementor-element-6031cb7 elementor-widget elementor-widget-heading\" data-id=\"6031cb7\" data-element_type=\"widget\" data-e-type=\"widget\" data-widget_type=\"heading.default\">\n\t\t\t\t<div class=\"elementor-widget-container\">\n\t\t\t\t\t<h2 class=\"elementor-heading-title elementor-size-default\">O \u010cEM GOVORIM<\/h2>\t\t\t\t<\/div>\n\t\t\t\t<\/div>\n\t\t\t\t<div class=\"elementor-element elementor-element-3b4d58a elementor-widget elementor-widget-text-editor\" data-id=\"3b4d58a\" data-element_type=\"widget\" data-e-type=\"widget\" data-widget_type=\"text-editor.default\">\n\t\t\t\t<div class=\"elementor-widget-container\">\n\t\t\t\t\t\t\t\t\t<p data-start=\"1319\" data-end=\"1381\">V svojih govorih obravnavam konkretna vpra\u0161anja na podlagi resni\u010dnih zgodb:<\/p><ul data-start=\"1383\" data-end=\"1713\"><li data-start=\"1383\" data-end=\"1439\"><p data-start=\"1385\" data-end=\"1439\">sprememba kot edina stalnica<\/p><\/li><li data-start=\"1383\" data-end=\"1439\"><p data-start=\"1385\" data-end=\"1439\">sprejemanje odlo\u010ditev brez vseh informacij.<\/p><\/li><li data-start=\"1440\" data-end=\"1488\"><p data-start=\"1442\" data-end=\"1488\">obvladovanje negotovosti<\/p><\/li><li data-start=\"1489\" data-end=\"1544\"><p data-start=\"1491\" data-end=\"1544\">prilagajanje, ko se kontekst nenadoma spremeni.<\/p><\/li><li data-start=\"1545\" data-end=\"1597\"><p data-start=\"1547\" data-end=\"1597\">prevzemanje odgovornosti za svoje odlo\u010ditve.<\/p><\/li><li data-start=\"1598\" data-end=\"1664\"><p data-start=\"1600\" data-end=\"1664\">kdaj je bolje prenehati vztrajati in spremeniti smer.<\/p><\/li><li data-start=\"1665\" data-end=\"1713\"><p data-start=\"1667\" data-end=\"1713\">sodelovati s tistim, \u010desar ni mogo\u010de spremeniti.<\/p><\/li><\/ul><p data-start=\"1715\" data-end=\"1774\">Ne prina\u0161am abstraktnih modelov.<br data-start=\"1742\" data-end=\"1745\">Prina\u0161am <strong data-start=\"1751\" data-end=\"1773\">\u017eive izku\u0161nje<\/strong>.<\/p>\t\t\t\t\t\t\t\t<\/div>\n\t\t\t\t<\/div>\n\t\t\t\t<\/div>\n\t\t\t\t<div class=\"elementor-element elementor-element-6b4de7a elementor-widget elementor-widget-heading\" data-id=\"6b4de7a\" data-element_type=\"widget\" data-e-type=\"widget\" data-widget_type=\"heading.default\">\n\t\t\t\t<div class=\"elementor-widget-container\">\n\t\t\t\t\t<h2 class=\"elementor-heading-title elementor-size-default\">ZAKAJ OCEAN<\/h2>\t\t\t\t<\/div>\n\t\t\t\t<\/div>\n\t\t\t\t<div class=\"elementor-element elementor-element-1742706 elementor-widget elementor-widget-text-editor\" data-id=\"1742706\" data-element_type=\"widget\" data-e-type=\"widget\" data-widget_type=\"text-editor.default\">\n\t\t\t\t<div class=\"elementor-widget-container\">\n\t\t\t\t\t\t\t\t\t<p>Na morju ni priro\u010dnikov z vsemi re\u0161itvami.<br data-start=\"1841\" data-end=\"1844\">Sprejeti je treba veliko odlo\u010ditev. Pogosto sploh ni samo ene prave odlo\u010ditve.<\/p>\t\t\t\t\t\t\t\t<\/div>\n\t\t\t\t<\/div>\n\t\t<div class=\"elementor-element elementor-element-e901008 e-con-full e-flex e-con e-child\" data-id=\"e901008\" data-element_type=\"container\" data-e-type=\"container\">\n\t\t\t\t<div class=\"elementor-element elementor-element-3bebace elementor-widget elementor-widget-text-editor\" data-id=\"3bebace\" data-element_type=\"widget\" data-e-type=\"widget\" data-widget_type=\"text-editor.default\">\n\t\t\t\t<div class=\"elementor-widget-container\">\n\t\t\t\t\t\t\t\t\t<p data-start=\"1898\" data-end=\"1941\">Ocean je okolje, ki vse \u0161e okrepi:<\/p><ul data-start=\"1942\" data-end=\"2036\"><li data-start=\"1942\" data-end=\"1952\"><p data-start=\"1944\" data-end=\"1952\">napake<\/p><\/li><li data-start=\"1953\" data-end=\"1968\"><p data-start=\"1955\" data-end=\"1968\">negotovost<\/p><\/li><li data-start=\"1969\" data-end=\"1981\"><p data-start=\"1971\" data-end=\"1981\">togost<\/p><\/li><li data-start=\"1969\" data-end=\"1981\">voljo<\/li><li data-start=\"1982\" data-end=\"2036\"><p data-start=\"1984\" data-end=\"2036\">pa tudi prisotnost, poslu\u0161anje in sposobnost prilagajanja.<\/p><\/li><\/ul><p data-start=\"2038\" data-end=\"2136\">Zato postane mo\u010dna &#8211; in konkretna &#8211; metafora za tiste, ki delajo v zapletenih okoli\u0161\u010dinah.<\/p>\t\t\t\t\t\t\t\t<\/div>\n\t\t\t\t<\/div>\n\t\t\t\t<\/div>\n\t\t\t\t<div class=\"elementor-element elementor-element-1d328c4 elementor-widget__width-initial elementor-widget elementor-widget-image\" data-id=\"1d328c4\" data-element_type=\"widget\" data-e-type=\"widget\" data-widget_type=\"image.default\">\n\t\t\t\t<div class=\"elementor-widget-container\">\n\t\t\t\t\t\t\t\t\t\t\t\t\t\t\t<img fetchpriority=\"high\" decoding=\"async\" width=\"779\" height=\"457\" src=\"https:\/\/jasnatuta.com\/wp-content\/uploads\/2024\/02\/valovi.png\" class=\"attachment-full size-full wp-image-7412\" alt=\"\" srcset=\"https:\/\/jasnatuta.com\/wp-content\/uploads\/2024\/02\/valovi.png 779w, https:\/\/jasnatuta.com\/wp-content\/uploads\/2024\/02\/valovi-300x176.png 300w, https:\/\/jasnatuta.com\/wp-content\/uploads\/2024\/02\/valovi-768x451.png 768w, https:\/\/jasnatuta.com\/wp-content\/uploads\/2024\/02\/valovi-200x117.png 200w\" sizes=\"(max-width: 779px) 100vw, 779px\" \/>\t\t\t\t\t\t\t\t\t\t\t\t\t\t\t<\/div>\n\t\t\t\t<\/div>\n\t\t<div class=\"elementor-element elementor-element-4d2854e e-con-full e-flex e-con e-child\" data-id=\"4d2854e\" data-element_type=\"container\" data-e-type=\"container\">\n\t\t\t\t<div class=\"elementor-element elementor-element-582feb0 elementor-widget elementor-widget-heading\" data-id=\"582feb0\" data-element_type=\"widget\" data-e-type=\"widget\" data-widget_type=\"heading.default\">\n\t\t\t\t<div class=\"elementor-widget-container\">\n\t\t\t\t\t<h2 class=\"elementor-heading-title elementor-size-default\">ZA KOGA SO TI POGOVORI PRIMERNI<\/h2>\t\t\t\t<\/div>\n\t\t\t\t<\/div>\n\t\t\t\t<div class=\"elementor-element elementor-element-aaa60b8 elementor-widget elementor-widget-text-editor\" data-id=\"aaa60b8\" data-element_type=\"widget\" data-e-type=\"widget\" data-widget_type=\"text-editor.default\">\n\t\t\t\t<div class=\"elementor-widget-container\">\n\t\t\t\t\t\t\t\t\t<p data-start=\"2172\" data-end=\"2204\">Moja predavanja so primerna za:<\/p><ul data-start=\"2206\" data-end=\"2348\"><li data-start=\"2206\" data-end=\"2236\"><p data-start=\"2208\" data-end=\"2236\">podjetja in vodstvene ekipe.<\/p><\/li><li data-start=\"2237\" data-end=\"2270\"><p data-start=\"2239\" data-end=\"2270\">poslovne dogodke in konference<\/p><\/li><li data-start=\"2271\" data-end=\"2297\"><p data-start=\"2273\" data-end=\"2297\">sre\u010danja vodstvenih kadrov<\/p><\/li><li data-start=\"2298\" data-end=\"2348\"><p data-start=\"2300\" data-end=\"2348\">okolja, ki se prenavljajo.<\/p><\/li><\/ul><p data-start=\"2350\" data-end=\"2461\">Vsak govor je <strong data-start=\"2366\" data-end=\"2404\">prilagojen ob\u010dinstvu in okoli\u0161\u010dinam<\/strong>, pri \u010demer ohranja isto jedro vsebine in pristnost.<\/p>\t\t\t\t\t\t\t\t<\/div>\n\t\t\t\t<\/div>\n\t\t\t\t<div class=\"elementor-element elementor-element-34727e0 elementor-widget__width-initial elementor-widget elementor-widget-image\" data-id=\"34727e0\" data-element_type=\"widget\" data-e-type=\"widget\" data-widget_type=\"image.default\">\n\t\t\t\t<div class=\"elementor-widget-container\">\n\t\t\t\t\t\t\t\t\t\t\t\t\t\t\t<img fetchpriority=\"high\" decoding=\"async\" width=\"779\" height=\"457\" src=\"https:\/\/jasnatuta.com\/wp-content\/uploads\/2024\/02\/valovi.png\" class=\"attachment-full size-full wp-image-7412\" alt=\"\" srcset=\"https:\/\/jasnatuta.com\/wp-content\/uploads\/2024\/02\/valovi.png 779w, https:\/\/jasnatuta.com\/wp-content\/uploads\/2024\/02\/valovi-300x176.png 300w, https:\/\/jasnatuta.com\/wp-content\/uploads\/2024\/02\/valovi-768x451.png 768w, https:\/\/jasnatuta.com\/wp-content\/uploads\/2024\/02\/valovi-200x117.png 200w\" sizes=\"(max-width: 779px) 100vw, 779px\" \/>\t\t\t\t\t\t\t\t\t\t\t\t\t\t\t<\/div>\n\t\t\t\t<\/div>\n\t\t\t\t<\/div>\n\t\t\t\t<div class=\"elementor-element elementor-element-986ea06 elementor-widget elementor-widget-heading\" data-id=\"986ea06\" data-element_type=\"widget\" data-e-type=\"widget\" data-widget_type=\"heading.default\">\n\t\t\t\t<div class=\"elementor-widget-container\">\n\t\t\t\t\t<h2 class=\"elementor-heading-title elementor-size-default\">FORMAT<\/h2>\t\t\t\t<\/div>\n\t\t\t\t<\/div>\n\t\t\t\t<div class=\"elementor-element elementor-element-9c1ab71 elementor-widget elementor-widget-text-editor\" data-id=\"9c1ab71\" data-element_type=\"widget\" data-e-type=\"widget\" data-widget_type=\"text-editor.default\">\n\t\t\t\t<div class=\"elementor-widget-container\">\n\t\t\t\t\t\t\t\t\t<ul data-start=\"2480\" data-end=\"2626\"><li data-start=\"2480\" data-end=\"2516\"><p data-start=\"2482\" data-end=\"2516\">prilagodljivo trajanje (45-90 minut)<\/p><\/li><li data-start=\"2517\" data-end=\"2549\"><p data-start=\"2519\" data-end=\"2549\">predavanje s slikami in zgodbami<\/p><\/li><li data-start=\"2550\" data-end=\"2582\"><p data-start=\"2552\" data-end=\"2582\">\u010das za vpra\u0161anja in dialog<\/p><\/li><li data-start=\"2583\" data-end=\"2626\"><p data-start=\"2585\" data-end=\"2626\">mo\u017enost tematskega prilagajanja<\/p><\/li><\/ul><p data-start=\"2628\" data-end=\"2666\">Na voljo v <strong data-start=\"2643\" data-end=\"2665\">italijan\u0161\u010dini, sloven\u0161\u010dini ali angle\u0161\u010dini<\/strong>.<\/p>\t\t\t\t\t\t\t\t<\/div>\n\t\t\t\t<\/div>\n\t\t<div class=\"elementor-element elementor-element-3a47cab e-con-full e-flex e-con e-child\" data-id=\"3a47cab\" data-element_type=\"container\" data-e-type=\"container\">\n\t\t<div class=\"elementor-element elementor-element-1146417 e-con-full e-flex e-con e-child\" data-id=\"1146417\" data-element_type=\"container\" data-e-type=\"container\" data-settings=\"{&quot;background_background&quot;:&quot;classic&quot;}\">\n\t\t<div class=\"elementor-element elementor-element-101f320 e-con-full e-flex e-con e-child\" data-id=\"101f320\" data-element_type=\"container\" data-e-type=\"container\">\n\t\t\t\t<div class=\"elementor-element elementor-element-01b7417 elementor-widget elementor-widget-heading\" data-id=\"01b7417\" data-element_type=\"widget\" data-e-type=\"widget\" data-widget_type=\"heading.default\">\n\t\t\t\t<div class=\"elementor-widget-container\">\n\t\t\t\t\t<h2 class=\"elementor-heading-title elementor-size-default\">O MENI<\/h2>\t\t\t\t<\/div>\n\t\t\t\t<\/div>\n\t\t\t\t<div class=\"elementor-element elementor-element-f6c3b24 elementor-widget elementor-widget-image\" data-id=\"f6c3b24\" data-element_type=\"widget\" data-e-type=\"widget\" data-widget_type=\"image.default\">\n\t\t\t\t<div class=\"elementor-widget-container\">\n\t\t\t\t\t\t\t\t\t\t\t\t\t\t\t<img decoding=\"async\" width=\"640\" height=\"427\" src=\"https:\/\/jasnatuta.com\/wp-content\/uploads\/2024\/03\/Jasna_Tuta_23-34-768x512.jpg\" class=\"attachment-medium_large size-medium_large wp-image-8361\" alt=\"\" srcset=\"https:\/\/jasnatuta.com\/wp-content\/uploads\/2024\/03\/Jasna_Tuta_23-34-768x512.jpg 768w, https:\/\/jasnatuta.com\/wp-content\/uploads\/2024\/03\/Jasna_Tuta_23-34-300x200.jpg 300w, https:\/\/jasnatuta.com\/wp-content\/uploads\/2024\/03\/Jasna_Tuta_23-34-200x133.jpg 200w, https:\/\/jasnatuta.com\/wp-content\/uploads\/2024\/03\/Jasna_Tuta_23-34-600x400.jpg 600w, https:\/\/jasnatuta.com\/wp-content\/uploads\/2024\/03\/Jasna_Tuta_23-34.jpg 900w\" sizes=\"(max-width: 640px) 100vw, 640px\" \/>\t\t\t\t\t\t\t\t\t\t\t\t\t\t\t<\/div>\n\t\t\t\t<\/div>\n\t\t\t\t<\/div>\n\t\t<div class=\"elementor-element elementor-element-8513653 e-con-full e-flex e-con e-child\" data-id=\"8513653\" data-element_type=\"container\" data-e-type=\"container\">\n\t\t\t\t<div class=\"elementor-element elementor-element-17f26fc elementor-widget elementor-widget-text-editor\" data-id=\"17f26fc\" data-element_type=\"widget\" data-e-type=\"widget\" data-widget_type=\"text-editor.default\">\n\t\t\t\t<div class=\"elementor-widget-container\">\n\t\t\t\t\t\t\t\t\t<p data-start=\"2686\" data-end=\"2836\"> <\/p><p data-start=\"2686\" data-end=\"2836\"><strong data-start=\"2691\" data-end=\"2705\">Sem Jasna Tuta<\/strong>, jadralka, pisateljica in predavateljica.<\/p><p data-start=\"2686\" data-end=\"2836\"><br data-start=\"2734\" data-end=\"2737\">\u017de ve\u010d kot deset let \u017eivim na morju in jadram po morjih in oceanih sveta.<\/p><p data-start=\"2838\" data-end=\"2966\">Od leta 2016 sem izvedla ve\u010d kot 80 sre\u010danj v razli\u010dnih okoljih, od jadralnih klubov in \u0161ol do gledali\u0161\u010d in poslovnih dogodkov.<\/p><p data-start=\"2968\" data-end=\"3042\">O spremembah si upam govoriti, ker sem jih izkusila v prvi osebi. Zadnje \u010dase je zelo moderen izraz reinvention. Marsikdo si \u017eeli &#8220;pustiti vse in oditi&#8221; ali &#8220;postaviti svoje \u017eivljenje na glavo&#8221;. Jaz sem to dejansko naredila, zato dobro poznam strahove in dvome, ki jih vsaka velika odlo\u010ditev prina\u0161a s seboj, pa tudi tehnike in korake, ki nam pomagajo do cilja.<br data-start=\"3010\" data-end=\"3013\"><br><\/p>\t\t\t\t\t\t\t\t<\/div>\n\t\t\t\t<\/div>\n\t\t\t\t<\/div>\n\t\t\t\t<\/div>\n\t\t\t\t<\/div>\n\t\t\t\t\t<\/div>\n\t\t\t\t<\/div>\n\t\t<div class=\"elementor-element elementor-element-2c8322b e-con-full e-flex e-con e-parent\" data-id=\"2c8322b\" data-element_type=\"container\" data-e-type=\"container\" data-settings=\"{&quot;background_background&quot;:&quot;classic&quot;}\">\n\t\t\t\t<div class=\"elementor-element elementor-element-0373152 elementor-widget elementor-widget-text-editor\" data-id=\"0373152\" data-element_type=\"widget\" data-e-type=\"widget\" data-widget_type=\"text-editor.default\">\n\t\t\t\t<div class=\"elementor-widget-container\">\n\t\t\t\t\t\t\t\t\t<p>\u010ce i\u0161\u010dete predavanje, ki ni le motivacijska fasada, ampak delitev \u017eivljenjske izku\u0161nje, ki odmeva tudi po koncu dogodka, mi pi\u0161ite. Skupaj bomo ocenili, ali je moja zgodba primerna za va\u0161 dogodek.<\/p>\t\t\t\t\t\t\t\t<\/div>\n\t\t\t\t<\/div>\n\t\t<div class=\"elementor-element elementor-element-94c0e48 e-grid e-con-boxed e-con e-child\" data-id=\"94c0e48\" data-element_type=\"container\" data-e-type=\"container\">\n\t\t\t\t\t<div class=\"e-con-inner\">\n\t\t\t\t<div class=\"elementor-element elementor-element-5f289e2 elementor-view-default elementor-widget elementor-widget-icon\" data-id=\"5f289e2\" data-element_type=\"widget\" data-e-type=\"widget\" data-widget_type=\"icon.default\">\n\t\t\t\t<div class=\"elementor-widget-container\">\n\t\t\t\t\t\t\t<div class=\"elementor-icon-wrapper\">\n\t\t\t<a class=\"elementor-icon\" href=\"https:\/\/wa.me\/3515304050\">\n\t\t\t<svg aria-hidden=\"true\" class=\"e-font-icon-svg e-fab-whatsapp\" viewBox=\"0 0 448 512\" xmlns=\"http:\/\/www.w3.org\/2000\/svg\"><path d=\"M380.9 97.1C339 55.1 283.2 32 223.9 32c-122.4 0-222 99.6-222 222 0 39.1 10.2 77.3 29.6 111L0 480l117.7-30.9c32.4 17.7 68.9 27 106.1 27h.1c122.3 0 224.1-99.6 224.1-222 0-59.3-25.2-115-67.1-157zm-157 341.6c-33.2 0-65.7-8.9-94-25.7l-6.7-4-69.8 18.3L72 359.2l-4.4-7c-18.5-29.4-28.2-63.3-28.2-98.2 0-101.7 82.8-184.5 184.6-184.5 49.3 0 95.6 19.2 130.4 54.1 34.8 34.9 56.2 81.2 56.1 130.5 0 101.8-84.9 184.6-186.6 184.6zm101.2-138.2c-5.5-2.8-32.8-16.2-37.9-18-5.1-1.9-8.8-2.8-12.5 2.8-3.7 5.6-14.3 18-17.6 21.8-3.2 3.7-6.5 4.2-12 1.4-32.6-16.3-54-29.1-75.5-66-5.7-9.8 5.7-9.1 16.3-30.3 1.8-3.7.9-6.9-.5-9.7-1.4-2.8-12.5-30.1-17.1-41.2-4.5-10.8-9.1-9.3-12.5-9.5-3.2-.2-6.9-.2-10.6-.2-3.7 0-9.7 1.4-14.8 6.9-5.1 5.6-19.4 19-19.4 46.3 0 27.3 19.9 53.7 22.6 57.4 2.8 3.7 39.1 59.7 94.8 83.8 35.2 15.2 49 16.5 66.6 13.9 10.7-1.6 32.8-13.4 37.4-26.4 4.6-13 4.6-24.1 3.2-26.4-1.3-2.5-5-3.9-10.5-6.6z\"><\/path><\/svg>\t\t\t<\/a>\n\t\t<\/div>\n\t\t\t\t\t\t<\/div>\n\t\t\t\t<\/div>\n\t\t\t\t<div class=\"elementor-element elementor-element-d477b9e elementor-view-default elementor-widget elementor-widget-icon\" data-id=\"d477b9e\" data-element_type=\"widget\" data-e-type=\"widget\" data-widget_type=\"icon.default\">\n\t\t\t\t<div class=\"elementor-widget-container\">\n\t\t\t\t\t\t\t<div class=\"elementor-icon-wrapper\">\n\t\t\t<a class=\"elementor-icon\" href=\"mailto:info@jasnatuta.com\">\n\t\t\t<svg aria-hidden=\"true\" class=\"e-font-icon-svg e-fas-envelope\" viewBox=\"0 0 512 512\" xmlns=\"http:\/\/www.w3.org\/2000\/svg\"><path d=\"M502.3 190.8c3.9-3.1 9.7-.2 9.7 4.7V400c0 26.5-21.5 48-48 48H48c-26.5 0-48-21.5-48-48V195.6c0-5 5.7-7.8 9.7-4.7 22.4 17.4 52.1 39.5 154.1 113.6 21.1 15.4 56.7 47.8 92.2 47.6 35.7.3 72-32.8 92.3-47.6 102-74.1 131.6-96.3 154-113.7zM256 320c23.2.4 56.6-29.2 73.4-41.4 132.7-96.3 142.8-104.7 173.4-128.7 5.8-4.5 9.2-11.5 9.2-18.9v-19c0-26.5-21.5-48-48-48H48C21.5 64 0 85.5 0 112v19c0 7.4 3.4 14.3 9.2 18.9 30.6 23.9 40.7 32.4 173.4 128.7 16.8 12.2 50.2 41.8 73.4 41.4z\"><\/path><\/svg>\t\t\t<\/a>\n\t\t<\/div>\n\t\t\t\t\t\t<\/div>\n\t\t\t\t<\/div>\n\t\t\t\t\t<\/div>\n\t\t\t\t<\/div>\n\t\t\t\t<\/div>\n\t\t\t\t<\/div>\n\t\t","protected":false},"excerpt":{"rendered":"<p>Resni\u010dne zgodbe o odlo\u010ditvah, negotovosti in spremembah, ki jih prina\u0161ajo izku\u0161nje iz oceana Ko pi\u0161em ali pripovedujem o svojih desetih letih plovbe po oceanih, se zavedam, da ne govorim samo o vetru in morju, o daljnih de\u017eelah in tropskih nevihtah. Zgodba o majhni jadrnici, ki pre\u010dka ogromen ocean, je tudi zgodba o ljudeh in organizacijah, [&hellip;]<\/p>\n","protected":false},"author":2,"featured_media":7473,"parent":0,"menu_order":0,"comment_status":"closed","ping_status":"closed","template":"","meta":{"footnotes":""},"class_list":["post-11338","page","type-page","status-publish","has-post-thumbnail","hentry"],"aioseo_notices":[],"_links":{"self":[{"href":"https:\/\/jasnatuta.com\/sl\/wp-json\/wp\/v2\/pages\/11338","targetHints":{"allow":["GET"]}}],"collection":[{"href":"https:\/\/jasnatuta.com\/sl\/wp-json\/wp\/v2\/pages"}],"about":[{"href":"https:\/\/jasnatuta.com\/sl\/wp-json\/wp\/v2\/types\/page"}],"author":[{"embeddable":true,"href":"https:\/\/jasnatuta.com\/sl\/wp-json\/wp\/v2\/users\/2"}],"replies":[{"embeddable":true,"href":"https:\/\/jasnatuta.com\/sl\/wp-json\/wp\/v2\/comments?post=11338"}],"version-history":[{"count":5,"href":"https:\/\/jasnatuta.com\/sl\/wp-json\/wp\/v2\/pages\/11338\/revisions"}],"predecessor-version":[{"id":11485,"href":"https:\/\/jasnatuta.com\/sl\/wp-json\/wp\/v2\/pages\/11338\/revisions\/11485"}],"wp:featuredmedia":[{"embeddable":true,"href":"https:\/\/jasnatuta.com\/sl\/wp-json\/wp\/v2\/media\/7473"}],"wp:attachment":[{"href":"https:\/\/jasnatuta.com\/sl\/wp-json\/wp\/v2\/media?parent=11338"}],"curies":[{"name":"wp","href":"https:\/\/api.w.org\/{rel}","templated":true}]}}