{"id":7535,"date":"2023-12-31T13:52:04","date_gmt":"2023-12-31T12:52:04","guid":{"rendered":"https:\/\/jasnatuta.com\/pagina-di-esempio\/"},"modified":"2025-10-07T06:43:15","modified_gmt":"2025-10-07T04:43:15","slug":"mediji","status":"publish","type":"page","link":"https:\/\/jasnatuta.com\/sl\/mediji\/","title":{"rendered":"Mediji"},"content":{"rendered":"\t\t<div data-elementor-type=\"wp-page\" data-elementor-id=\"7535\" class=\"elementor elementor-7535 elementor-2\" data-elementor-post-type=\"page\">\n\t\t\t\t<div class=\"elementor-element elementor-element-869f774 e-flex e-con-boxed e-con e-parent\" data-id=\"869f774\" data-element_type=\"container\" data-e-type=\"container\">\n\t\t\t\t\t<div class=\"e-con-inner\">\n\t\t\t\t<div class=\"elementor-element elementor-element-17f2c6b elementor-widget elementor-widget-text-editor\" data-id=\"17f2c6b\" data-element_type=\"widget\" data-e-type=\"widget\" data-widget_type=\"text-editor.default\">\n\t\t\t\t<div class=\"elementor-widget-container\">\n\t\t\t\t\t\t\t\t\t<p>\u010ce bi radi izvedeli kaj ve\u010d o meni in mojih potovanjih, lahko preberete, poslu\u0161ate ali si ogledate enega od \u0161tevilnih intervjujev z mano v slovenskih medijih.<br \/><br \/>S krepko pisavo sem ozna\u010dila intervjuje, ki jih posebej priporo\u010dam.<\/p>\t\t\t\t\t\t\t\t<\/div>\n\t\t\t\t<\/div>\n\t\t\t\t\t<\/div>\n\t\t\t\t<\/div>\n\t\t<div class=\"elementor-element elementor-element-952733f e-flex e-con-boxed e-con e-parent\" data-id=\"952733f\" data-element_type=\"container\" data-e-type=\"container\" data-settings=\"{&quot;background_background&quot;:&quot;classic&quot;}\">\n\t\t\t\t\t<div class=\"e-con-inner\">\n\t\t<div class=\"elementor-element elementor-element-f3adcc7 e-con-full e-flex e-con e-child\" data-id=\"f3adcc7\" data-element_type=\"container\" data-e-type=\"container\">\n\t\t\t\t<div class=\"elementor-element elementor-element-6ef91fe elementor-widget elementor-widget-image\" data-id=\"6ef91fe\" data-element_type=\"widget\" data-e-type=\"widget\" data-widget_type=\"image.default\">\n\t\t\t\t<div class=\"elementor-widget-container\">\n\t\t\t\t\t\t\t\t\t\t\t\t\t\t\t<img fetchpriority=\"high\" decoding=\"async\" width=\"600\" height=\"523\" src=\"https:\/\/jasnatuta.com\/wp-content\/uploads\/2024\/03\/zarja-jasnatuta.jpg\" class=\"attachment-large size-large wp-image-8186\" alt=\"zarja-jasnatuta\" srcset=\"https:\/\/jasnatuta.com\/wp-content\/uploads\/2024\/03\/zarja-jasnatuta.jpg 600w, https:\/\/jasnatuta.com\/wp-content\/uploads\/2024\/03\/zarja-jasnatuta-300x262.jpg 300w, https:\/\/jasnatuta.com\/wp-content\/uploads\/2024\/03\/zarja-jasnatuta-200x174.jpg 200w\" sizes=\"(max-width: 600px) 100vw, 600px\" \/>\t\t\t\t\t\t\t\t\t\t\t\t\t\t\t<\/div>\n\t\t\t\t<\/div>\n\t\t\t\t<\/div>\n\t\t<div class=\"elementor-element elementor-element-d028ef6 e-con-full e-flex e-con e-child\" data-id=\"d028ef6\" data-element_type=\"container\" data-e-type=\"container\">\n\t\t\t\t<div class=\"elementor-element elementor-element-c7836d0 elementor-widget elementor-widget-heading\" data-id=\"c7836d0\" data-element_type=\"widget\" data-e-type=\"widget\" data-widget_type=\"heading.default\">\n\t\t\t\t<div class=\"elementor-widget-container\">\n\t\t\t\t\t<h2 class=\"elementor-heading-title elementor-size-default\">TELEVIZIJA:<\/h2>\t\t\t\t<\/div>\n\t\t\t\t<\/div>\n\t\t\t\t<div class=\"elementor-element elementor-element-0c7ca97 elementor-widget elementor-widget-text-editor\" data-id=\"0c7ca97\" data-element_type=\"widget\" data-e-type=\"widget\" data-widget_type=\"text-editor.default\">\n\t\t\t\t<div class=\"elementor-widget-container\">\n\t\t\t\t\t\t\t\t\t<ul><li><a href=\"http:\/\/svsd.rtvslo.si\/svsd\/italija\/oceanska-plovba-jasne-tuta\/381246\">Oddaja S Prehodi na TV coper, 16. december 2015<\/a><\/li><li><a href=\"http:\/\/www.rai.tv\/dl\/RaiTV\/programmi\/media\/ContentItem-2e41129f-ee28-4c1a-826f-c43677706ed6.html#p=0\">TV RAI 3 slovenski program, poro\u010dila (minuta 5.17)<\/a><\/li><li><a href=\"http:\/\/4d.rtvslo.si\/arhiv\/zaljubljeni-v-zivljenje\/174392118\" target=\"_blank\" rel=\"noopener noreferrer\">Zaljubljeni v \u017eivljenje<\/a>\u00a0(od 6. do 10. minute)<\/li><li><strong><a href=\"http:\/\/4d.rtvslo.si\/arhiv\/med-valovi\/174390650\" target=\"_blank\" rel=\"noopener noreferrer\">Med valovi (od 18. minute dalje)<\/a><\/strong><\/li><li><a href=\"https:\/\/4d.rtvslo.si\/arhiv\/dobro-jutro\/174708703\/01:31:00\">Dobro jutro (snemali 28.julija 2020 v Sesljanu)<\/a><\/li><li><strong><a href=\"https:\/\/4d.rtvslo.si\/arhiv\/z-miso\/174727530\/00:00:00\">Z Mi\u0161o (45 min dolg pogovor z Mi\u0161o Molk)<\/a><\/strong><\/li><li><a href=\"https:\/\/365.rtvslo.si\/arhiv\/dokumentarci-kulturno-umetniski\/175140438\">Morjepisci (dokumentarni film, od 7. minute dalje)<\/a><\/li><\/ul>\t\t\t\t\t\t\t\t<\/div>\n\t\t\t\t<\/div>\n\t\t\t\t<div class=\"elementor-element elementor-element-fed730e elementor-widget elementor-widget-heading\" data-id=\"fed730e\" data-element_type=\"widget\" data-e-type=\"widget\" data-widget_type=\"heading.default\">\n\t\t\t\t<div class=\"elementor-widget-container\">\n\t\t\t\t\t<h2 class=\"elementor-heading-title elementor-size-default\">RADIO:<\/h2>\t\t\t\t<\/div>\n\t\t\t\t<\/div>\n\t\t\t\t<div class=\"elementor-element elementor-element-73199db elementor-widget elementor-widget-text-editor\" data-id=\"73199db\" data-element_type=\"widget\" data-e-type=\"widget\" data-widget_type=\"text-editor.default\">\n\t\t\t\t<div class=\"elementor-widget-container\">\n\t\t\t\t\t\t\t\t\t<ul>\n<li><strong><a href=\"http:\/\/4d.rtvslo.si\/arhiv\/neobvezno-v-nedeljo\/174383011\" target=\"_blank\" rel=\"noopener noreferrer\">RTV \u2013 Radio Prvi, Neobvezno v nedeljo, 17. januar 2016<\/a><\/strong><\/li>\n<li><strong><a href=\"http:\/\/4d.rtvslo.si\/arhiv\/odprto-za-srecanja\/174240662\" target=\"_blank\" rel=\"noopener noreferrer\">Radio Koper, Odprto za sre\u010danja<\/a><\/strong><\/li>\n<li><strong><a href=\"https:\/\/val202.rtvslo.si\/2019\/05\/sopotnik-19\/\">Val 202 \u2013 Sopotnik, maj 2019<\/a><\/strong><\/li>\n<li><strong><a href=\"https:\/\/avdio.ognjisce.si\/share\/positiva_2020_07_02.mp3\">Radio<\/a>\u00a0<a href=\"https:\/\/avdio.ognjisce.si\/share\/positiva_2020_07_02.mp3\">Ognji\u0161\u010de, 2. julij 2020<\/a><\/strong><\/li>\n<\/ul>\t\t\t\t\t\t\t\t<\/div>\n\t\t\t\t<\/div>\n\t\t\t\t<\/div>\n\t\t\t\t\t<\/div>\n\t\t\t\t<\/div>\n\t\t<div class=\"elementor-element elementor-element-ab0e372 e-con-full e-flex e-con e-parent\" data-id=\"ab0e372\" data-element_type=\"container\" data-e-type=\"container\" data-settings=\"{&quot;background_background&quot;:&quot;classic&quot;}\">\n\t\t\t\t<div class=\"elementor-element elementor-element-12cf9e4 elementor-widget elementor-widget-image\" data-id=\"12cf9e4\" data-element_type=\"widget\" data-e-type=\"widget\" data-widget_type=\"image.default\">\n\t\t\t\t<div class=\"elementor-widget-container\">\n\t\t\t\t\t\t\t\t\t\t\t\t\t\t\t<img decoding=\"async\" width=\"640\" height=\"412\" src=\"https:\/\/jasnatuta.com\/wp-content\/uploads\/2024\/03\/inteervju-val.jpg\" class=\"attachment-large size-large wp-image-8197\" alt=\"inteervju-val\" srcset=\"https:\/\/jasnatuta.com\/wp-content\/uploads\/2024\/03\/inteervju-val.jpg 956w, https:\/\/jasnatuta.com\/wp-content\/uploads\/2024\/03\/inteervju-val-300x193.jpg 300w, https:\/\/jasnatuta.com\/wp-content\/uploads\/2024\/03\/inteervju-val-768x494.jpg 768w, https:\/\/jasnatuta.com\/wp-content\/uploads\/2024\/03\/inteervju-val-200x129.jpg 200w\" sizes=\"(max-width: 640px) 100vw, 640px\" \/>\t\t\t\t\t\t\t\t\t\t\t\t\t\t\t<\/div>\n\t\t\t\t<\/div>\n\t\t\t\t<\/div>\n\t\t<div class=\"elementor-element elementor-element-a00d97d e-flex e-con-boxed e-con e-parent\" data-id=\"a00d97d\" data-element_type=\"container\" data-e-type=\"container\" data-settings=\"{&quot;background_background&quot;:&quot;classic&quot;}\">\n\t\t\t\t\t<div class=\"e-con-inner\">\n\t\t<div class=\"elementor-element elementor-element-23da2bf e-con-full e-flex e-con e-child\" data-id=\"23da2bf\" data-element_type=\"container\" data-e-type=\"container\">\n\t\t\t\t<div class=\"elementor-element elementor-element-143415f elementor-widget elementor-widget-heading\" data-id=\"143415f\" data-element_type=\"widget\" data-e-type=\"widget\" data-widget_type=\"heading.default\">\n\t\t\t\t<div class=\"elementor-widget-container\">\n\t\t\t\t\t<h2 class=\"elementor-heading-title elementor-size-default\">\u010cASOPISI IN REVIJE:<\/h2>\t\t\t\t<\/div>\n\t\t\t\t<\/div>\n\t\t\t\t<div class=\"elementor-element elementor-element-0e66442 elementor-widget elementor-widget-text-editor\" data-id=\"0e66442\" data-element_type=\"widget\" data-e-type=\"widget\" data-widget_type=\"text-editor.default\">\n\t\t\t\t<div class=\"elementor-widget-container\">\n\t\t\t\t\t\t\t\t\t<ul><li><strong><a href=\"http:\/\/www.primorske.si\/Plus\/Sobota\/Obcutek-popolne-svobode--jo-stane-le-tristo-evrov-\">Primorske novice, 17. januar 2016\u00a0<\/a><\/strong><\/li><li><a href=\"http:\/\/www.primorski.it\/stories\/trst\/251758_na_morju_se_pouti_doma\/#.Vpt2oOjhAgs\" target=\"_blank\" rel=\"noopener noreferrer\">Primorski dnevnik, 13. januar 2016<\/a><\/li><li><a href=\"https:\/\/www.dnevnik.si\/1042728518\/magazin\/aktualno\/jasna-morska-popotnica-ki-ze-sest-let-zivi-na-jadrnici-\">Dnevnik, 18. januar 2016<\/a><\/li><li><strong><a href=\"http:\/\/revijazarja.si\/clanek\/ljudje\/5698f67c9a429\/na-20-kvadratih-izgubis-zivce\">Revija Zarja, 19. januar 2016<\/a><\/strong><\/li><li><a href=\"http:\/\/www.noviglas.eu\/%E2%80%9Cvec-skupnega-imam-z-ribicem-kot-s-sportnim-jadralcem%E2%80%9D\" target=\"_blank\" rel=\"noopener noreferrer\">Novi glas, 22. januar 2016<\/a><\/li><li><a href=\"http:\/\/www.val-navtika.net\/article\/intervju-jasna-tuta\/\" target=\"_blank\" rel=\"noopener noreferrer\">Val Navtika 207 (marec 2016)<\/a><\/li><li><a href=\"http:\/\/www.reporter.si\/vsebina\/%C5%A1tevilka-10-7-marec-2016\" target=\"_blank\" rel=\"noopener noreferrer\">Reporter, 7. marec 2016<\/a><\/li><li><a href=\"https:\/\/novice.svet24.si\/clanek\/zanimivosti\/5c73f9d2df056\/morjeplovka-jasna-tuta-o-spreminjajocem-se-svetu\">Zarja, 6.april 2019<\/a><\/li><li><a href=\"https:\/\/www.dnevnik.si\/1042882809\">Dnevnik, 14. april 2019<\/a><\/li><li><a href=\"https:\/\/onaplus.delo.si\/jasna-tuta\">Onaplus, 18.junij 2019<\/a><\/li><li><a href=\"https:\/\/www.metropolitan.si\/prosti-cas\/jasna-tuta-ljudem-hocem-verjeti-jim-zaupati\/\">Metropolitan, 8. januar 2020<\/a><\/li><li><a href=\"https:\/\/www.primorski.eu\/trzaska\/ce-potujes-zato-da-bezis-od-sebe-bos-razocaran-MY472860\">Primorski dnevnik, 12.marec 2020<\/a><\/li><li><a href=\"https:\/\/emorje.com\/intervju\/jasna-tuta\/\">E-morje (april 2020)<\/a><\/li><li>Sensa, junij 2022<\/li><li>Tematske kri\u017eanke, september 2025<\/li><\/ul>\t\t\t\t\t\t\t\t<\/div>\n\t\t\t\t<\/div>\n\t\t\t\t<div class=\"elementor-element elementor-element-32fbffd elementor-widget elementor-widget-heading\" data-id=\"32fbffd\" data-element_type=\"widget\" data-e-type=\"widget\" data-widget_type=\"heading.default\">\n\t\t\t\t<div class=\"elementor-widget-container\">\n\t\t\t\t\t<h2 class=\"elementor-heading-title elementor-size-default\">SPLET:<\/h2>\t\t\t\t<\/div>\n\t\t\t\t<\/div>\n\t\t\t\t<div class=\"elementor-element elementor-element-8c47df0 elementor-widget elementor-widget-text-editor\" data-id=\"8c47df0\" data-element_type=\"widget\" data-e-type=\"widget\" data-widget_type=\"text-editor.default\">\n\t\t\t\t<div class=\"elementor-widget-container\">\n\t\t\t\t\t\t\t\t\t<ul>\n<li><a href=\"http:\/\/www.siol.net\/trendi\/potovanja\/novice\/2016\/01\/intervju_z_jasno_tuta_zamejsko_slovenko_ki_zivi_na_jadrnici.aspx\">Spletni portal Siol.net<\/a><\/li>\n<li><a href=\"http:\/\/www.rtvslo.si\/tureavanture\/glej-ga-sloven-c\/jasna-z-jadrnice-ki-je-zasidrana-v-tropski-francoski-polineziji\/358709#comments\" target=\"_blank\" rel=\"noopener noreferrer\">MCC RTV Slo<\/a><\/li>\n<\/ul>\t\t\t\t\t\t\t\t<\/div>\n\t\t\t\t<\/div>\n\t\t\t\t<\/div>\n\t\t<div class=\"elementor-element elementor-element-412d558 e-con-full e-flex e-con e-child\" data-id=\"412d558\" data-element_type=\"container\" data-e-type=\"container\">\n\t\t\t\t<div class=\"elementor-element elementor-element-629be3f elementor-widget elementor-widget-image\" data-id=\"629be3f\" data-element_type=\"widget\" data-e-type=\"widget\" data-widget_type=\"image.default\">\n\t\t\t\t<div class=\"elementor-widget-container\">\n\t\t\t\t\t\t\t\t\t\t\t\t\t\t\t<img decoding=\"async\" width=\"510\" height=\"683\" src=\"https:\/\/jasnatuta.com\/wp-content\/uploads\/2024\/03\/12573682_10208398421908184_9125529275762922041_n.jpg\" class=\"attachment-large size-large wp-image-8194\" alt=\"\" srcset=\"https:\/\/jasnatuta.com\/wp-content\/uploads\/2024\/03\/12573682_10208398421908184_9125529275762922041_n.jpg 510w, https:\/\/jasnatuta.com\/wp-content\/uploads\/2024\/03\/12573682_10208398421908184_9125529275762922041_n-224x300.jpg 224w, https:\/\/jasnatuta.com\/wp-content\/uploads\/2024\/03\/12573682_10208398421908184_9125529275762922041_n-200x268.jpg 200w, https:\/\/jasnatuta.com\/wp-content\/uploads\/2024\/03\/12573682_10208398421908184_9125529275762922041_n-300x402.jpg 300w\" sizes=\"(max-width: 510px) 100vw, 510px\" \/>\t\t\t\t\t\t\t\t\t\t\t\t\t\t\t<\/div>\n\t\t\t\t<\/div>\n\t\t\t\t<\/div>\n\t\t\t\t\t<\/div>\n\t\t\t\t<\/div>\n\t\t<div class=\"elementor-element elementor-element-d3c3832 e-flex e-con-boxed e-con e-parent\" data-id=\"d3c3832\" data-element_type=\"container\" data-e-type=\"container\">\n\t\t\t\t\t<div class=\"e-con-inner\">\n\t\t\t\t<div class=\"elementor-element elementor-element-e172039 elementor-arrows-position-inside elementor-pagination-position-outside elementor-widget elementor-widget-image-carousel\" data-id=\"e172039\" data-element_type=\"widget\" data-e-type=\"widget\" data-settings=\"{&quot;slides_to_show&quot;:&quot;3&quot;,&quot;navigation&quot;:&quot;both&quot;,&quot;autoplay&quot;:&quot;yes&quot;,&quot;pause_on_hover&quot;:&quot;yes&quot;,&quot;pause_on_interaction&quot;:&quot;yes&quot;,&quot;autoplay_speed&quot;:5000,&quot;infinite&quot;:&quot;yes&quot;,&quot;speed&quot;:500}\" data-widget_type=\"image-carousel.default\">\n\t\t\t\t<div class=\"elementor-widget-container\">\n\t\t\t\t\t\t\t<div class=\"elementor-image-carousel-wrapper swiper\" role=\"region\" aria-roledescription=\"carousel\" aria-label=\"Revija Sensa\" dir=\"ltr\">\n\t\t\t<div class=\"elementor-image-carousel swiper-wrapper swiper-image-stretch\" aria-live=\"off\">\n\t\t\t\t\t\t\t\t<div class=\"swiper-slide\" role=\"group\" aria-roledescription=\"slide\" aria-label=\"1 of 6\"><figure class=\"swiper-slide-inner\"><img decoding=\"async\" class=\"swiper-slide-image\" src=\"https:\/\/jasnatuta.com\/wp-content\/uploads\/2025\/10\/pdf_file-16-immagini-0-793x1024.jpg\" alt=\"pdf_file (16)-immagini-0\" \/><\/figure><\/div><div class=\"swiper-slide\" role=\"group\" aria-roledescription=\"slide\" aria-label=\"2 of 6\"><figure class=\"swiper-slide-inner\"><img decoding=\"async\" class=\"swiper-slide-image\" src=\"https:\/\/jasnatuta.com\/wp-content\/uploads\/2025\/10\/pdf_file-16-immagini-1-793x1024.jpg\" alt=\"pdf_file (16)-immagini-1\" \/><\/figure><\/div><div class=\"swiper-slide\" role=\"group\" aria-roledescription=\"slide\" aria-label=\"3 of 6\"><figure class=\"swiper-slide-inner\"><img decoding=\"async\" class=\"swiper-slide-image\" src=\"https:\/\/jasnatuta.com\/wp-content\/uploads\/2025\/10\/pdf_file-16-immagini-2-793x1024.jpg\" alt=\"pdf_file (16)-immagini-2\" \/><\/figure><\/div><div class=\"swiper-slide\" role=\"group\" aria-roledescription=\"slide\" aria-label=\"4 of 6\"><figure class=\"swiper-slide-inner\"><img decoding=\"async\" class=\"swiper-slide-image\" src=\"https:\/\/jasnatuta.com\/wp-content\/uploads\/2025\/10\/pdf_file-16-immagini-3-793x1024.jpg\" alt=\"pdf_file (16)-immagini-3\" \/><\/figure><\/div><div class=\"swiper-slide\" role=\"group\" aria-roledescription=\"slide\" aria-label=\"5 of 6\"><figure class=\"swiper-slide-inner\"><img decoding=\"async\" class=\"swiper-slide-image\" src=\"https:\/\/jasnatuta.com\/wp-content\/uploads\/2025\/10\/pdf_file-16-immagini-4-793x1024.jpg\" alt=\"pdf_file (16)-immagini-4\" \/><\/figure><\/div><div class=\"swiper-slide\" role=\"group\" aria-roledescription=\"slide\" aria-label=\"6 of 6\"><figure class=\"swiper-slide-inner\"><img decoding=\"async\" class=\"swiper-slide-image\" src=\"https:\/\/jasnatuta.com\/wp-content\/uploads\/2025\/10\/pdf_file-16-immagini-5-1-793x1024.jpg\" alt=\"pdf_file (16)-immagini-5\" \/><\/figure><\/div>\t\t\t<\/div>\n\t\t\t\t\t\t\t\t\t\t\t\t<div class=\"elementor-swiper-button elementor-swiper-button-prev\" role=\"button\" tabindex=\"0\">\n\t\t\t\t\t\t<svg aria-hidden=\"true\" class=\"e-font-icon-svg e-eicon-chevron-left\" viewBox=\"0 0 1000 1000\" xmlns=\"http:\/\/www.w3.org\/2000\/svg\"><path d=\"M646 125C629 125 613 133 604 142L308 442C296 454 292 471 292 487 292 504 296 521 308 533L604 854C617 867 629 875 646 875 663 875 679 871 692 858 704 846 713 829 713 812 713 796 708 779 692 767L438 487 692 225C700 217 708 204 708 187 708 171 704 154 692 142 675 129 663 125 646 125Z\"><\/path><\/svg>\t\t\t\t\t<\/div>\n\t\t\t\t\t<div class=\"elementor-swiper-button elementor-swiper-button-next\" role=\"button\" tabindex=\"0\">\n\t\t\t\t\t\t<svg aria-hidden=\"true\" class=\"e-font-icon-svg e-eicon-chevron-right\" viewBox=\"0 0 1000 1000\" xmlns=\"http:\/\/www.w3.org\/2000\/svg\"><path d=\"M696 533C708 521 713 504 713 487 713 471 708 454 696 446L400 146C388 133 375 125 354 125 338 125 325 129 313 142 300 154 292 171 292 187 292 204 296 221 308 233L563 492 304 771C292 783 288 800 288 817 288 833 296 850 308 863 321 871 338 875 354 875 371 875 388 867 400 854L696 533Z\"><\/path><\/svg>\t\t\t\t\t<\/div>\n\t\t\t\t\n\t\t\t\t\t\t\t\t\t<div class=\"swiper-pagination\"><\/div>\n\t\t\t\t\t\t\t\t\t<\/div>\n\t\t\t\t\t\t<\/div>\n\t\t\t\t<\/div>\n\t\t\t\t\t<\/div>\n\t\t\t\t<\/div>\n\t\t<div class=\"elementor-element elementor-element-8abd526 e-flex e-con-boxed e-con e-parent\" data-id=\"8abd526\" data-element_type=\"container\" data-e-type=\"container\">\n\t\t\t\t\t<div class=\"e-con-inner\">\n\t\t\t\t<div class=\"elementor-element elementor-element-d01338a elementor-widget elementor-widget-image\" data-id=\"d01338a\" data-element_type=\"widget\" data-e-type=\"widget\" data-widget_type=\"image.default\">\n\t\t\t\t<div class=\"elementor-widget-container\">\n\t\t\t\t\t\t\t\t\t\t\t\t<figure class=\"wp-caption\">\n\t\t\t\t\t\t\t\t\t\t<img loading=\"lazy\" decoding=\"async\" width=\"640\" height=\"905\" src=\"https:\/\/jasnatuta.com\/wp-content\/uploads\/2025\/10\/KRT1_30_september-oktober25_OVITEK-1-768x1086.jpg\" class=\"attachment-medium_large size-medium_large wp-image-9624\" alt=\"Jasna Tuta na platnici revije tematske kri\u017eanke\" srcset=\"https:\/\/jasnatuta.com\/wp-content\/uploads\/2025\/10\/KRT1_30_september-oktober25_OVITEK-1-768x1086.jpg 768w, https:\/\/jasnatuta.com\/wp-content\/uploads\/2025\/10\/KRT1_30_september-oktober25_OVITEK-1-212x300.jpg 212w, https:\/\/jasnatuta.com\/wp-content\/uploads\/2025\/10\/KRT1_30_september-oktober25_OVITEK-1-724x1024.jpg 724w, https:\/\/jasnatuta.com\/wp-content\/uploads\/2025\/10\/KRT1_30_september-oktober25_OVITEK-1-1086x1536.jpg 1086w, https:\/\/jasnatuta.com\/wp-content\/uploads\/2025\/10\/KRT1_30_september-oktober25_OVITEK-1-1448x2048.jpg 1448w, https:\/\/jasnatuta.com\/wp-content\/uploads\/2025\/10\/KRT1_30_september-oktober25_OVITEK-1-200x283.jpg 200w, https:\/\/jasnatuta.com\/wp-content\/uploads\/2025\/10\/KRT1_30_september-oktober25_OVITEK-1-300x424.jpg 300w, https:\/\/jasnatuta.com\/wp-content\/uploads\/2025\/10\/KRT1_30_september-oktober25_OVITEK-1-scaled.jpg 1811w\" sizes=\"(max-width: 640px) 100vw, 640px\" \/>\t\t\t\t\t\t\t\t\t\t\t<figcaption class=\"widget-image-caption wp-caption-text\">In potem, ko sem v preteklih letih pristala v Delu, Nedelu, vseh mo\u017enih dnevnikih, digitalnih \u010dasopisih in revijah (celo v Playboyu!), sem si letos kon\u010dno zaslu\u017eila \u0161e prostor v kri\u017eankah!<\/figcaption>\n\t\t\t\t\t\t\t\t\t\t<\/figure>\n\t\t\t\t\t\t\t\t\t<\/div>\n\t\t\t\t<\/div>\n\t\t\t\t\t<\/div>\n\t\t\t\t<\/div>\n\t\t\t\t<\/div>\n\t\t","protected":false},"excerpt":{"rendered":"<p>\u010ce bi radi izvedeli kaj ve\u010d o meni in mojih potovanjih, lahko preberete, poslu\u0161ate ali si ogledate enega od \u0161tevilnih intervjujev z mano v slovenskih medijih. S krepko pisavo sem ozna\u010dila intervjuje, ki jih posebej priporo\u010dam. TELEVIZIJA: Oddaja S Prehodi na TV coper, 16. december 2015 TV RAI 3 slovenski program, poro\u010dila (minuta 5.17) Zaljubljeni [&hellip;]<\/p>\n","protected":false},"author":1,"featured_media":0,"parent":0,"menu_order":0,"comment_status":"closed","ping_status":"open","template":"","meta":{"footnotes":""},"class_list":["post-7535","page","type-page","status-publish","hentry"],"aioseo_notices":[],"_links":{"self":[{"href":"https:\/\/jasnatuta.com\/sl\/wp-json\/wp\/v2\/pages\/7535","targetHints":{"allow":["GET"]}}],"collection":[{"href":"https:\/\/jasnatuta.com\/sl\/wp-json\/wp\/v2\/pages"}],"about":[{"href":"https:\/\/jasnatuta.com\/sl\/wp-json\/wp\/v2\/types\/page"}],"author":[{"embeddable":true,"href":"https:\/\/jasnatuta.com\/sl\/wp-json\/wp\/v2\/users\/1"}],"replies":[{"embeddable":true,"href":"https:\/\/jasnatuta.com\/sl\/wp-json\/wp\/v2\/comments?post=7535"}],"version-history":[{"count":41,"href":"https:\/\/jasnatuta.com\/sl\/wp-json\/wp\/v2\/pages\/7535\/revisions"}],"predecessor-version":[{"id":9646,"href":"https:\/\/jasnatuta.com\/sl\/wp-json\/wp\/v2\/pages\/7535\/revisions\/9646"}],"wp:attachment":[{"href":"https:\/\/jasnatuta.com\/sl\/wp-json\/wp\/v2\/media?parent=7535"}],"curies":[{"name":"wp","href":"https:\/\/api.w.org\/{rel}","templated":true}]}}