{"id":7582,"date":"2024-02-23T13:33:22","date_gmt":"2024-02-23T12:33:22","guid":{"rendered":"https:\/\/jasnatuta.com\/serate-di-mare-e-presentazioni-del-libro\/"},"modified":"2026-01-04T18:44:48","modified_gmt":"2026-01-04T17:44:48","slug":"predavanja","status":"publish","type":"page","link":"https:\/\/jasnatuta.com\/sl\/predavanja\/","title":{"rendered":"Predavanja za jadralce"},"content":{"rendered":"\t\t<div data-elementor-type=\"wp-page\" data-elementor-id=\"7582\" class=\"elementor elementor-7582 elementor-6594\" data-elementor-post-type=\"page\">\n\t\t\t\t<div class=\"elementor-element elementor-element-9f3bca4 e-flex e-con-boxed e-con e-parent\" data-id=\"9f3bca4\" data-element_type=\"container\" data-e-type=\"container\">\n\t\t\t\t\t<div class=\"e-con-inner\">\n\t\t\t\t<div class=\"elementor-element elementor-element-131f247 elementor-widget elementor-widget-heading\" data-id=\"131f247\" data-element_type=\"widget\" data-e-type=\"widget\" data-widget_type=\"heading.default\">\n\t\t\t\t<div class=\"elementor-widget-container\">\n\t\t\t\t\t<h5 class=\"elementor-heading-title elementor-size-default\">Zgodbe in nauki z jadranja po oceanu<\/h5>\t\t\t\t<\/div>\n\t\t\t\t<\/div>\n\t\t\t\t\t<\/div>\n\t\t\t\t<\/div>\n\t\t<div class=\"elementor-element elementor-element-cf097df e-flex e-con-boxed e-con e-parent\" data-id=\"cf097df\" data-element_type=\"container\" data-e-type=\"container\">\n\t\t\t\t\t<div class=\"e-con-inner\">\n\t\t\t\t<div class=\"elementor-element elementor-element-3e4db7a elementor-widget elementor-widget-text-editor\" data-id=\"3e4db7a\" data-element_type=\"widget\" data-e-type=\"widget\" data-widget_type=\"text-editor.default\">\n\t\t\t\t<div class=\"elementor-widget-container\">\n\t\t\t\t\t\t\t\t\t<h2>Navdihujo\u010de zgodbe o spremembah, odlo\u010ditvah in strahovih, ki sem jih spoznala v desetletju \u017eivljenja na morju.<\/h2>\t\t\t\t\t\t\t\t<\/div>\n\t\t\t\t<\/div>\n\t\t\t\t\t<\/div>\n\t\t\t\t<\/div>\n\t\t<div class=\"elementor-element elementor-element-6796a09 e-flex e-con-boxed e-con e-parent\" data-id=\"6796a09\" data-element_type=\"container\" data-e-type=\"container\">\n\t\t\t\t\t<div class=\"e-con-inner\">\n\t\t<div class=\"elementor-element elementor-element-f47ca50 e-con-full e-flex e-con e-child\" data-id=\"f47ca50\" data-element_type=\"container\" data-e-type=\"container\">\n\t\t\t\t<div class=\"elementor-element elementor-element-9930790 elementor-widget elementor-widget-text-editor\" data-id=\"9930790\" data-element_type=\"widget\" data-e-type=\"widget\" data-widget_type=\"text-editor.default\">\n\t\t\t\t<div class=\"elementor-widget-container\">\n\t\t\t\t\t\t\t\t\t<p>V jesenskem in zimskem \u010dasu zelo rada potujem po Sloveniji in predavam o svojih potovanjih.<\/p><p>V\u010dasih se pohecam, da je prina\u0161anje tropskega sonca v slovensko zimo postalo moje \u017eivljenjsko poslanstvo. Navdu\u0161ujo\u010di odzivi publike so zame velika spodbuda, da s predavanji nadaljujem in jih stalno bogatim z novimi vsebinami.<\/p><p>Od leta 2016 sem izvedela preko<strong> 80 ve\u010derov<\/strong> v razli\u010dnih okoljih: od majhnih va\u0161kih knji\u017enic do velikih gledali\u0161\u010d, od osnovnih in srednjih \u0161ol do moderne galerije v Ljubljani. \u0160e najve\u010d pa sem seveda predavala v jadralnih klubih.<\/p><p><br><strong>Ti morski ve\u010deri mi vedno ogrejejo srce<\/strong>&#8230; ne zaradi eksoti\u010dnih zgodb, ki jih pripovedujem, ne zaradi fotografij turkiznih lagun, ki jih predvajam na zaslonu, ampak zaradi \u010dudovite energije, ki se ustvari v dvorani. Verjamem, da je to \u010darobno vzdu\u0161je posledica velike ljubezni do morja in jadranja, ki si jo vsi navzo\u010di delimo.  <\/p><p>Nekako tako kot spontana a pomembna sre\u010danja med jadralci v najbolj osamljenih zalivih na svetu. <span style=\"color: var( --e-global-color-text ); text-align: var(--text-align); background-color: var(--thim_body_bg_color);\">Ne poznam osebe, ki se je pravkar sidrala zraven mene, vendar \u017ee vem, da mi bo v\u0161e\u010d. Dru\u017ei nas ljubezen do svobode in preprostega \u017eivljenja, iskanje izzivov in hkrati skromnosti, spo\u0161tovanje narave in drugih kultur.<\/span><\/p>\t\t\t\t\t\t\t\t<\/div>\n\t\t\t\t<\/div>\n\t\t\t\t<\/div>\n\t\t<div class=\"elementor-element elementor-element-33fcb14 e-con-full e-flex e-con e-child\" data-id=\"33fcb14\" data-element_type=\"container\" data-e-type=\"container\">\n\t\t\t\t<div class=\"elementor-element elementor-element-04c34d1 elementor-widget elementor-widget-image\" data-id=\"04c34d1\" data-element_type=\"widget\" data-e-type=\"widget\" data-widget_type=\"image.default\">\n\t\t\t\t<div class=\"elementor-widget-container\">\n\t\t\t\t\t\t\t\t\t\t\t\t<figure class=\"wp-caption\">\n\t\t\t\t\t\t\t\t\t\t<img fetchpriority=\"high\" decoding=\"async\" width=\"640\" height=\"667\" src=\"https:\/\/jasnatuta.com\/wp-content\/uploads\/2024\/02\/Jasna_Tuta_1_24-2-1-e1708692344936.jpg\" class=\"attachment-large size-large wp-image-7466\" alt=\"\" srcset=\"https:\/\/jasnatuta.com\/wp-content\/uploads\/2024\/02\/Jasna_Tuta_1_24-2-1-e1708692344936.jpg 665w, https:\/\/jasnatuta.com\/wp-content\/uploads\/2024\/02\/Jasna_Tuta_1_24-2-1-e1708692344936-288x300.jpg 288w, https:\/\/jasnatuta.com\/wp-content\/uploads\/2024\/02\/Jasna_Tuta_1_24-2-1-e1708692344936-200x208.jpg 200w, https:\/\/jasnatuta.com\/wp-content\/uploads\/2024\/02\/Jasna_Tuta_1_24-2-1-e1708692344936-300x313.jpg 300w\" sizes=\"(max-width: 640px) 100vw, 640px\" \/>\t\t\t\t\t\t\t\t\t\t\t<figcaption class=\"widget-image-caption wp-caption-text\"><\/figcaption>\n\t\t\t\t\t\t\t\t\t\t<\/figure>\n\t\t\t\t\t\t\t\t\t<\/div>\n\t\t\t\t<\/div>\n\t\t\t\t<\/div>\n\t\t\t\t\t<\/div>\n\t\t\t\t<\/div>\n\t\t<div class=\"elementor-element elementor-element-d454552 e-con-full e-flex e-con e-parent\" data-id=\"d454552\" data-element_type=\"container\" data-e-type=\"container\" data-settings=\"{&quot;background_background&quot;:&quot;classic&quot;}\">\n\t\t<div class=\"elementor-element elementor-element-f772294 e-con-full e-flex e-con e-child\" data-id=\"f772294\" data-element_type=\"container\" data-e-type=\"container\">\n\t\t\t\t<div class=\"elementor-element elementor-element-5866a4f elementor-widget elementor-widget-image-carousel\" data-id=\"5866a4f\" data-element_type=\"widget\" data-e-type=\"widget\" data-settings=\"{&quot;slides_to_show&quot;:&quot;1&quot;,&quot;navigation&quot;:&quot;none&quot;,&quot;lazyload&quot;:&quot;yes&quot;,&quot;autoplay_speed&quot;:2000,&quot;effect&quot;:&quot;fade&quot;,&quot;speed&quot;:1500,&quot;autoplay&quot;:&quot;yes&quot;,&quot;pause_on_hover&quot;:&quot;yes&quot;,&quot;pause_on_interaction&quot;:&quot;yes&quot;,&quot;infinite&quot;:&quot;yes&quot;}\" data-widget_type=\"image-carousel.default\">\n\t\t\t\t<div class=\"elementor-widget-container\">\n\t\t\t\t\t\t\t<div class=\"elementor-image-carousel-wrapper swiper\" role=\"region\" aria-roledescription=\"carousel\" aria-label=\"Carosello d&#039;immagini\" dir=\"ltr\">\n\t\t\t<div class=\"elementor-image-carousel swiper-wrapper swiper-image-stretch\" aria-live=\"off\">\n\t\t\t\t\t\t\t\t<div class=\"swiper-slide\" role=\"group\" aria-roledescription=\"slide\" aria-label=\"1 of 6\"><figure class=\"swiper-slide-inner\"><img class=\"swiper-slide-image swiper-lazy\" data-src=\"https:\/\/jasnatuta.com\/wp-content\/uploads\/2024\/02\/jasnatuta-serata-e1708702460545-768x548.jpg\" alt=\"jasnatuta-serata\" \/><div class=\"swiper-lazy-preloader\"><\/div><\/figure><\/div><div class=\"swiper-slide\" role=\"group\" aria-roledescription=\"slide\" aria-label=\"2 of 6\"><figure class=\"swiper-slide-inner\"><img class=\"swiper-slide-image swiper-lazy\" data-src=\"https:\/\/jasnatuta.com\/wp-content\/uploads\/2024\/02\/IMG_20231124_185909-768x576.jpg\" alt=\"serate di mare\" \/><div class=\"swiper-lazy-preloader\"><\/div><\/figure><\/div><div class=\"swiper-slide\" role=\"group\" aria-roledescription=\"slide\" aria-label=\"3 of 6\"><figure class=\"swiper-slide-inner\"><img class=\"swiper-slide-image swiper-lazy\" data-src=\"https:\/\/jasnatuta.com\/wp-content\/uploads\/2024\/02\/Tuta-2020-768x576.jpg\" alt=\"Tuta-2020\" \/><div class=\"swiper-lazy-preloader\"><\/div><\/figure><\/div><div class=\"swiper-slide\" role=\"group\" aria-roledescription=\"slide\" aria-label=\"4 of 6\"><figure class=\"swiper-slide-inner\"><img class=\"swiper-slide-image swiper-lazy\" data-src=\"https:\/\/jasnatuta.com\/wp-content\/uploads\/2024\/02\/jasnatutaserate-768x513.jpg\" alt=\"jasnatuta serate\" \/><div class=\"swiper-lazy-preloader\"><\/div><\/figure><\/div><div class=\"swiper-slide\" role=\"group\" aria-roledescription=\"slide\" aria-label=\"5 of 6\"><figure class=\"swiper-slide-inner\"><img class=\"swiper-slide-image swiper-lazy\" data-src=\"https:\/\/jasnatuta.com\/wp-content\/uploads\/2024\/02\/jasnatuta-serate-768x512.jpg\" alt=\"jasnatuta-serate\" \/><div class=\"swiper-lazy-preloader\"><\/div><\/figure><\/div><div class=\"swiper-slide\" role=\"group\" aria-roledescription=\"slide\" aria-label=\"6 of 6\"><figure class=\"swiper-slide-inner\"><img class=\"swiper-slide-image swiper-lazy\" data-src=\"https:\/\/jasnatuta.com\/wp-content\/uploads\/2024\/02\/jasna-tuta-serate-768x576.jpg\" alt=\"jasna-tuta-serate\" \/><div class=\"swiper-lazy-preloader\"><\/div><\/figure><\/div>\t\t\t<\/div>\n\t\t\t\t\t\t\t\n\t\t\t\t\t\t\t\t\t<\/div>\n\t\t\t\t\t\t<\/div>\n\t\t\t\t<\/div>\n\t\t\t\t<\/div>\n\t\t<div class=\"elementor-element elementor-element-96f60d6 e-con-full e-flex e-con e-child\" data-id=\"96f60d6\" data-element_type=\"container\" data-e-type=\"container\" data-settings=\"{&quot;background_background&quot;:&quot;classic&quot;}\">\n\t\t\t\t<div class=\"elementor-element elementor-element-8fab557 elementor-widget elementor-widget-text-editor\" data-id=\"8fab557\" data-element_type=\"widget\" data-e-type=\"widget\" data-widget_type=\"text-editor.default\">\n\t\t\t\t<div class=\"elementor-widget-container\">\n\t\t\t\t\t\t\t\t\t<p>Zelo rada se na teh ve\u010derih sre\u010dujem z jadralci z vseh koncev Slovenije, s katerimi se vselej radi zaklepetamo tudi po koncu predavanja.<\/p><p>Zato se zahvaljujem vsem, ki ste me in me \u0161e boste povabili medse.<\/p><p><strong>\u010ce bi tudi vi \u017eeleli organizirati ve\u010der v svojem klubu ali \u0161oli, mi pi\u0161ite, da najdemo ustrezen termin in tematiko. Lahko se posvetim tehni\u010dni plati jadranja (priprava na ocean) ali kateri izmed destinacij,kjer sem jadrala ve\u010d let (Polinezija, Mehika, Tonga..)<\/strong><\/p>\t\t\t\t\t\t\t\t<\/div>\n\t\t\t\t<\/div>\n\t\t\t\t<\/div>\n\t\t\t\t<\/div>\n\t\t<div class=\"elementor-element elementor-element-c6afff2 e-flex e-con-boxed e-con e-parent\" data-id=\"c6afff2\" data-element_type=\"container\" data-e-type=\"container\">\n\t\t\t\t\t<div class=\"e-con-inner\">\n\t\t<div class=\"elementor-element elementor-element-6d6f0b0 e-con-full e-flex e-con e-child\" data-id=\"6d6f0b0\" data-element_type=\"container\" data-e-type=\"container\" data-settings=\"{&quot;background_background&quot;:&quot;classic&quot;}\">\n\t\t\t\t<div class=\"elementor-element elementor-element-7616d96 elementor-widget__width-initial elementor-widget elementor-widget-text-editor\" data-id=\"7616d96\" data-element_type=\"widget\" data-e-type=\"widget\" data-widget_type=\"text-editor.default\">\n\t\t\t\t<div class=\"elementor-widget-container\">\n\t\t\t\t\t\t\t\t\t<h2><strong>Napovedana predavanja 2026:<\/strong><\/h2><ul><li>Petek, 16. januar: NAVIGACIJA PO POLINEZIJI: moje jadralske pustolov\u0161\u010dine med otoki Tahitija &#8211; Yacht Club Adriaco, Trst<\/li><li>konec februarja: VSE BARVE POLINEZIJE: Accademia del Mare, Trst<\/li><\/ul><h2><strong>V preteklih letih smo se sre\u010dali marsikje:<\/strong><\/h2><p>Novo Mesto, Ljubljana, Murska Sobota, Koper, Izola, Piran, Nova Gorica, Ajdov\u0161\u010dina, Velenje, \u0160kofja Loka, Ptuj, Maribor, Sevnica, Dravograd, Tolmin, Idrija, Ilirska Bistrica &#8230;<\/p>\t\t\t\t\t\t\t\t<\/div>\n\t\t\t\t<\/div>\n\t\t\t\t<div class=\"elementor-element elementor-element-67cf5cd elementor-widget elementor-widget-text-editor\" data-id=\"67cf5cd\" data-element_type=\"widget\" data-e-type=\"widget\" data-widget_type=\"text-editor.default\">\n\t\t\t\t<div class=\"elementor-widget-container\">\n\t\t\t\t\t\t\t\t\t<p><strong>Navdu\u0161ujo\u010di odzivi publike so zame velika spodbuda, da s predavanji nadaljujem in jih stalno bogatim z novimi vsebinami.<\/strong><\/p><p>Hvala vsem. <\/p>\t\t\t\t\t\t\t\t<\/div>\n\t\t\t\t<\/div>\n\t\t\t\t<\/div>\n\t\t\t\t\t<\/div>\n\t\t\t\t<\/div>\n\t\t<div class=\"elementor-element elementor-element-9a213b2 e-con-full e-flex e-con e-parent\" data-id=\"9a213b2\" data-element_type=\"container\" data-e-type=\"container\">\n\t\t\t\t<div class=\"elementor-element elementor-element-7392728 elementor-widget__width-initial elementor-widget elementor-widget-image\" data-id=\"7392728\" data-element_type=\"widget\" data-e-type=\"widget\" data-widget_type=\"image.default\">\n\t\t\t\t<div class=\"elementor-widget-container\">\n\t\t\t\t\t\t\t\t\t\t\t\t\t\t\t<img decoding=\"async\" width=\"640\" height=\"330\" src=\"https:\/\/jasnatuta.com\/wp-content\/uploads\/2024\/02\/maribor4-5.jpg\" class=\"attachment-large size-large wp-image-7490\" alt=\"\" srcset=\"https:\/\/jasnatuta.com\/wp-content\/uploads\/2024\/02\/maribor4-5.jpg 839w, https:\/\/jasnatuta.com\/wp-content\/uploads\/2024\/02\/maribor4-5-300x154.jpg 300w, https:\/\/jasnatuta.com\/wp-content\/uploads\/2024\/02\/maribor4-5-768x395.jpg 768w, https:\/\/jasnatuta.com\/wp-content\/uploads\/2024\/02\/maribor4-5-200x103.jpg 200w\" sizes=\"(max-width: 640px) 100vw, 640px\" \/>\t\t\t\t\t\t\t\t\t\t\t\t\t\t\t<\/div>\n\t\t\t\t<\/div>\n\t\t\t\t<\/div>\n\t\t<div class=\"elementor-element elementor-element-88e0247 e-con-full e-flex e-con e-parent\" data-id=\"88e0247\" data-element_type=\"container\" data-e-type=\"container\">\n\t\t\t\t<div class=\"elementor-element elementor-element-ec8a3b0 elementor-arrows-position-inside elementor-pagination-position-outside elementor-widget elementor-widget-image-carousel\" data-id=\"ec8a3b0\" data-element_type=\"widget\" data-e-type=\"widget\" data-settings=\"{&quot;slides_to_show&quot;:&quot;2&quot;,&quot;navigation&quot;:&quot;both&quot;,&quot;autoplay&quot;:&quot;yes&quot;,&quot;pause_on_hover&quot;:&quot;yes&quot;,&quot;pause_on_interaction&quot;:&quot;yes&quot;,&quot;autoplay_speed&quot;:5000,&quot;infinite&quot;:&quot;yes&quot;,&quot;speed&quot;:500}\" data-widget_type=\"image-carousel.default\">\n\t\t\t\t<div class=\"elementor-widget-container\">\n\t\t\t\t\t\t\t<div class=\"elementor-image-carousel-wrapper swiper\" role=\"region\" aria-roledescription=\"carousel\" aria-label=\"Carosello d&#039;immagini\" dir=\"ltr\">\n\t\t\t<div class=\"elementor-image-carousel swiper-wrapper swiper-image-stretch\" aria-live=\"off\">\n\t\t\t\t\t\t\t\t<div class=\"swiper-slide\" role=\"group\" aria-roledescription=\"slide\" aria-label=\"1 of 2\"><figure class=\"swiper-slide-inner\"><img decoding=\"async\" class=\"swiper-slide-image\" src=\"https:\/\/jasnatuta.com\/wp-content\/uploads\/2025\/12\/Screenshot_20241125-1258582-684x1024.png\" alt=\"Screenshot_20241125-125858~2\" \/><\/figure><\/div><div class=\"swiper-slide\" role=\"group\" aria-roledescription=\"slide\" aria-label=\"2 of 2\"><figure class=\"swiper-slide-inner\"><img decoding=\"async\" class=\"swiper-slide-image\" src=\"https:\/\/jasnatuta.com\/wp-content\/uploads\/2025\/12\/Screenshot_20241125-130155-661x1024.png\" alt=\"Screenshot_20241125-130155\" \/><\/figure><\/div>\t\t\t<\/div>\n\t\t\t\t\t\t\t\t\t\t\t\t<div class=\"elementor-swiper-button elementor-swiper-button-prev\" role=\"button\" tabindex=\"0\">\n\t\t\t\t\t\t<svg aria-hidden=\"true\" class=\"e-font-icon-svg e-eicon-chevron-left\" viewBox=\"0 0 1000 1000\" xmlns=\"http:\/\/www.w3.org\/2000\/svg\"><path d=\"M646 125C629 125 613 133 604 142L308 442C296 454 292 471 292 487 292 504 296 521 308 533L604 854C617 867 629 875 646 875 663 875 679 871 692 858 704 846 713 829 713 812 713 796 708 779 692 767L438 487 692 225C700 217 708 204 708 187 708 171 704 154 692 142 675 129 663 125 646 125Z\"><\/path><\/svg>\t\t\t\t\t<\/div>\n\t\t\t\t\t<div class=\"elementor-swiper-button elementor-swiper-button-next\" role=\"button\" tabindex=\"0\">\n\t\t\t\t\t\t<svg aria-hidden=\"true\" class=\"e-font-icon-svg e-eicon-chevron-right\" viewBox=\"0 0 1000 1000\" xmlns=\"http:\/\/www.w3.org\/2000\/svg\"><path d=\"M696 533C708 521 713 504 713 487 713 471 708 454 696 446L400 146C388 133 375 125 354 125 338 125 325 129 313 142 300 154 292 171 292 187 292 204 296 221 308 233L563 492 304 771C292 783 288 800 288 817 288 833 296 850 308 863 321 871 338 875 354 875 371 875 388 867 400 854L696 533Z\"><\/path><\/svg>\t\t\t\t\t<\/div>\n\t\t\t\t\n\t\t\t\t\t\t\t\t\t<div class=\"swiper-pagination\"><\/div>\n\t\t\t\t\t\t\t\t\t<\/div>\n\t\t\t\t\t\t<\/div>\n\t\t\t\t<\/div>\n\t\t\t\t<\/div>\n\t\t\t\t<\/div>\n\t\t","protected":false},"excerpt":{"rendered":"<p>Zgodbe in nauki z jadranja po oceanu Navdihujo\u010de zgodbe o spremembah, odlo\u010ditvah in strahovih, ki sem jih spoznala v desetletju \u017eivljenja na morju. V jesenskem in zimskem \u010dasu zelo rada potujem po Sloveniji in predavam o svojih potovanjih. V\u010dasih se pohecam, da je prina\u0161anje tropskega sonca v slovensko zimo postalo moje \u017eivljenjsko poslanstvo. Navdu\u0161ujo\u010di odzivi [&hellip;]<\/p>\n","protected":false},"author":1,"featured_media":0,"parent":0,"menu_order":0,"comment_status":"closed","ping_status":"closed","template":"","meta":{"footnotes":""},"class_list":["post-7582","page","type-page","status-publish","hentry"],"aioseo_notices":[],"_links":{"self":[{"href":"https:\/\/jasnatuta.com\/sl\/wp-json\/wp\/v2\/pages\/7582","targetHints":{"allow":["GET"]}}],"collection":[{"href":"https:\/\/jasnatuta.com\/sl\/wp-json\/wp\/v2\/pages"}],"about":[{"href":"https:\/\/jasnatuta.com\/sl\/wp-json\/wp\/v2\/types\/page"}],"author":[{"embeddable":true,"href":"https:\/\/jasnatuta.com\/sl\/wp-json\/wp\/v2\/users\/1"}],"replies":[{"embeddable":true,"href":"https:\/\/jasnatuta.com\/sl\/wp-json\/wp\/v2\/comments?post=7582"}],"version-history":[{"count":21,"href":"https:\/\/jasnatuta.com\/sl\/wp-json\/wp\/v2\/pages\/7582\/revisions"}],"predecessor-version":[{"id":10332,"href":"https:\/\/jasnatuta.com\/sl\/wp-json\/wp\/v2\/pages\/7582\/revisions\/10332"}],"wp:attachment":[{"href":"https:\/\/jasnatuta.com\/sl\/wp-json\/wp\/v2\/media?parent=7582"}],"curies":[{"name":"wp","href":"https:\/\/api.w.org\/{rel}","templated":true}]}}