{"id":7607,"date":"2024-01-17T11:47:05","date_gmt":"2024-01-17T10:47:05","guid":{"rendered":"https:\/\/jasnatuta.com\/chi-sono\/"},"modified":"2024-03-24T16:53:51","modified_gmt":"2024-03-24T15:53:51","slug":"o-meni","status":"publish","type":"page","link":"https:\/\/jasnatuta.com\/sl\/o-meni\/","title":{"rendered":"O Meni"},"content":{"rendered":"\t\t<div data-elementor-type=\"wp-page\" data-elementor-id=\"7607\" class=\"elementor elementor-7607 elementor-4681\" data-elementor-post-type=\"page\">\n\t\t\t\t<div class=\"elementor-element elementor-element-6796a09 e-flex e-con-boxed e-con e-parent\" data-id=\"6796a09\" data-element_type=\"container\" data-e-type=\"container\">\n\t\t\t\t\t<div class=\"e-con-inner\">\n\t\t<div class=\"elementor-element elementor-element-f47ca50 e-con-full e-flex e-con e-child\" data-id=\"f47ca50\" data-element_type=\"container\" data-e-type=\"container\">\n\t\t\t\t<div class=\"elementor-element elementor-element-9930790 elementor-widget elementor-widget-text-editor\" data-id=\"9930790\" data-element_type=\"widget\" data-e-type=\"widget\" data-widget_type=\"text-editor.default\">\n\t\t\t\t<div class=\"elementor-widget-container\">\n\t\t\t\t\t\t\t\t\t<p><span style=\"font-weight: 400;\">Doma sem iz Sesljana pri Trstu. Po izobrazbi sem profesorica razrednega pouka, po du\u0161i pa\u00a0<strong>popotnica in jadralka<\/strong>.\u00a0Po \u0161tirih letih pou\u010devanja na slovenskih osnovnih \u0161olah (na Oto\u010dcu in v Izoli)\u00a0sem sklenila, da grem pogledat,\u00a0<strong>kaj se skriva za obzorjem<\/strong>. Z nahrbtnikom na ramenih sem prepotovala Tajsko, Malezijo in Avstralijo. V de\u017eeli kengurujev sem sre\u010dala Ricka in skupaj z njim sem prepotovala Mehiko, Francosko Polinezijo, Novo Zelandijo, Tongo in Fid\u017ei, delno po kopnem, ve\u010dinoma pa po morju.<\/span><\/p><p><span style=\"font-weight: 400;\">Od leta 2018 jadram ve\u010dinoma po Jadranu, kjer prirejam\u00a0<\/span><a href=\"https:\/\/www.jasnatuta.com\/sl\/tecaji-jadranja2023\/\"><span style=\"font-weight: 400;\">te\u010daje jadranja<\/span><\/a><span style=\"font-weight: 400;\">\u00a0in izlete z jadrnico. Pozimi predavam, pi\u0161em knjige in kdaj pa kdaj odpotujem na toplo.<\/span><\/p><p><span style=\"font-weight: 400;\">Zadala sem si, da v svetu vselej i\u0161\u010dem majhne in velike lepote vseh vrst in oblik. V \u010dast mi je, da jih lahko delim s \u0161tevilnimi bralci, ki mi \u017ee skoraj desetletje zvesto sledijo.\u00a0<\/span><\/p><p><span style=\"font-weight: 400;\"><strong>Hvala, da potujete z mano!<\/strong><\/span><\/p>\t\t\t\t\t\t\t\t<\/div>\n\t\t\t\t<\/div>\n\t\t\t\t<\/div>\n\t\t<div class=\"elementor-element elementor-element-33fcb14 e-con-full e-flex e-con e-child\" data-id=\"33fcb14\" data-element_type=\"container\" data-e-type=\"container\">\n\t\t\t\t<div class=\"elementor-element elementor-element-04c34d1 elementor-widget elementor-widget-image\" data-id=\"04c34d1\" data-element_type=\"widget\" data-e-type=\"widget\" data-widget_type=\"image.default\">\n\t\t\t\t<div class=\"elementor-widget-container\">\n\t\t\t\t\t\t\t\t\t\t\t\t<figure class=\"wp-caption\">\n\t\t\t\t\t\t\t\t\t\t<img fetchpriority=\"high\" decoding=\"async\" width=\"640\" height=\"426\" src=\"https:\/\/jasnatuta.com\/wp-content\/uploads\/2024\/01\/sistiana-2.jpg\" class=\"attachment-large size-large wp-image-7368\" alt=\"\" srcset=\"https:\/\/jasnatuta.com\/wp-content\/uploads\/2024\/01\/sistiana-2.jpg 1025w, https:\/\/jasnatuta.com\/wp-content\/uploads\/2024\/01\/sistiana-2-300x200.jpg 300w, https:\/\/jasnatuta.com\/wp-content\/uploads\/2024\/01\/sistiana-2-768x512.jpg 768w, https:\/\/jasnatuta.com\/wp-content\/uploads\/2024\/01\/sistiana-2-200x133.jpg 200w\" sizes=\"(max-width: 640px) 100vw, 640px\" \/>\t\t\t\t\t\t\t\t\t\t\t<figcaption class=\"widget-image-caption wp-caption-text\">Sesljanski zaliv<\/figcaption>\n\t\t\t\t\t\t\t\t\t\t<\/figure>\n\t\t\t\t\t\t\t\t\t<\/div>\n\t\t\t\t<\/div>\n\t\t\t\t<\/div>\n\t\t\t\t\t<\/div>\n\t\t\t\t<\/div>\n\t\t\t\t<\/div>\n\t\t","protected":false},"excerpt":{"rendered":"<p>Doma sem iz Sesljana pri Trstu. Po izobrazbi sem profesorica razrednega pouka, po du\u0161i pa\u00a0popotnica in jadralka.\u00a0Po \u0161tirih letih pou\u010devanja na slovenskih osnovnih \u0161olah (na Oto\u010dcu in v Izoli)\u00a0sem sklenila, da grem pogledat,\u00a0kaj se skriva za obzorjem. Z nahrbtnikom na ramenih sem prepotovala Tajsko, Malezijo in Avstralijo. V de\u017eeli kengurujev sem sre\u010dala Ricka in skupaj [&hellip;]<\/p>\n","protected":false},"author":1,"featured_media":0,"parent":0,"menu_order":0,"comment_status":"closed","ping_status":"closed","template":"","meta":{"footnotes":""},"class_list":["post-7607","page","type-page","status-publish","hentry"],"aioseo_notices":[],"_links":{"self":[{"href":"https:\/\/jasnatuta.com\/sl\/wp-json\/wp\/v2\/pages\/7607","targetHints":{"allow":["GET"]}}],"collection":[{"href":"https:\/\/jasnatuta.com\/sl\/wp-json\/wp\/v2\/pages"}],"about":[{"href":"https:\/\/jasnatuta.com\/sl\/wp-json\/wp\/v2\/types\/page"}],"author":[{"embeddable":true,"href":"https:\/\/jasnatuta.com\/sl\/wp-json\/wp\/v2\/users\/1"}],"replies":[{"embeddable":true,"href":"https:\/\/jasnatuta.com\/sl\/wp-json\/wp\/v2\/comments?post=7607"}],"version-history":[{"count":7,"href":"https:\/\/jasnatuta.com\/sl\/wp-json\/wp\/v2\/pages\/7607\/revisions"}],"predecessor-version":[{"id":8731,"href":"https:\/\/jasnatuta.com\/sl\/wp-json\/wp\/v2\/pages\/7607\/revisions\/8731"}],"wp:attachment":[{"href":"https:\/\/jasnatuta.com\/sl\/wp-json\/wp\/v2\/media?parent=7607"}],"curies":[{"name":"wp","href":"https:\/\/api.w.org\/{rel}","templated":true}]}}