{"id":9995,"date":"2025-12-15T13:32:28","date_gmt":"2025-12-15T12:32:28","guid":{"rendered":"https:\/\/jasnatuta.com\/izleti-z-jadrnico\/"},"modified":"2026-01-10T11:04:06","modified_gmt":"2026-01-10T10:04:06","slug":"izleti-z-jadrnico","status":"publish","type":"page","link":"https:\/\/jasnatuta.com\/sl\/izleti-z-jadrnico\/","title":{"rendered":"Moja potovanja po morju"},"content":{"rendered":"\n<p>Jadranje zame ni le \u0161port.<br>Je na\u010din, kako raziskujem svet &#8211; po\u010dasi, avtenti\u010dno, v tesnem stiku z naravo krajev, ki jih obi\u0161\u010dem.<\/p>\n\n\n\n<p>Moja potovanja niso obi\u010dajne jadralne po\u010ditnice ali luksuzna kri\u017earjenja.<br>Tisto, kar rada po\u010dnem \u2014 in kar ponujam \u2014 so pristna, do\u017eiveta potovanja, namenjena radovednim in odprtim ljudem, ki i\u0161\u010dejo ve\u010d kot le \u0161e eno eksoti\u010dno destinacijo.<\/p>\n\n\n\n<p>V krajih, kot sta <strong>Francoska Polinezija<\/strong> in <strong>Mehika<\/strong>, bistvo potovanja ni le morje:<br>so ljudje, ki jih sre\u010damo, kulture, ki nas sprejmejo, in na\u010din, kako se premikamo po teh krajih z radovednostjo in poni\u017enostjo.<\/p>\n\n\n\n<p>Skupaj jadramo, opazujemo, odkrivamo.<br>In vselej pustimo morju, da narekuje tempo.<\/p>\n\n\n\n<p>Spo\u0161tovanje je zame bistvena sestavina potovanj. Spo\u0161tovanje do narave, lokalnih skupnosti in sopotnikov.<\/p>\n\n\n\n<p>To so potovanja, namenjena tistim, ki cenijo preprostost, prilagodljivost in resni\u010dno povezanost:<br>z naravo, ljudmi in samimi seboj.<\/p>\n\n\n\n<hr class=\"wp-block-separator has-alpha-channel-opacity\"\/>\n\n\n\n<div class=\"wp-block-buttons is-layout-flex wp-block-buttons-is-layout-flex\"><\/div>\n\n\n\n<div class=\"wp-block-cover has-text-color has-link-color wp-elements-64fc71ad1be190e23c02ba972f2ed69d\" style=\"color:#fffefe\"><img fetchpriority=\"high\" decoding=\"async\" width=\"700\" height=\"933\" class=\"wp-block-cover__image-background wp-image-9878 size-full\" alt=\"\" src=\"https:\/\/jasnatuta.com\/wp-content\/uploads\/2025\/11\/zmanj-6.jpg\" style=\"object-position:59% 48%\" data-object-fit=\"cover\" data-object-position=\"59% 48%\" srcset=\"https:\/\/jasnatuta.com\/wp-content\/uploads\/2025\/11\/zmanj-6.jpg 700w, https:\/\/jasnatuta.com\/wp-content\/uploads\/2025\/11\/zmanj-6-225x300.jpg 225w, https:\/\/jasnatuta.com\/wp-content\/uploads\/2025\/11\/zmanj-6-200x267.jpg 200w, https:\/\/jasnatuta.com\/wp-content\/uploads\/2025\/11\/zmanj-6-300x400.jpg 300w\" sizes=\"(max-width: 700px) 100vw, 700px\" \/><span aria-hidden=\"true\" class=\"wp-block-cover__background has-title-background-color has-background-dim\"><\/span><div class=\"wp-block-cover__inner-container is-layout-constrained wp-block-cover-is-layout-constrained\">\n<h2 class=\"wp-block-heading has-text-align-center\" style=\"font-size:50px\"><a href=\"https:\/\/jasnatuta.com\/sl\/mehika-2026\/\" title=\"\">Mehika &#8211; Kortezovo morje<\/a><\/h2>\n\n\n\n<p><\/p>\n\n\n\n<div class=\"wp-block-buttons alignwide is-content-justification-center is-layout-flex wp-container-core-buttons-is-layout-16018d1d wp-block-buttons-is-layout-flex\" style=\"font-style:normal;font-weight:700\">\n<div class=\"wp-block-button has-custom-width wp-block-button__width-50 is-style-outline is-style-outline--1\"><a class=\"wp-block-button__link has-text-align-center wp-element-button\" href=\"https:\/\/jasnatuta.com\/sl\/mehika-2026\/\">ODKRIJTE MEHIKO<\/a><\/div>\n<\/div>\n\n\n\n<p><\/p>\n\n\n\n<p><\/p>\n<\/div><\/div>\n\n\n\n<p class=\"has-text-align-center\"><em>Jadranje med nenaseljenimi otoki, mavri\u010dne ribice, morski levi, ribi\u0161ke vasice \u2026 in seveda tortilje in ledena cerveza ob son\u010dnem zahodu<\/em><\/p>\n\n\n\n<hr class=\"wp-block-separator has-alpha-channel-opacity\"\/>\n\n\n\n<div class=\"wp-block-cover is-light has-text-color has-link-color wp-elements-fa1fbb1ab5b9c82cfdb5d80f4de52dde\" style=\"color:#fffefe\"><img decoding=\"async\" width=\"1920\" height=\"1080\" class=\"wp-block-cover__image-background wp-image-9976 size-full\" alt=\"\" src=\"https:\/\/jasnatuta.com\/wp-content\/uploads\/2025\/12\/vlcsnap-2025-12-15-15h42m11s551.png\" data-object-fit=\"cover\" srcset=\"https:\/\/jasnatuta.com\/wp-content\/uploads\/2025\/12\/vlcsnap-2025-12-15-15h42m11s551.png 1920w, https:\/\/jasnatuta.com\/wp-content\/uploads\/2025\/12\/vlcsnap-2025-12-15-15h42m11s551-300x169.png 300w, https:\/\/jasnatuta.com\/wp-content\/uploads\/2025\/12\/vlcsnap-2025-12-15-15h42m11s551-1024x576.png 1024w, https:\/\/jasnatuta.com\/wp-content\/uploads\/2025\/12\/vlcsnap-2025-12-15-15h42m11s551-768x432.png 768w, https:\/\/jasnatuta.com\/wp-content\/uploads\/2025\/12\/vlcsnap-2025-12-15-15h42m11s551-1536x864.png 1536w, https:\/\/jasnatuta.com\/wp-content\/uploads\/2025\/12\/vlcsnap-2025-12-15-15h42m11s551-200x113.png 200w\" sizes=\"(max-width: 1920px) 100vw, 1920px\" \/><span aria-hidden=\"true\" class=\"wp-block-cover__background has-title-background-color has-background-dim-30 has-background-dim\"><\/span><div class=\"wp-block-cover__inner-container is-layout-constrained wp-block-cover-is-layout-constrained\">\n<p><\/p>\n\n\n\n<h2 class=\"wp-block-heading has-text-align-center\" style=\"font-size:50px\"><a href=\"https:\/\/jasnatuta.com\/sl\/podrobnosti-potovanja-v-polinezijo-z-jasno\/\" title=\"\">Francoska Polinezija<\/a><\/h2>\n\n\n\n<p><\/p>\n\n\n\n<p><\/p>\n\n\n\n<div class=\"wp-block-buttons alignwide has-custom-font-size is-content-justification-center is-layout-flex wp-container-core-buttons-is-layout-16018d1d wp-block-buttons-is-layout-flex\" style=\"font-size:20px;font-style:normal;font-weight:700\">\n<div class=\"wp-block-button has-custom-width wp-block-button__width-50 is-style-outline is-style-outline--2\"><a class=\"wp-block-button__link has-text-align-center wp-element-button\" href=\"https:\/\/jasnatuta.com\/sl\/podrobnosti-potovanja-v-polinezijo-z-jasno\/\">ODKRIJTE FRANCOSKO POLINEZIJO<\/a><\/div>\n<\/div>\n<\/div><\/div>\n\n\n\n<p class=\"has-text-align-center\"><em>Jadranje med turkiznimi lagunami, koralnimi vrtovi in polinezijsko kulturo\u2026 kjer \u010das te\u010de po\u010dasi.<\/em><\/p>\n\n\n\n<hr class=\"wp-block-separator has-alpha-channel-opacity\"\/>\n\n\n\n<div class=\"wp-block-cover has-text-color has-link-color wp-elements-9c85e33f3464bf333c2a192e2408c12a\" style=\"color:#fffefe\"><img decoding=\"async\" width=\"2560\" height=\"1440\" class=\"wp-block-cover__image-background wp-image-9963 size-full\" alt=\"\" src=\"https:\/\/jasnatuta.com\/wp-content\/uploads\/2025\/12\/IMG_6439-scaled.jpg\" data-object-fit=\"cover\" srcset=\"https:\/\/jasnatuta.com\/wp-content\/uploads\/2025\/12\/IMG_6439-scaled.jpg 2560w, https:\/\/jasnatuta.com\/wp-content\/uploads\/2025\/12\/IMG_6439-300x169.jpg 300w, https:\/\/jasnatuta.com\/wp-content\/uploads\/2025\/12\/IMG_6439-1024x576.jpg 1024w, https:\/\/jasnatuta.com\/wp-content\/uploads\/2025\/12\/IMG_6439-768x432.jpg 768w, https:\/\/jasnatuta.com\/wp-content\/uploads\/2025\/12\/IMG_6439-1536x864.jpg 1536w, https:\/\/jasnatuta.com\/wp-content\/uploads\/2025\/12\/IMG_6439-2048x1152.jpg 2048w, https:\/\/jasnatuta.com\/wp-content\/uploads\/2025\/12\/IMG_6439-200x113.jpg 200w\" sizes=\"(max-width: 2560px) 100vw, 2560px\" \/><span aria-hidden=\"true\" class=\"wp-block-cover__background has-title-background-color has-background-dim-40 has-background-dim\"><\/span><div class=\"wp-block-cover__inner-container is-layout-constrained wp-block-cover-is-layout-constrained\">\n<p><\/p>\n\n\n\n<h2 class=\"wp-block-heading has-text-align-center\" style=\"font-size:50px\"><a href=\"https:\/\/jasnatuta.com\/sl\/jadralni_retreat\/\" title=\"\">Sailing retreat<\/a><\/h2>\n\n\n\n<p><\/p>\n\n\n\n<p><\/p>\n\n\n\n<p class=\"has-text-align-center has-large-font-size\"><\/p>\n\n\n\n<p><\/p>\n\n\n\n<div class=\"wp-block-buttons alignwide is-content-justification-center is-layout-flex wp-container-core-buttons-is-layout-16018d1d wp-block-buttons-is-layout-flex\">\n<div class=\"wp-block-button has-custom-width wp-block-button__width-50 is-style-outline is-style-outline--3\"><a class=\"wp-block-button__link has-text-align-center wp-element-button\" href=\"https:\/\/jasnatuta.com\/sl\/jadralni_retreat\/\">ODKRIJTE RETREAT<\/a><\/div>\n<\/div>\n<\/div><\/div>\n\n\n\n<p class=\"has-text-align-center\"><em>Jadranje, joga in \u010duje\u010dnost \u2026 \u010das za umiritev, dih in ritem, ki ga narekuje morje.<\/em><\/p>\n\n\n\n<hr class=\"wp-block-separator has-alpha-channel-opacity\"\/>\n\n\n\n<h2 class=\"wp-block-heading\">MOJA POTOVANJA SO ZA VAS, \u010cE&#8230;<\/h2>\n\n\n\n<ul class=\"wp-block-list\">\n<li>Ste radovedni, odprti in se zlahka prilagajate.<\/li>\n<\/ul>\n\n\n\n<ul class=\"wp-block-list\">\n<li>Cenite ljudi, kulture in pristna sre\u010danja.<\/li>\n<\/ul>\n\n\n\n<ul class=\"wp-block-list\">\n<li>Radi ste del posadke in ne le potniki.<\/li>\n<\/ul>\n\n\n\n<ul class=\"wp-block-list\">\n<li>Vas zanimajo lokalnih skupnosti in tradicije<\/li>\n<\/ul>\n\n\n\n<ul class=\"wp-block-list\">\n<li>Se po\u010dutite udobno bosi in s slanimi lasmi.<\/li>\n<\/ul>\n\n\n\n<ul class=\"wp-block-list\">\n<li>Se znate stu\u0161irati v desetih sekundah \ud83d\ude42<\/li>\n<\/ul>\n\n\n\n<hr class=\"wp-block-separator has-alpha-channel-opacity\"\/>\n\n\n\n<h2 class=\"wp-block-heading\">\ud83d\udeab TO NI ZA VAS, \u010cE&#8230;<\/h2>\n\n\n\n<ul class=\"wp-block-list\">\n<li>I\u0161\u010dete luksuzne storitve<\/li>\n<\/ul>\n\n\n\n<ul class=\"wp-block-list\">\n<li>Potrebujete natan\u010dno definirane programe<\/li>\n<\/ul>\n\n\n\n<ul class=\"wp-block-list\">\n<li>Ne zanima vas, kako \u017eivijo in razmi\u0161ljajo lokalni prebivalci.<\/li>\n<\/ul>\n\n\n\n<ul class=\"wp-block-list\">\n<li>Imate te\u017eave s prilagodljivostjo ali skupnimi prostori.<\/li>\n<\/ul>\n\n\n\n<ul class=\"wp-block-list\">\n<li>Ne morete brez dolgega tu\u0161iranja, klime in neomejene elektrike.<br><\/li>\n<\/ul>\n\n\n\n<p><\/p>\n\n\n\n<p><strong>POZOR:<\/strong><\/p>\n\n\n\n<blockquote class=\"wp-block-quote is-layout-flow wp-block-quote-is-layout-flow\">\n<p>Morda ste opazili, da moja potovanja niso podrobno opisana.<\/p>\n\n\n\n<p><br>To ni naklju\u010dje: z leti sem se nau\u010dila, da nam morje pogosto prinese najlep\u0161a presene\u010denja, kadar mu pustimo dovolj prostora.<\/p>\n<\/blockquote>\n\n\n\n<p><\/p>\n","protected":false},"excerpt":{"rendered":"<p>Jadranje zame ni le \u0161port.Je na\u010din, kako raziskujem svet &#8211; po\u010dasi, avtenti\u010dno, v tesnem stiku z naravo krajev, ki jih obi\u0161\u010dem. Moja potovanja niso obi\u010dajne jadralne po\u010ditnice ali luksuzna kri\u017earjenja.Tisto, kar rada po\u010dnem \u2014 in kar ponujam \u2014 so pristna, do\u017eiveta potovanja, namenjena radovednim in odprtim ljudem, ki i\u0161\u010dejo ve\u010d kot le \u0161e eno eksoti\u010dno [&hellip;]<\/p>\n","protected":false},"author":2,"featured_media":0,"parent":0,"menu_order":0,"comment_status":"closed","ping_status":"closed","template":"","meta":{"footnotes":""},"class_list":["post-9995","page","type-page","status-publish","hentry"],"aioseo_notices":[],"_links":{"self":[{"href":"https:\/\/jasnatuta.com\/sl\/wp-json\/wp\/v2\/pages\/9995","targetHints":{"allow":["GET"]}}],"collection":[{"href":"https:\/\/jasnatuta.com\/sl\/wp-json\/wp\/v2\/pages"}],"about":[{"href":"https:\/\/jasnatuta.com\/sl\/wp-json\/wp\/v2\/types\/page"}],"author":[{"embeddable":true,"href":"https:\/\/jasnatuta.com\/sl\/wp-json\/wp\/v2\/users\/2"}],"replies":[{"embeddable":true,"href":"https:\/\/jasnatuta.com\/sl\/wp-json\/wp\/v2\/comments?post=9995"}],"version-history":[{"count":8,"href":"https:\/\/jasnatuta.com\/sl\/wp-json\/wp\/v2\/pages\/9995\/revisions"}],"predecessor-version":[{"id":10475,"href":"https:\/\/jasnatuta.com\/sl\/wp-json\/wp\/v2\/pages\/9995\/revisions\/10475"}],"wp:attachment":[{"href":"https:\/\/jasnatuta.com\/sl\/wp-json\/wp\/v2\/media?parent=9995"}],"curies":[{"name":"wp","href":"https:\/\/api.w.org\/{rel}","templated":true}]}}