{"id":8057,"date":"2024-02-23T17:52:40","date_gmt":"2024-02-23T16:52:40","guid":{"rendered":"https:\/\/jasnatuta.com\/prodotto\/moj-svet-sredi-oceana\/"},"modified":"2026-01-22T08:19:27","modified_gmt":"2026-01-22T07:19:27","slug":"moj-svet-sredi-oceana","status":"publish","type":"product","link":"https:\/\/jasnatuta.com\/sl\/prodotto\/moj-svet-sredi-oceana\/","title":{"rendered":"Moj svet sredi oceana"},"content":{"rendered":"","protected":false},"excerpt":{"rendered":"<blockquote class=\"wp-block-quote\"><p><span style=\"font-weight: 400;\">Moj knji\u017eni prvenec ima obliko dnevnika, skozi katerega delim svoje do\u017eivljanje 3000 milj dolge plovbe \u010dez Tihi ocean, od Mehike do Polinezije. Knjiga je namenjena tako jadralcem kot tistim, ki \u0161e nikoli niso stopili na jadrnico. To namre\u010d<\/span><b>\u00a0<\/b><span style=\"font-weight: 400;\">ni samo knjiga o jadranju, njeno bistvo so izzivi, te\u017eave, odlo\u010ditve in strahovi, s katerimi se sre\u010dujemo\u00a0\u010disto vsi. <\/span><\/p><\/blockquote>\n<blockquote class=\"wp-block-quote\"><p>&nbsp;<\/p><\/blockquote>\n","protected":false},"featured_media":7503,"template":"","meta":[],"product_brand":[],"product_cat":[109],"product_tag":[110],"class_list":{"0":"post-8057","1":"product","2":"type-product","3":"status-publish","4":"has-post-thumbnail","6":"product_cat-knjige","7":"product_tag-slovenski","9":"first","10":"instock","11":"shipping-taxable","12":"purchasable","13":"product-type-simple"},"aioseo_notices":[],"_links":{"self":[{"href":"https:\/\/jasnatuta.com\/sl\/wp-json\/wp\/v2\/product\/8057","targetHints":{"allow":["GET"]}}],"collection":[{"href":"https:\/\/jasnatuta.com\/sl\/wp-json\/wp\/v2\/product"}],"about":[{"href":"https:\/\/jasnatuta.com\/sl\/wp-json\/wp\/v2\/types\/product"}],"wp:featuredmedia":[{"embeddable":true,"href":"https:\/\/jasnatuta.com\/sl\/wp-json\/wp\/v2\/media\/7503"}],"wp:attachment":[{"href":"https:\/\/jasnatuta.com\/sl\/wp-json\/wp\/v2\/media?parent=8057"}],"wp:term":[{"taxonomy":"product_brand","embeddable":true,"href":"https:\/\/jasnatuta.com\/sl\/wp-json\/wp\/v2\/product_brand?post=8057"},{"taxonomy":"product_cat","embeddable":true,"href":"https:\/\/jasnatuta.com\/sl\/wp-json\/wp\/v2\/product_cat?post=8057"},{"taxonomy":"product_tag","embeddable":true,"href":"https:\/\/jasnatuta.com\/sl\/wp-json\/wp\/v2\/product_tag?post=8057"}],"curies":[{"name":"wp","href":"https:\/\/api.w.org\/{rel}","templated":true}]}}